{"id":2479,"date":"2014-12-01T10:06:52","date_gmt":"2014-12-01T10:06:52","guid":{"rendered":"http:\/\/www.mein-tagwerk.de\/tagwerk\/?page_id=2479"},"modified":"2014-12-01T10:06:52","modified_gmt":"2014-12-01T10:06:52","slug":"grundsaetze","status":"publish","type":"page","link":"https:\/\/www.mein-tagwerk.de\/tagwerk\/ueber-uns\/grundsaetze\/","title":{"rendered":"Grunds\u00e4tze"},"content":{"rendered":"<h4>VON FREELANCERN F\u00dcR FREELANCER<\/h4>\n<h5>tagwerk ist ein Dienst von Freelancern f\u00fcr Freelancer. Bei jeder Entwicklung, bei jeder Entscheidung haben wir uns gefragt: K\u00f6nnte ich das gebrauchen? W\u00fcrde ich das nutzen? W\u00fcrde ich dem Portal vertrauen? Dabei haben wir nicht nur uns gefragt, sondern haben Kollegen, Freunde und Bekannte um Hilfe gebeten \u2013 keiner war und keiner ist sicher. Denn unser Ziel ist, st\u00e4ndig besser zu werden. Und wir k\u00f6nnen nur besser werden, wenn wir unseren Kunden zuh\u00f6ren und zuschauen. Wenn wir verstehen, wie sie arbeiten, wie sie denken, was sie brauchen.<\/h5>\n<h4><\/h4>\n<h4>WENIGER IST MEHR<\/h4>\n<h5>Wir hatten viele tolle Ideen und Ans\u00e4tze \u2013 fanden wir. Aber alles, was in den Tests nicht funktioniert hat, wurde gestrichen. Leicht war das nicht immer. Es waren unsere Ideen, unser Herzblut und unsere Zeit. Aber umgesetzt wurde nur das, was einfach und direkt zu gebrauchen war, denn immer ist weniger mehr.<\/h5>\n<h4><\/h4>\n<h4>VERTRAUEN DURCH OFFENHEIT UND KONTROLLE<\/h4>\n<h5>Vertrauen ist f\u00fcr uns ein zentrales Thema. Warum sollten Sie uns als Kunde vertrauen? Nicht, weil wir nett sind. Nicht, weil man uns schon vertrauen kann. Vertrauen bedarf Offenheit und Kontrolle. Wir stellen Transparenz bez\u00fcglich der Daten und dem Betrieb der Server her.<\/h5>\n<h4><\/h4>\n<h4>WIR HANDELN AUS \u00dcBERZEUGUNG<\/h4>\n<h5>Wir machen nur Dinge, von denen wir \u00fcberzeugt sind und zu denen wir stehen. Freelancer zu sein ist stets eine besondere Herausforderung. Deshalb orientiert sich tagwerk nur an den Interessen seiner Kunden, um Ihnen das Arbeitsleben leichter und angenehmer zu machen.<\/h5>\n<p>&nbsp;<\/p>\n<p>&nbsp;<\/p>\n<h6><span class=\"block-wrap\"><a class=\"blogmore\" href=\"\/tagwerk\/campus\/anmelden\/\">Jetzt starten<\/a><\/span><\/h6>\n","protected":false},"excerpt":{"rendered":"<p>VON FREELANCERN F\u00dcR FREELANCER tagwerk ist ein Dienst von Freelancern f\u00fcr Freelancer. Bei jeder Entwicklung, bei jeder Entscheidung haben wir uns gefragt: K\u00f6nnte ich das gebrauchen? W\u00fcrde ich das nutzen? W\u00fcrde ich dem Portal vertrauen? Dabei haben wir nicht nur uns gefragt, sondern haben Kollegen, Freunde und Bekannte um Hilfe gebeten \u2013 keiner war und [&#038;hellip<\/p>\n","protected":false},"author":2,"featured_media":0,"parent":2577,"menu_order":2,"comment_status":"closed","ping_status":"closed","template":"template-fullwidth.php","meta":{"footnotes":""},"yoast_head":"<!-- This site is optimized with the Yoast SEO plugin v20.4 - https:\/\/yoast.com\/wordpress\/plugins\/seo\/ -->\n<title>Grunds\u00e4tze | meintagwerk<\/title>\n<meta name=\"robots\" content=\"index, follow, max-snippet:-1, max-image-preview:large, max-video-preview:-1\" \/>\n<link rel=\"canonical\" href=\"https:\/\/www.mein-tagwerk.de\/tagwerk\/ueber-uns\/grundsaetze\/\" \/>\n<meta property=\"og:locale\" content=\"de_DE\" \/>\n<meta property=\"og:type\" content=\"article\" \/>\n<meta property=\"og:title\" content=\"Grunds\u00e4tze | meintagwerk\" \/>\n<meta property=\"og:description\" content=\"VON FREELANCERN F\u00dcR FREELANCER tagwerk ist ein Dienst von Freelancern f\u00fcr Freelancer. Bei jeder Entwicklung, bei jeder Entscheidung haben wir uns gefragt: K\u00f6nnte ich das gebrauchen? W\u00fcrde ich das nutzen? W\u00fcrde ich dem Portal vertrauen? Dabei haben wir nicht nur uns gefragt, sondern haben Kollegen, Freunde und Bekannte um Hilfe gebeten \u2013 keiner war und [&amp;hellip\" \/>\n<meta property=\"og:url\" content=\"https:\/\/www.mein-tagwerk.de\/tagwerk\/ueber-uns\/grundsaetze\/\" \/>\n<meta property=\"og:site_name\" content=\"meintagwerk\" \/>\n<meta name=\"twitter:card\" content=\"summary_large_image\" \/>\n<meta name=\"twitter:label1\" content=\"Gesch\u00e4tzte Lesezeit\" \/>\n\t<meta name=\"twitter:data1\" content=\"1\u00a0Minute\" \/>\n<script type=\"application\/ld+json\" class=\"yoast-schema-graph\">{\"@context\":\"https:\/\/schema.org\",\"@graph\":[{\"@type\":\"WebPage\",\"@id\":\"https:\/\/www.mein-tagwerk.de\/tagwerk\/ueber-uns\/grundsaetze\/\",\"url\":\"https:\/\/www.mein-tagwerk.de\/tagwerk\/ueber-uns\/grundsaetze\/\",\"name\":\"Grunds\u00e4tze | meintagwerk\",\"isPartOf\":{\"@id\":\"https:\/\/www.mein-tagwerk.de\/tagwerk\/#website\"},\"datePublished\":\"2014-12-01T10:06:52+00:00\",\"dateModified\":\"2014-12-01T10:06:52+00:00\",\"breadcrumb\":{\"@id\":\"https:\/\/www.mein-tagwerk.de\/tagwerk\/ueber-uns\/grundsaetze\/#breadcrumb\"},\"inLanguage\":\"de\",\"potentialAction\":[{\"@type\":\"ReadAction\",\"target\":[\"https:\/\/www.mein-tagwerk.de\/tagwerk\/ueber-uns\/grundsaetze\/\"]}]},{\"@type\":\"BreadcrumbList\",\"@id\":\"https:\/\/www.mein-tagwerk.de\/tagwerk\/ueber-uns\/grundsaetze\/#breadcrumb\",\"itemListElement\":[{\"@type\":\"ListItem\",\"position\":1,\"name\":\"Home\",\"item\":\"https:\/\/www.mein-tagwerk.de\/tagwerk\/\"},{\"@type\":\"ListItem\",\"position\":2,\"name\":\"\u00dcber uns\",\"item\":\"https:\/\/www.mein-tagwerk.de\/tagwerk\/ueber-uns\/\"},{\"@type\":\"ListItem\",\"position\":3,\"name\":\"Grunds\u00e4tze\"}]},{\"@type\":\"WebSite\",\"@id\":\"https:\/\/www.mein-tagwerk.de\/tagwerk\/#website\",\"url\":\"https:\/\/www.mein-tagwerk.de\/tagwerk\/\",\"name\":\"meintagwerk\",\"description\":\"Online Buchhaltung f\u00fcr Freiberufler, Freelancer und Selbst\u00e4ndige\",\"publisher\":{\"@id\":\"https:\/\/www.mein-tagwerk.de\/tagwerk\/#organization\"},\"potentialAction\":[{\"@type\":\"SearchAction\",\"target\":{\"@type\":\"EntryPoint\",\"urlTemplate\":\"https:\/\/www.mein-tagwerk.de\/tagwerk\/?s={search_term_string}\"},\"query-input\":\"required name=search_term_string\"}],\"inLanguage\":\"de\"},{\"@type\":\"Organization\",\"@id\":\"https:\/\/www.mein-tagwerk.de\/tagwerk\/#organization\",\"name\":\"tagwerk\",\"url\":\"https:\/\/www.mein-tagwerk.de\/tagwerk\/\",\"logo\":{\"@type\":\"ImageObject\",\"inLanguage\":\"de\",\"@id\":\"https:\/\/www.mein-tagwerk.de\/tagwerk\/#\/schema\/logo\/image\/\",\"url\":\"https:\/\/www.mein-tagwerk.de\/tagwerk\/wp-content\/uploads\/2013\/08\/130611_logo-tagwerk-corporate.png\",\"contentUrl\":\"https:\/\/www.mein-tagwerk.de\/tagwerk\/wp-content\/uploads\/2013\/08\/130611_logo-tagwerk-corporate.png\",\"width\":328,\"height\":140,\"caption\":\"tagwerk\"},\"image\":{\"@id\":\"https:\/\/www.mein-tagwerk.de\/tagwerk\/#\/schema\/logo\/image\/\"}}]}<\/script>\n<!-- \/ Yoast SEO plugin. -->","yoast_head_json":{"title":"Grunds\u00e4tze | meintagwerk","robots":{"index":"index","follow":"follow","max-snippet":"max-snippet:-1","max-image-preview":"max-image-preview:large","max-video-preview":"max-video-preview:-1"},"canonical":"https:\/\/www.mein-tagwerk.de\/tagwerk\/ueber-uns\/grundsaetze\/","og_locale":"de_DE","og_type":"article","og_title":"Grunds\u00e4tze | meintagwerk","og_description":"VON FREELANCERN F\u00dcR FREELANCER tagwerk ist ein Dienst von Freelancern f\u00fcr Freelancer. Bei jeder Entwicklung, bei jeder Entscheidung haben wir uns gefragt: K\u00f6nnte ich das gebrauchen? W\u00fcrde ich das nutzen? W\u00fcrde ich dem Portal vertrauen? Dabei haben wir nicht nur uns gefragt, sondern haben Kollegen, Freunde und Bekannte um Hilfe gebeten \u2013 keiner war und [&hellip","og_url":"https:\/\/www.mein-tagwerk.de\/tagwerk\/ueber-uns\/grundsaetze\/","og_site_name":"meintagwerk","twitter_card":"summary_large_image","twitter_misc":{"Gesch\u00e4tzte Lesezeit":"1\u00a0Minute"},"schema":{"@context":"https:\/\/schema.org","@graph":[{"@type":"WebPage","@id":"https:\/\/www.mein-tagwerk.de\/tagwerk\/ueber-uns\/grundsaetze\/","url":"https:\/\/www.mein-tagwerk.de\/tagwerk\/ueber-uns\/grundsaetze\/","name":"Grunds\u00e4tze | meintagwerk","isPartOf":{"@id":"https:\/\/www.mein-tagwerk.de\/tagwerk\/#website"},"datePublished":"2014-12-01T10:06:52+00:00","dateModified":"2014-12-01T10:06:52+00:00","breadcrumb":{"@id":"https:\/\/www.mein-tagwerk.de\/tagwerk\/ueber-uns\/grundsaetze\/#breadcrumb"},"inLanguage":"de","potentialAction":[{"@type":"ReadAction","target":["https:\/\/www.mein-tagwerk.de\/tagwerk\/ueber-uns\/grundsaetze\/"]}]},{"@type":"BreadcrumbList","@id":"https:\/\/www.mein-tagwerk.de\/tagwerk\/ueber-uns\/grundsaetze\/#breadcrumb","itemListElement":[{"@type":"ListItem","position":1,"name":"Home","item":"https:\/\/www.mein-tagwerk.de\/tagwerk\/"},{"@type":"ListItem","position":2,"name":"\u00dcber uns","item":"https:\/\/www.mein-tagwerk.de\/tagwerk\/ueber-uns\/"},{"@type":"ListItem","position":3,"name":"Grunds\u00e4tze"}]},{"@type":"WebSite","@id":"https:\/\/www.mein-tagwerk.de\/tagwerk\/#website","url":"https:\/\/www.mein-tagwerk.de\/tagwerk\/","name":"meintagwerk","description":"Online Buchhaltung f\u00fcr Freiberufler, Freelancer und Selbst\u00e4ndige","publisher":{"@id":"https:\/\/www.mein-tagwerk.de\/tagwerk\/#organization"},"potentialAction":[{"@type":"SearchAction","target":{"@type":"EntryPoint","urlTemplate":"https:\/\/www.mein-tagwerk.de\/tagwerk\/?s={search_term_string}"},"query-input":"required name=search_term_string"}],"inLanguage":"de"},{"@type":"Organization","@id":"https:\/\/www.mein-tagwerk.de\/tagwerk\/#organization","name":"tagwerk","url":"https:\/\/www.mein-tagwerk.de\/tagwerk\/","logo":{"@type":"ImageObject","inLanguage":"de","@id":"https:\/\/www.mein-tagwerk.de\/tagwerk\/#\/schema\/logo\/image\/","url":"https:\/\/www.mein-tagwerk.de\/tagwerk\/wp-content\/uploads\/2013\/08\/130611_logo-tagwerk-corporate.png","contentUrl":"https:\/\/www.mein-tagwerk.de\/tagwerk\/wp-content\/uploads\/2013\/08\/130611_logo-tagwerk-corporate.png","width":328,"height":140,"caption":"tagwerk"},"image":{"@id":"https:\/\/www.mein-tagwerk.de\/tagwerk\/#\/schema\/logo\/image\/"}}]}},"_links":{"self":[{"href":"https:\/\/www.mein-tagwerk.de\/tagwerk\/wp-json\/wp\/v2\/pages\/2479"}],"collection":[{"href":"https:\/\/www.mein-tagwerk.de\/tagwerk\/wp-json\/wp\/v2\/pages"}],"about":[{"href":"https:\/\/www.mein-tagwerk.de\/tagwerk\/wp-json\/wp\/v2\/types\/page"}],"author":[{"embeddable":true,"href":"https:\/\/www.mein-tagwerk.de\/tagwerk\/wp-json\/wp\/v2\/users\/2"}],"replies":[{"embeddable":true,"href":"https:\/\/www.mein-tagwerk.de\/tagwerk\/wp-json\/wp\/v2\/comments?post=2479"}],"version-history":[{"count":0,"href":"https:\/\/www.mein-tagwerk.de\/tagwerk\/wp-json\/wp\/v2\/pages\/2479\/revisions"}],"up":[{"embeddable":true,"href":"https:\/\/www.mein-tagwerk.de\/tagwerk\/wp-json\/wp\/v2\/pages\/2577"}],"wp:attachment":[{"href":"https:\/\/www.mein-tagwerk.de\/tagwerk\/wp-json\/wp\/v2\/media?parent=2479"}],"curies":[{"name":"wp","href":"https:\/\/api.w.org\/{rel}","templated":true}]}}