{"id":2487,"date":"2021-08-01T21:40:36","date_gmt":"2021-08-01T19:40:36","guid":{"rendered":"http:\/\/www.mein-tagwerk.de\/tagwerk\/?page_id=2487"},"modified":"2022-02-20T13:32:27","modified_gmt":"2022-02-20T12:32:27","slug":"preise","status":"publish","type":"page","link":"https:\/\/www.mein-tagwerk.de\/tagwerk\/preise\/","title":{"rendered":"Angebote &#038; Preise"},"content":{"rendered":"<h1>Unsere Angebote \u2013 Online Buchhaltung f\u00fcr Freiberufler, Freiberuflerinnen und Selbstst\u00e4ndige<\/h1>\n<h3><strong>Genial einfache Buchhaltung. F\u00fcr 25 Cent am Tag.<\/strong><\/h3>\n<p>F\u00fcr nur 7,50 Euro im Monat \u00fcbernehmen wir Deine Buchhaltung und erm\u00f6glichen Dir dazu ganz viel Zeit f\u00fcr die wichtigen Dinge im Leben. F\u00fcr nicht einmal 25 Cent am Tag ist Dein Steuer-, Finanz- und Buchhaltungs-Stress vom Tisch. Klingt gut? Ist gut! Stelle uns gern auf die Probe. Und teste uns ersteinmal f\u00fcr lau &#8211; mit dem kostenfreien meintagwerk Einsteiger-Paket f\u00fcr Freelancer, Kleinunternehmen und Selbstst\u00e4ndige.<\/p>\n<p>&nbsp;<\/p>\n<div class=\"pricing-wrap\">\r\n\t<ul class=\"pricing_main\">\r\n    \r\n\t\t                        \r\n            <li class=\"pricing pricing_four normal\">\r\n                \r\n                <h2>EINSTIEG<\/h2>  \r\n                \r\n                <div class=\"plan-head\">\r\n                \r\n            \t\t<div class=\"plan-price\">0 \u20ac<\/div>\r\n                    \r\n            \t\t<div class=\"plan-terms\">Monatlich<\/div>\r\n                \r\n                <\/div>\r\n                       \r\n                <ul>\n<li style=\"text-align: left;\"><span style=\"color: #999999;\">\u2022 Alle Funktionen testen<\/span><\/li>\n<li style=\"text-align: left;\"><span style=\"color: #999999;\">+ 3 Rechnungen frei<br \/>\n<\/span><\/li>\n<li style=\"text-align: left;\"><span style=\"color: #999999;\">+ 3 Angebote frei<\/span><\/li>\n<li style=\"text-align: left;\"><span style=\"color: #999999;\">+ 1 E\u00dcR frei<\/span><\/li>\n<li style=\"text-align: left;\"><span style=\"color: #999999;\">+ 1 Teammitglied frei<\/span><\/li>\n<li style=\"text-align: left;\"><span style=\"color: #ffffff;\">\u2026 \u2026 \u2026\u00a0 \u2026 \u2026\u00a0 \u2026\u2026\u2026\u2026\u2026\u2026 \u2026\u2026 \u2026 \u2026\u2026 \u2026 \u2026\u00a0 \u2026 \u2026\u00a0 \u2026\u2026\u2026\u2026\u2026\u2026 \u2026\u2026 \u2026 \u2026\u2026 \u2026 \u2026\u00a0 \u2026 \u2026\u00a0 \u2026\u2026\u2026\u2026\u2026\u2026 \u2026\u2026 \u2026 \u2026\u2026 \u2026 \u2026\u00a0 \u2026 \u2026\u00a0 \u2026\u2026\u2026\u2026\u2026\u2026 \u2026\u2026 \u2026 \u2026\u2026 \u2026 \u2026\u00a0 \u2026 \u2026\u00a0 \u2026\u2026\u2026\u2026\u2026\u2026 \u2026\u2026 \u2026 \u2026\u2026 \u2026 \u2026\u00a0 \u2026 \u2026\u00a0 \u2026\u2026\u2026\u2026\u2026\u2026 \u2026\u2026 \u2026 \u2026<\/span><span style=\"color: #999999;\"><span style=\"color: #ffffff;\">\u2026 \u2026 \u2026\u00a0 \u2026 \u2026\u00a0 \u2026\u2026\u2026\u2026<\/span><br \/>\n<\/span><\/li>\n<\/ul>\n                \r\n                <div class=\"plan-bottom\">\r\n                \r\n                \t<a class=\"rad\" href=\"https:\/\/www.mein-tagwerk.de\/tagwerk\/campus\/anmelden\/\">> Hier starten!<\/a>\r\n                \r\n                <\/div>\r\n                \r\n            <\/li>\r\n        \r\n                        \r\n            <li class=\"pricing pricing_four main\">\r\n                \r\n                <h2>PROFI (Bestseller)<\/h2>  \r\n                \r\n                <div class=\"plan-head\">\r\n                \r\n            \t\t<div class=\"plan-price\">ab 7,5 \u20ac <\/div>\r\n                    \r\n            \t\t<div class=\"plan-terms\">Monatlich| zzgl. MwSt.<\/div>\r\n                \r\n                <\/div>\r\n                       \r\n                <ul>\n<li style=\"text-align: left;\"><span style=\"color: #333333;\">\u2022 Stundensatz berechnen<\/span><\/li>\n<li style=\"text-align: left;\"><span style=\"color: #333333;\">\u2022 Projekte und Kunden verwalten<\/span><\/li>\n<li style=\"text-align: left;\"><span style=\"color: #333333;\">\u2022 Zeiten-, Reise-, Kosten erfassen<\/span><\/li>\n<li style=\"text-align: left;\"><span style=\"color: #333333;\">\u2022 Ergebnisprognose<\/span><\/li>\n<li style=\"text-align: left;\"><span style=\"color: #333333;\"><span style=\"color: #ffffff;\">\u2026 \u2026 \u2026 \u2026 \u2026 \u2026 \u2026<\/span> <\/span><\/li>\n<li style=\"text-align: left;\"><span style=\"color: #333333;\">++ Angebote kalkulieren und schreiben<\/span><\/li>\n<li style=\"text-align: left;\"><span style=\"color: #333333;\">++ Individuelle Rechnungen stellen<\/span><\/li>\n<li style=\"text-align: left;\"><span style=\"color: #333333;\"><span style=\"color: #ffffff;\">\u2026 \u2026 \u2026 \u2026 \u2026 \u2026 \u2026 \u2026 \u2026 \u2026 \u2026 \u2026 \u2026 \u2026 \u2026 \u2026 \u2026 \u2026 \u2026 \u2026 \u2026 \u2026 \u2026 \u2026 \u2026 \u2026 \u2026 \u2026 \u2026 \u2026 \u2026<\/span><br \/>\n<\/span><\/li>\n<\/ul>\n                \r\n                <div class=\"plan-bottom\">\r\n                \r\n                \t<a class=\"rad\" href=\"https:\/\/www.mein-tagwerk.de\/tagwerk\/campus\/anmelden\/\">> W\u00e4hlen<\/a>\r\n                \r\n                <\/div>\r\n                \r\n            <\/li>\r\n        \r\n                        \r\n            <li class=\"pricing pricing_four normal\">\r\n                \r\n                <h2>STEUER<\/h2>  \r\n                \r\n                <div class=\"plan-head\">\r\n                \r\n            \t\t<div class=\"plan-price\">ab 7,5 \u20ac<\/div>\r\n                    \r\n            \t\t<div class=\"plan-terms\">Monatlich| zzgl. MwSt.<\/div>\r\n                \r\n                <\/div>\r\n                       \r\n                <ul>\n<li style=\"text-align: left;\"><span style=\"color: #999999;\">\u2022 Stundensatz berechnen<\/span><\/li>\n<li style=\"text-align: left;\"><span style=\"color: #999999;\">\u2022 Projekte und Kunden verwalten<\/span><\/li>\n<li style=\"text-align: left;\"><span style=\"color: #999999;\">\u2022 Zeiten-, Reise-, Kosten erfassen<\/span><\/li>\n<li style=\"text-align: left;\"><span style=\"color: #999999;\">\u2022 Ergebnisprognose<\/span><\/li>\n<li style=\"text-align: left;\"><span style=\"color: #333333;\"><span style=\"color: #ffffff;\">\u2026 \u2026 \u2026 \u2026 \u2026 \u2026 \u2026 <\/span><\/span><\/li>\n<li style=\"text-align: left;\"><span style=\"color: #999999;\">++ Elektr. USt- Voranmeldung (ELSTER)<\/span><\/li>\n<li style=\"text-align: left;\"><span style=\"color: #999999;\">++ Einnahmen-\u00dcberschuss-Rechnung (E\u00dcR)<\/span><\/li>\n<li style=\"text-align: left;\"><span style=\"color: #999999;\">++ Online-Export zum Steuerberater (DATEV, Addison)<br \/>\n<\/span><\/li>\n<\/ul>\n                \r\n                <div class=\"plan-bottom\">\r\n                \r\n                \t<a class=\"rad\" href=\"https:\/\/www.mein-tagwerk.de\/tagwerk\/campus\/anmelden\/\">> W\u00e4hlen<\/a>\r\n                \r\n                <\/div>\r\n                \r\n            <\/li>\r\n        \r\n                        \r\n            <li class=\"pricing pricing_four normal\">\r\n                \r\n                <h2>TEAM<\/h2>  \r\n                \r\n                <div class=\"plan-head\">\r\n                \r\n            \t\t<div class=\"plan-price\">ab 7,5 \u20ac<\/div>\r\n                    \r\n            \t\t<div class=\"plan-terms\">Monatlich| zzgl. MwSt.<\/div>\r\n                \r\n                <\/div>\r\n                       \r\n                <ul>\n<li style=\"text-align: left;\"><span style=\"color: #999999;\">\u2022 Stundensatz berechnen<\/span><\/li>\n<li style=\"text-align: left;\"><span style=\"color: #999999;\">\u2022 Projekte und Kunden verwalten<\/span><\/li>\n<li style=\"text-align: left;\"><span style=\"color: #999999;\">\u2022 Zeiten-, Reise-, Kosten erfassen<\/span><\/li>\n<li style=\"text-align: left;\"><span style=\"color: #999999;\">\u2022 Ergebnisprognose<\/span><\/li>\n<li style=\"text-align: left;\"><span style=\"color: #333333;\"><span style=\"color: #ffffff;\">\u2026 \u2026 \u2026 \u2026 \u2026 \u2026 \u2026 <\/span><\/span><\/li>\n<li style=\"text-align: left;\"><span style=\"color: #999999;\">++ Partner anlegen und Mitarbeiter-Zug\u00e4nge einrichten<\/span><\/li>\n<li style=\"text-align: left;\"><span style=\"color: #999999;\">++ Freelancer projektbezogen beauftragen<\/span><\/li>\n<li style=\"text-align: left;\"><span style=\"color: #999999;\">++ Transparente Aufwandserfassung<br \/>\n<\/span><\/li>\n<\/ul>\n                \r\n                <div class=\"plan-bottom\">\r\n                \r\n                \t<a class=\"rad\" href=\"https:\/\/www.mein-tagwerk.de\/tagwerk\/campus\/anmelden\/\">> W\u00e4hlen<\/a>\r\n                \r\n                <\/div>\r\n                \r\n            <\/li>\r\n        \r\n            \r\n    <\/ul>\r\n<\/div> \r\n<div style=\"clear: both;\"><\/div>\t\n<p>&nbsp;<\/p>\n<h2><div class=\"tmnf-sc-quote boxed fullsize\"><p><img loading=\"lazy\" decoding=\"async\" class=\"wp-image-3655 alignright\" src=\"http:\/\/91.250.96.11\/tagwerk\/wp-content\/uploads\/2016\/06\/Gordon-Mu\u0308ller-Eschenbach-150x150.png\" alt=\"Gordon-Mu\u0308ller-Eschenbach\" width=\"150\" height=\"150\" srcset=\"https:\/\/www.mein-tagwerk.de\/tagwerk\/wp-content\/uploads\/2016\/06\/Gordon-Mu\u0308ller-Eschenbach-150x150.png 150w, https:\/\/www.mein-tagwerk.de\/tagwerk\/wp-content\/uploads\/2016\/06\/Gordon-Mu\u0308ller-Eschenbach.png 283w\" sizes=\"(max-width: 150px) 100vw, 150px\" \/>L\u00e4stige Aufgaben erheblich reduzieren. <span style=\"color: #999999;\">Gordon M\u00fcller Eschenbach \u2013 Life Coach<br \/>\n<\/span><\/h2>\n<h2><\/p><\/div><\/h2>\n<p>&nbsp;<\/p>\n<p>&nbsp;<\/p>\n<p>&nbsp;<\/p>\n<p><img loading=\"lazy\" decoding=\"async\" class=\"aligncenter wp-image-3556 footer-image-2\" src=\"http:\/\/91.250.96.11\/tagwerk\/wp-content\/uploads\/2014\/11\/Auszeichnungen_2-1024x259.jpg\" alt=\"Ausgezeichnete Buchhaltung, einfache Buchhaltung\" width=\"898\" height=\"227\" srcset=\"https:\/\/www.mein-tagwerk.de\/tagwerk\/wp-content\/uploads\/2014\/11\/Auszeichnungen_2-1024x259.jpg 1024w, https:\/\/www.mein-tagwerk.de\/tagwerk\/wp-content\/uploads\/2014\/11\/Auszeichnungen_2-300x76.jpg 300w, https:\/\/www.mein-tagwerk.de\/tagwerk\/wp-content\/uploads\/2014\/11\/Auszeichnungen_2-768x194.jpg 768w, https:\/\/www.mein-tagwerk.de\/tagwerk\/wp-content\/uploads\/2014\/11\/Auszeichnungen_2-622x157.jpg 622w, https:\/\/www.mein-tagwerk.de\/tagwerk\/wp-content\/uploads\/2014\/11\/Auszeichnungen_2.jpg 1456w\" sizes=\"(max-width: 898px) 100vw, 898px\" \/><\/p>\n<p>&nbsp;<\/p>\n<p>&nbsp;<\/p>\n","protected":false},"excerpt":{"rendered":"<p>Unsere Angebote \u2013 Online Buchhaltung f\u00fcr Freiberufler, Freiberuflerinnen und Selbstst\u00e4ndige Genial einfache Buchhaltung. F\u00fcr 25 Cent am Tag. F\u00fcr nur 7,50 Euro im Monat \u00fcbernehmen wir Deine Buchhaltung und erm\u00f6glichen Dir dazu ganz viel Zeit f\u00fcr die wichtigen Dinge im Leben. F\u00fcr nicht einmal 25 Cent am Tag ist Dein Steuer-, Finanz- und Buchhaltungs-Stress vom [&#038;hellip<\/p>\n","protected":false},"author":2,"featured_media":0,"parent":0,"menu_order":1,"comment_status":"closed","ping_status":"closed","template":"template-fullwidth.php","meta":{"footnotes":""},"yoast_head":"<!-- This site is optimized with the Yoast SEO plugin v20.4 - https:\/\/yoast.com\/wordpress\/plugins\/seo\/ -->\n<title>Online buchhaltung f\u00fcr freiberufler | selbstst\u00e4ndige | Angebote &amp; Preise<\/title>\n<meta name=\"description\" content=\"Online buchhaltung f\u00fcr freiberufler | selbstst\u00e4ndige. Preise &amp; Angebote - Buchhaltung Freelancer, Kleinunternehmer &amp; Existenzgr\u00fcndung \u2013 kostenlos meintagwerk testen\" \/>\n<meta name=\"robots\" content=\"index, follow, max-snippet:-1, max-image-preview:large, max-video-preview:-1\" \/>\n<link rel=\"canonical\" href=\"https:\/\/www.mein-tagwerk.de\/tagwerk\/preise\/\" \/>\n<meta property=\"og:locale\" content=\"de_DE\" \/>\n<meta property=\"og:type\" content=\"article\" \/>\n<meta property=\"og:title\" content=\"Online buchhaltung f\u00fcr freiberufler | selbstst\u00e4ndige | Angebote &amp; Preise\" \/>\n<meta property=\"og:description\" content=\"Online buchhaltung f\u00fcr freiberufler | selbstst\u00e4ndige. Preise &amp; Angebote - Buchhaltung Freelancer, Kleinunternehmer &amp; Existenzgr\u00fcndung \u2013 kostenlos meintagwerk testen\" \/>\n<meta property=\"og:url\" content=\"https:\/\/www.mein-tagwerk.de\/tagwerk\/preise\/\" \/>\n<meta property=\"og:site_name\" content=\"meintagwerk\" \/>\n<meta property=\"article:modified_time\" content=\"2022-02-20T12:32:27+00:00\" \/>\n<meta property=\"og:image\" content=\"http:\/\/91.250.96.11\/tagwerk\/wp-content\/uploads\/2016\/06\/Gordon-Mu\u0308ller-Eschenbach-150x150.png\" \/>\n<meta name=\"twitter:card\" content=\"summary_large_image\" \/>\n<meta name=\"twitter:label1\" content=\"Gesch\u00e4tzte Lesezeit\" \/>\n\t<meta name=\"twitter:data1\" content=\"1\u00a0Minute\" \/>\n<script type=\"application\/ld+json\" class=\"yoast-schema-graph\">{\"@context\":\"https:\/\/schema.org\",\"@graph\":[{\"@type\":\"WebPage\",\"@id\":\"https:\/\/www.mein-tagwerk.de\/tagwerk\/preise\/\",\"url\":\"https:\/\/www.mein-tagwerk.de\/tagwerk\/preise\/\",\"name\":\"Online buchhaltung f\u00fcr freiberufler | selbstst\u00e4ndige | Angebote & Preise\",\"isPartOf\":{\"@id\":\"https:\/\/www.mein-tagwerk.de\/tagwerk\/#website\"},\"datePublished\":\"2021-08-01T19:40:36+00:00\",\"dateModified\":\"2022-02-20T12:32:27+00:00\",\"description\":\"Online buchhaltung f\u00fcr freiberufler | selbstst\u00e4ndige. Preise & Angebote - Buchhaltung Freelancer, Kleinunternehmer & Existenzgr\u00fcndung \u2013 kostenlos meintagwerk testen\",\"breadcrumb\":{\"@id\":\"https:\/\/www.mein-tagwerk.de\/tagwerk\/preise\/#breadcrumb\"},\"inLanguage\":\"de\",\"potentialAction\":[{\"@type\":\"ReadAction\",\"target\":[\"https:\/\/www.mein-tagwerk.de\/tagwerk\/preise\/\"]}]},{\"@type\":\"BreadcrumbList\",\"@id\":\"https:\/\/www.mein-tagwerk.de\/tagwerk\/preise\/#breadcrumb\",\"itemListElement\":[{\"@type\":\"ListItem\",\"position\":1,\"name\":\"Home\",\"item\":\"https:\/\/www.mein-tagwerk.de\/tagwerk\/\"},{\"@type\":\"ListItem\",\"position\":2,\"name\":\"Angebote &#038; Preise\"}]},{\"@type\":\"WebSite\",\"@id\":\"https:\/\/www.mein-tagwerk.de\/tagwerk\/#website\",\"url\":\"https:\/\/www.mein-tagwerk.de\/tagwerk\/\",\"name\":\"meintagwerk\",\"description\":\"Online Buchhaltung f\u00fcr Freiberufler, Freelancer und Selbst\u00e4ndige\",\"publisher\":{\"@id\":\"https:\/\/www.mein-tagwerk.de\/tagwerk\/#organization\"},\"potentialAction\":[{\"@type\":\"SearchAction\",\"target\":{\"@type\":\"EntryPoint\",\"urlTemplate\":\"https:\/\/www.mein-tagwerk.de\/tagwerk\/?s={search_term_string}\"},\"query-input\":\"required name=search_term_string\"}],\"inLanguage\":\"de\"},{\"@type\":\"Organization\",\"@id\":\"https:\/\/www.mein-tagwerk.de\/tagwerk\/#organization\",\"name\":\"tagwerk\",\"url\":\"https:\/\/www.mein-tagwerk.de\/tagwerk\/\",\"logo\":{\"@type\":\"ImageObject\",\"inLanguage\":\"de\",\"@id\":\"https:\/\/www.mein-tagwerk.de\/tagwerk\/#\/schema\/logo\/image\/\",\"url\":\"https:\/\/www.mein-tagwerk.de\/tagwerk\/wp-content\/uploads\/2013\/08\/130611_logo-tagwerk-corporate.png\",\"contentUrl\":\"https:\/\/www.mein-tagwerk.de\/tagwerk\/wp-content\/uploads\/2013\/08\/130611_logo-tagwerk-corporate.png\",\"width\":328,\"height\":140,\"caption\":\"tagwerk\"},\"image\":{\"@id\":\"https:\/\/www.mein-tagwerk.de\/tagwerk\/#\/schema\/logo\/image\/\"}}]}<\/script>\n<!-- \/ Yoast SEO plugin. -->","yoast_head_json":{"title":"Online buchhaltung f\u00fcr freiberufler | selbstst\u00e4ndige | Angebote & Preise","description":"Online buchhaltung f\u00fcr freiberufler | selbstst\u00e4ndige. Preise & Angebote - Buchhaltung Freelancer, Kleinunternehmer & Existenzgr\u00fcndung \u2013 kostenlos meintagwerk testen","robots":{"index":"index","follow":"follow","max-snippet":"max-snippet:-1","max-image-preview":"max-image-preview:large","max-video-preview":"max-video-preview:-1"},"canonical":"https:\/\/www.mein-tagwerk.de\/tagwerk\/preise\/","og_locale":"de_DE","og_type":"article","og_title":"Online buchhaltung f\u00fcr freiberufler | selbstst\u00e4ndige | Angebote & Preise","og_description":"Online buchhaltung f\u00fcr freiberufler | selbstst\u00e4ndige. Preise & Angebote - Buchhaltung Freelancer, Kleinunternehmer & Existenzgr\u00fcndung \u2013 kostenlos meintagwerk testen","og_url":"https:\/\/www.mein-tagwerk.de\/tagwerk\/preise\/","og_site_name":"meintagwerk","article_modified_time":"2022-02-20T12:32:27+00:00","og_image":[{"url":"http:\/\/91.250.96.11\/tagwerk\/wp-content\/uploads\/2016\/06\/Gordon-Mu\u0308ller-Eschenbach-150x150.png"}],"twitter_card":"summary_large_image","twitter_misc":{"Gesch\u00e4tzte Lesezeit":"1\u00a0Minute"},"schema":{"@context":"https:\/\/schema.org","@graph":[{"@type":"WebPage","@id":"https:\/\/www.mein-tagwerk.de\/tagwerk\/preise\/","url":"https:\/\/www.mein-tagwerk.de\/tagwerk\/preise\/","name":"Online buchhaltung f\u00fcr freiberufler | selbstst\u00e4ndige | Angebote & Preise","isPartOf":{"@id":"https:\/\/www.mein-tagwerk.de\/tagwerk\/#website"},"datePublished":"2021-08-01T19:40:36+00:00","dateModified":"2022-02-20T12:32:27+00:00","description":"Online buchhaltung f\u00fcr freiberufler | selbstst\u00e4ndige. Preise & Angebote - Buchhaltung Freelancer, Kleinunternehmer & Existenzgr\u00fcndung \u2013 kostenlos meintagwerk testen","breadcrumb":{"@id":"https:\/\/www.mein-tagwerk.de\/tagwerk\/preise\/#breadcrumb"},"inLanguage":"de","potentialAction":[{"@type":"ReadAction","target":["https:\/\/www.mein-tagwerk.de\/tagwerk\/preise\/"]}]},{"@type":"BreadcrumbList","@id":"https:\/\/www.mein-tagwerk.de\/tagwerk\/preise\/#breadcrumb","itemListElement":[{"@type":"ListItem","position":1,"name":"Home","item":"https:\/\/www.mein-tagwerk.de\/tagwerk\/"},{"@type":"ListItem","position":2,"name":"Angebote &#038; Preise"}]},{"@type":"WebSite","@id":"https:\/\/www.mein-tagwerk.de\/tagwerk\/#website","url":"https:\/\/www.mein-tagwerk.de\/tagwerk\/","name":"meintagwerk","description":"Online Buchhaltung f\u00fcr Freiberufler, Freelancer und Selbst\u00e4ndige","publisher":{"@id":"https:\/\/www.mein-tagwerk.de\/tagwerk\/#organization"},"potentialAction":[{"@type":"SearchAction","target":{"@type":"EntryPoint","urlTemplate":"https:\/\/www.mein-tagwerk.de\/tagwerk\/?s={search_term_string}"},"query-input":"required name=search_term_string"}],"inLanguage":"de"},{"@type":"Organization","@id":"https:\/\/www.mein-tagwerk.de\/tagwerk\/#organization","name":"tagwerk","url":"https:\/\/www.mein-tagwerk.de\/tagwerk\/","logo":{"@type":"ImageObject","inLanguage":"de","@id":"https:\/\/www.mein-tagwerk.de\/tagwerk\/#\/schema\/logo\/image\/","url":"https:\/\/www.mein-tagwerk.de\/tagwerk\/wp-content\/uploads\/2013\/08\/130611_logo-tagwerk-corporate.png","contentUrl":"https:\/\/www.mein-tagwerk.de\/tagwerk\/wp-content\/uploads\/2013\/08\/130611_logo-tagwerk-corporate.png","width":328,"height":140,"caption":"tagwerk"},"image":{"@id":"https:\/\/www.mein-tagwerk.de\/tagwerk\/#\/schema\/logo\/image\/"}}]}},"_links":{"self":[{"href":"https:\/\/www.mein-tagwerk.de\/tagwerk\/wp-json\/wp\/v2\/pages\/2487"}],"collection":[{"href":"https:\/\/www.mein-tagwerk.de\/tagwerk\/wp-json\/wp\/v2\/pages"}],"about":[{"href":"https:\/\/www.mein-tagwerk.de\/tagwerk\/wp-json\/wp\/v2\/types\/page"}],"author":[{"embeddable":true,"href":"https:\/\/www.mein-tagwerk.de\/tagwerk\/wp-json\/wp\/v2\/users\/2"}],"replies":[{"embeddable":true,"href":"https:\/\/www.mein-tagwerk.de\/tagwerk\/wp-json\/wp\/v2\/comments?post=2487"}],"version-history":[{"count":7,"href":"https:\/\/www.mein-tagwerk.de\/tagwerk\/wp-json\/wp\/v2\/pages\/2487\/revisions"}],"predecessor-version":[{"id":5319,"href":"https:\/\/www.mein-tagwerk.de\/tagwerk\/wp-json\/wp\/v2\/pages\/2487\/revisions\/5319"}],"wp:attachment":[{"href":"https:\/\/www.mein-tagwerk.de\/tagwerk\/wp-json\/wp\/v2\/media?parent=2487"}],"curies":[{"name":"wp","href":"https:\/\/api.w.org\/{rel}","templated":true}]}}