{"id":2514,"date":"2021-08-01T21:27:41","date_gmt":"2021-08-01T19:27:41","guid":{"rendered":"http:\/\/www.mein-tagwerk.de\/tagwerk\/?page_id=2514"},"modified":"2021-08-18T17:25:32","modified_gmt":"2021-08-18T15:25:32","slug":"campus","status":"publish","type":"page","link":"https:\/\/www.mein-tagwerk.de\/tagwerk\/campus\/","title":{"rendered":"Campus"},"content":{"rendered":"<h1><strong>Der Campus. Unser Netzwerk. Dein Support.<\/strong><\/h1>\n<h3>Support, geldwerte Tipps. Wir lassen Dich als Freelancer nicht allein. Alles Wichtige zu Deinen Jobs und Projekten. Und noch viel mehr.<\/h3>\n<p>&nbsp;<\/p>\n<div class=\"block-wrap\">\r\n<ul class=\"block\">\r\n\r\n    \t\r\n    \r\n    \t\t\t\t<li class=\"block1 shadow-inset\">\r\n        \r\n        \t<div class=\"inside\">\r\n            \r\n                <p class=\"meta sserif\">\r\n                \r\n                    <i class=\"icon-time\"><\/i> Nov. 4 | \r\n                    <i class=\"icon-comments-alt\"><\/i> <a href=\"https:\/\/www.mein-tagwerk.de\/tagwerk\/instagram-profilbild-so-gelingt-dir-die-perfekte-bildauswahl\/#respond\">0<\/a>                \r\n                <\/p>\r\n        \r\n\t\t\t\t<h2><a href=\"https:\/\/www.mein-tagwerk.de\/tagwerk\/instagram-profilbild-so-gelingt-dir-die-perfekte-bildauswahl\/\">Instagram Profilbild \u2013 So gelingt Dir...<\/a><\/h2>\r\n\r\n\t\t\t<\/div>\r\n\t\t\r\n\t\t\t\t<a href=\"https:\/\/www.mein-tagwerk.de\/tagwerk\/instagram-profilbild-so-gelingt-dir-die-perfekte-bildauswahl\/\">\r\n\t\t\t\t\t<img loading=\"lazy\" decoding=\"async\" width=\"320\" height=\"200\" src=\"https:\/\/www.mein-tagwerk.de\/tagwerk\/wp-content\/uploads\/2022\/11\/instagram-profilbild-erstellen-2-320x200.jpg\" class=\"attachment-block_1 size-block_1 wp-post-image\" alt=\"instagram-profilbild-erstellen-2\" \/>\t\t\t\t<\/a>\r\n\r\n\t\t\t\t\r\n\t\t<\/li><!-- #post-6140 -->\r\n\r\n\r\n\r\n\t    \r\n     \r\n    \r\n    \r\n    \t\r\n    \r\n    \t\t\t\t<li class=\"block2 shadow-inset\">\r\n        \r\n        \t<div class=\"inside\">\r\n            \r\n                <p class=\"meta sserif\">\r\n                    \r\n                    <i class=\"icon-time\"><\/i> Sep. 23 | \r\n                    <i class=\"icon-copy\"><\/i> in <a href=\"https:\/\/www.mein-tagwerk.de\/tagwerk\/category\/belegjunkie\/\" rel=\"category tag\">belegjunkie<\/a> | \r\n                    <i class=\"icon-edit\"><\/i> by <a href=\"https:\/\/www.mein-tagwerk.de\/tagwerk\/author\/lisa-stidl\/\" title=\"Beitr\u00e4ge von Lisa Stidl\" rel=\"author\">Lisa Stidl<\/a> | \r\n                    <i class=\"icon-comments-alt\"><\/i> <a href=\"https:\/\/www.mein-tagwerk.de\/tagwerk\/zeitmanagement-als-freelancer-so-gestaltest-du-deine-arbeitszeit-effizient\/#respond\">0<\/a>                \r\n                <\/p>\r\n        \r\n\t\t\t\t<h2><a href=\"https:\/\/www.mein-tagwerk.de\/tagwerk\/zeitmanagement-als-freelancer-so-gestaltest-du-deine-arbeitszeit-effizient\/\">Zeitmanagement als Freelancer \u2013 so gestaltest du deine Arbeitszeit...<\/a><\/h2>\r\n\r\n\t\t\t<\/div>\r\n\t\t\r\n\t\t\t\t<a href=\"https:\/\/www.mein-tagwerk.de\/tagwerk\/zeitmanagement-als-freelancer-so-gestaltest-du-deine-arbeitszeit-effizient\/\">\r\n\t\t\t\t\t<img loading=\"lazy\" decoding=\"async\" width=\"428\" height=\"400\" src=\"https:\/\/www.mein-tagwerk.de\/tagwerk\/wp-content\/uploads\/2022\/09\/zeitmanagement-fu\u0308r-freelancer-428x400.jpg\" class=\"attachment-block_2 size-block_2 wp-post-image\" alt=\"zeitmanagement-fu\u0308r-freelancer\" \/>\t\t\t\t<\/a>\r\n\r\n\t\t\t\t\r\n\t\t<\/li><!-- #post-6096 -->\r\n\r\n\r\n\r\n\t    \r\n       \r\n   \r\n    \t\r\n    \r\n    \t\t\t\t<li class=\"block3 shadow-inset\">\r\n        \r\n        \t<div class=\"inside\">\r\n            \r\n                <p class=\"meta sserif\">\r\n                \r\n                    <i class=\"icon-time\"><\/i> Sep. 9 | \r\n                    <i class=\"icon-comments-alt\"><\/i> <a href=\"https:\/\/www.mein-tagwerk.de\/tagwerk\/youtube-videos-fuer-selbststaendige\/#respond\">0<\/a>                \r\n                <\/p>\r\n                        \r\n\t\t\t\t<h2><a href=\"https:\/\/www.mein-tagwerk.de\/tagwerk\/youtube-videos-fuer-selbststaendige\/\">YouTube Videos f\u00fcr Selbstst\u00e4ndige...<\/a><\/h2>\r\n\r\n\t\t\t<\/div>\r\n\t\t\r\n\t\t\t\t<a href=\"https:\/\/www.mein-tagwerk.de\/tagwerk\/youtube-videos-fuer-selbststaendige\/\">\r\n\t\t\t\t\t<img loading=\"lazy\" decoding=\"async\" width=\"212\" height=\"200\" src=\"https:\/\/www.mein-tagwerk.de\/tagwerk\/wp-content\/uploads\/2022\/09\/youtube-videos-212x200.jpg\" class=\"attachment-block_3 size-block_3 wp-post-image\" alt=\"\" \/>\t\t\t\t<\/a>\r\n\r\n\t\t\t\t\r\n\t\t<\/li><!-- #post-6054 -->\r\n\r\n\r\n\r\n\t    \r\n        \r\n    \t\r\n    \r\n    \t\t\t\t<li class=\"block4 shadow-inset\">\r\n        \r\n        \t<div class=\"inside\">\r\n            \r\n                <p class=\"meta sserif\">\r\n                \r\n                    <i class=\"icon-time\"><\/i> Aug. 26 | \r\n                    <i class=\"icon-comments-alt\"><\/i> <a href=\"https:\/\/www.mein-tagwerk.de\/tagwerk\/facebook-marketing-i-schritt-fuer-schritt\/#respond\">0<\/a>                \r\n                <\/p>\r\n        \r\n\t\t\t\t<h2><a href=\"https:\/\/www.mein-tagwerk.de\/tagwerk\/facebook-marketing-i-schritt-fuer-schritt\/\">Erfolgreiches Facebook Marketing I Schritt f\u00fcr Schritt Anleitung<\/a><\/h2>\r\n\r\n\t\t\t<\/div>\r\n\t\t\r\n\t\t\t\t<a href=\"https:\/\/www.mein-tagwerk.de\/tagwerk\/facebook-marketing-i-schritt-fuer-schritt\/\">\r\n\t\t\t\t\t<img loading=\"lazy\" decoding=\"async\" width=\"320\" height=\"400\" src=\"https:\/\/www.mein-tagwerk.de\/tagwerk\/wp-content\/uploads\/2022\/08\/Facebook-Marketing-320x400.jpg\" class=\"attachment-block_5 size-block_5 wp-post-image\" alt=\"Facebook-Marketing\" \/>\t\t\t\t<\/a>\r\n\r\n\t\t\t\t\r\n\t\t<\/li><!-- #post-6029 -->\r\n\r\n\r\n\r\n\t    \r\n     \r\n        \r\n    \t\r\n    \r\n    \t\t\t\t<li class=\"block5 shadow-inset\">\r\n        \r\n        \t<div class=\"inside\">\r\n            \r\n                <p class=\"meta sserif\">\r\n                \r\n                    <i class=\"icon-time\"><\/i> Aug. 21 | \r\n                    <i class=\"icon-comments-alt\"><\/i> <a href=\"https:\/\/www.mein-tagwerk.de\/tagwerk\/youtube-marketing\/#comments\">2<\/a>                \r\n                <\/p>\r\n        \r\n\t\t\t\t<h2><a href=\"https:\/\/www.mein-tagwerk.de\/tagwerk\/youtube-marketing\/\">YouTube Marketing ist weit...<\/a><\/h2>\r\n\r\n\t\t\t<\/div>\r\n\r\n\t\t\t\t<a href=\"https:\/\/www.mein-tagwerk.de\/tagwerk\/youtube-marketing\/\">\r\n\t\t\t\t\t<img loading=\"lazy\" decoding=\"async\" width=\"212\" height=\"200\" src=\"https:\/\/www.mein-tagwerk.de\/tagwerk\/wp-content\/uploads\/2022\/08\/Meintagwerk-Youtube-Ads-212x200.jpg\" class=\"attachment-block_3 size-block_3 wp-post-image\" alt=\"Meintagwerk-Youtube-Ads\" \/>\t\t\t\t<\/a>\r\n\t\t\t\t\r\n\t\t<\/li><!-- #post-5998 -->\r\n\r\n\r\n\r\n\t    \r\n     \r\n    \r\n    \t\r\n    \r\n    \t\t\t\t<li class=\"block6 shadow-inset\">\r\n        \r\n        \t<div class=\"inside\">\r\n            \r\n                <p class=\"meta sserif\">\r\n                \r\n                    <i class=\"icon-time\"><\/i> Aug. 12 | \r\n                    <i class=\"icon-comments-alt\"><\/i> <a href=\"https:\/\/www.mein-tagwerk.de\/tagwerk\/lohnt-sich-suchmaschinenoptimierung-fuer-freiberuflerinnen-und-freiberufler\/#comments\">1<\/a>                \r\n                <\/p>\r\n        \r\n\t\t\t\t<h2><a href=\"https:\/\/www.mein-tagwerk.de\/tagwerk\/lohnt-sich-suchmaschinenoptimierung-fuer-freiberuflerinnen-und-freiberufler\/\">Lohnt sich Suchmaschinenoptimierung f\u00fcr...<\/a><\/h2>\r\n\r\n\t\t\t<\/div>\r\n\r\n\t\t\t\t<a href=\"https:\/\/www.mein-tagwerk.de\/tagwerk\/lohnt-sich-suchmaschinenoptimierung-fuer-freiberuflerinnen-und-freiberufler\/\">\r\n\t\t\t\t\t<img loading=\"lazy\" decoding=\"async\" width=\"212\" height=\"200\" src=\"https:\/\/www.mein-tagwerk.de\/tagwerk\/wp-content\/uploads\/2022\/08\/Suchmaschinenoptimierung-SEO-Meintagwerk-212x200.jpg\" class=\"attachment-block_3 size-block_3 wp-post-image\" alt=\"Suchmaschinenoptimierung-SEO-Meintagwerk\" \/>\t\t\t\t<\/a>\r\n\t\t\t\t\r\n\t\t<\/li><!-- #post-5873 -->\r\n\r\n\r\n\r\n\t    \r\n     \r\n    \r\n        \t\r\n    \r\n    \t\t\t\t<li class=\"block7 shadow-inset\">\r\n        \r\n        \t<div class=\"inside\">\r\n            \r\n                <p class=\"meta sserif\">\r\n                \r\n                    <i class=\"icon-time\"><\/i> Aug. 5 | \r\n                    <i class=\"icon-comments-alt\"><\/i> <a href=\"https:\/\/www.mein-tagwerk.de\/tagwerk\/social-networks-fuer-freiberufler\/#comments\">2<\/a>                \r\n                <\/p>\r\n        \r\n\t\t\t\t<h2><a href=\"https:\/\/www.mein-tagwerk.de\/tagwerk\/social-networks-fuer-freiberufler\/\">Social Networks f\u00fcr Freiberufler und Freiberuflerinnen \u2013 welche sind interessant?<\/a><\/h2>\r\n\r\n\t\t\t<\/div>\r\n\r\n\t\t\t\t<a href=\"https:\/\/www.mein-tagwerk.de\/tagwerk\/social-networks-fuer-freiberufler\/\">\r\n\t\t\t\t\t<img loading=\"lazy\" decoding=\"async\" width=\"428\" height=\"200\" src=\"https:\/\/www.mein-tagwerk.de\/tagwerk\/wp-content\/uploads\/2022\/08\/Social-Networks-fu\u0308r-Freelancerinnen-428x200.jpg\" class=\"attachment-block_4 size-block_4 wp-post-image\" alt=\"Social-Networks-fuer-Freelancerinnen\" srcset=\"https:\/\/www.mein-tagwerk.de\/tagwerk\/wp-content\/uploads\/2022\/08\/Social-Networks-fu\u0308r-Freelancerinnen-428x200.jpg 428w, https:\/\/www.mein-tagwerk.de\/tagwerk\/wp-content\/uploads\/2022\/08\/Social-Networks-fu\u0308r-Freelancerinnen-960x450.jpg 960w\" sizes=\"(max-width: 428px) 100vw, 428px\" \/>\t\t\t\t<\/a>\r\n\t\t\t\t\r\n\t\t<\/li><!-- #post-5898 -->\r\n\r\n\r\n\r\n\t    \r\n         \r\n    \r\n<\/ul>\t\r\n\r\n<a class=\"blogmore\" href=\"\">Browse All Articles<\/a>\r\n\r\n<\/div>\r\n<div class=\"clear\"><\/div>\n<p>&nbsp;<\/p>\n<p>Wie kann ich meine Weihnachtsfeier beim Finanzamt absetzen? Was f\u00fcr ein Karrieretyp bin ich? Was bedeutet Scheinselbstst\u00e4ndigkeit? Ob Du Antworten auf kniffelige Fragen suchst oder motivierende Unterst\u00fctzung brauchst: hier bist Du goldrichtig. Auf dem Campus bekommst Du Tipps von Buchhaltungsexpertinnen und -experten und erf\u00e4hrst Neuigkeiten aus dem meintagwerk-Lab. Als meintagwerk-User kannst Du Dich und Dein Projekt vorstellen und Dich mit anderen Usern vernetzen. Im Campus Blog findest Du Infos und News zu den erweiterten Funktionen von meintagwerk. Nutze Deine M\u00f6glichkeiten!<\/p>\n<p>Hier gibt es mehr: wir haben hier einige Videos f\u00fcr Dich. Dort erh\u00e4ltst Du einen \u00dcberblick zu Leistungen von meintagwerk, schau rein!<\/p>\n<div style=\"width: 100%; padding-top: 30px;\" align=\"left\">\n<p class=\"block-wrap\" style=\"width: 300px;\"><a class=\"blogmore\" href=\"\/tagwerk\/campus\/how-to\"> Videos ansehen<\/a><\/p>\n<\/div>\n<p class=\"block-wrap\" style=\"width: 300px;\">\n","protected":false},"excerpt":{"rendered":"<p>Der Campus. Unser Netzwerk. Dein Support. Support, geldwerte Tipps. Wir lassen Dich als Freelancer nicht allein. Alles Wichtige zu Deinen Jobs und Projekten. Und noch viel mehr. &nbsp; &nbsp; Wie kann ich meine Weihnachtsfeier beim Finanzamt absetzen? Was f\u00fcr ein Karrieretyp bin ich? Was bedeutet Scheinselbstst\u00e4ndigkeit? Ob Du Antworten auf kniffelige Fragen suchst oder motivierende [&#038;hellip<\/p>\n","protected":false},"author":4,"featured_media":0,"parent":0,"menu_order":7,"comment_status":"closed","ping_status":"closed","template":"template-fullwidth.php","meta":{"footnotes":""},"yoast_head":"<!-- This site is optimized with the Yoast SEO plugin v20.4 - https:\/\/yoast.com\/wordpress\/plugins\/seo\/ -->\n<title>Campus | meintagwerk<\/title>\n<meta name=\"description\" content=\"Campus. Unser Netzwerk. Dein Support.Anwender-Support, geldwerte Tipps. Wir lassen dich als Freelancer nicht allein. Alles Wichtige zu deinen Projekten.\" \/>\n<meta name=\"robots\" content=\"index, follow, max-snippet:-1, max-image-preview:large, max-video-preview:-1\" \/>\n<link rel=\"canonical\" href=\"https:\/\/www.mein-tagwerk.de\/tagwerk\/campus\/\" \/>\n<meta property=\"og:locale\" content=\"de_DE\" \/>\n<meta property=\"og:type\" content=\"article\" \/>\n<meta property=\"og:title\" content=\"Campus | meintagwerk\" \/>\n<meta property=\"og:description\" content=\"Campus. Unser Netzwerk. Dein Support.Anwender-Support, geldwerte Tipps. Wir lassen dich als Freelancer nicht allein. Alles Wichtige zu deinen Projekten.\" \/>\n<meta property=\"og:url\" content=\"https:\/\/www.mein-tagwerk.de\/tagwerk\/campus\/\" \/>\n<meta property=\"og:site_name\" content=\"meintagwerk\" \/>\n<meta property=\"article:modified_time\" content=\"2021-08-18T15:25:32+00:00\" \/>\n<meta name=\"twitter:card\" content=\"summary_large_image\" \/>\n<meta name=\"twitter:label1\" content=\"Gesch\u00e4tzte Lesezeit\" \/>\n\t<meta name=\"twitter:data1\" content=\"1\u00a0Minute\" \/>\n<script type=\"application\/ld+json\" class=\"yoast-schema-graph\">{\"@context\":\"https:\/\/schema.org\",\"@graph\":[{\"@type\":\"WebPage\",\"@id\":\"https:\/\/www.mein-tagwerk.de\/tagwerk\/campus\/\",\"url\":\"https:\/\/www.mein-tagwerk.de\/tagwerk\/campus\/\",\"name\":\"Campus | meintagwerk\",\"isPartOf\":{\"@id\":\"https:\/\/www.mein-tagwerk.de\/tagwerk\/#website\"},\"datePublished\":\"2021-08-01T19:27:41+00:00\",\"dateModified\":\"2021-08-18T15:25:32+00:00\",\"description\":\"Campus. Unser Netzwerk. Dein Support.Anwender-Support, geldwerte Tipps. Wir lassen dich als Freelancer nicht allein. Alles Wichtige zu deinen Projekten.\",\"breadcrumb\":{\"@id\":\"https:\/\/www.mein-tagwerk.de\/tagwerk\/campus\/#breadcrumb\"},\"inLanguage\":\"de\",\"potentialAction\":[{\"@type\":\"ReadAction\",\"target\":[\"https:\/\/www.mein-tagwerk.de\/tagwerk\/campus\/\"]}]},{\"@type\":\"BreadcrumbList\",\"@id\":\"https:\/\/www.mein-tagwerk.de\/tagwerk\/campus\/#breadcrumb\",\"itemListElement\":[{\"@type\":\"ListItem\",\"position\":1,\"name\":\"Home\",\"item\":\"https:\/\/www.mein-tagwerk.de\/tagwerk\/\"},{\"@type\":\"ListItem\",\"position\":2,\"name\":\"Campus\"}]},{\"@type\":\"WebSite\",\"@id\":\"https:\/\/www.mein-tagwerk.de\/tagwerk\/#website\",\"url\":\"https:\/\/www.mein-tagwerk.de\/tagwerk\/\",\"name\":\"meintagwerk\",\"description\":\"Online Buchhaltung f\u00fcr Freiberufler, Freelancer und Selbst\u00e4ndige\",\"publisher\":{\"@id\":\"https:\/\/www.mein-tagwerk.de\/tagwerk\/#organization\"},\"potentialAction\":[{\"@type\":\"SearchAction\",\"target\":{\"@type\":\"EntryPoint\",\"urlTemplate\":\"https:\/\/www.mein-tagwerk.de\/tagwerk\/?s={search_term_string}\"},\"query-input\":\"required name=search_term_string\"}],\"inLanguage\":\"de\"},{\"@type\":\"Organization\",\"@id\":\"https:\/\/www.mein-tagwerk.de\/tagwerk\/#organization\",\"name\":\"tagwerk\",\"url\":\"https:\/\/www.mein-tagwerk.de\/tagwerk\/\",\"logo\":{\"@type\":\"ImageObject\",\"inLanguage\":\"de\",\"@id\":\"https:\/\/www.mein-tagwerk.de\/tagwerk\/#\/schema\/logo\/image\/\",\"url\":\"https:\/\/www.mein-tagwerk.de\/tagwerk\/wp-content\/uploads\/2013\/08\/130611_logo-tagwerk-corporate.png\",\"contentUrl\":\"https:\/\/www.mein-tagwerk.de\/tagwerk\/wp-content\/uploads\/2013\/08\/130611_logo-tagwerk-corporate.png\",\"width\":328,\"height\":140,\"caption\":\"tagwerk\"},\"image\":{\"@id\":\"https:\/\/www.mein-tagwerk.de\/tagwerk\/#\/schema\/logo\/image\/\"}}]}<\/script>\n<!-- \/ Yoast SEO plugin. -->","yoast_head_json":{"title":"Campus | meintagwerk","description":"Campus. Unser Netzwerk. Dein Support.Anwender-Support, geldwerte Tipps. Wir lassen dich als Freelancer nicht allein. Alles Wichtige zu deinen Projekten.","robots":{"index":"index","follow":"follow","max-snippet":"max-snippet:-1","max-image-preview":"max-image-preview:large","max-video-preview":"max-video-preview:-1"},"canonical":"https:\/\/www.mein-tagwerk.de\/tagwerk\/campus\/","og_locale":"de_DE","og_type":"article","og_title":"Campus | meintagwerk","og_description":"Campus. Unser Netzwerk. Dein Support.Anwender-Support, geldwerte Tipps. Wir lassen dich als Freelancer nicht allein. Alles Wichtige zu deinen Projekten.","og_url":"https:\/\/www.mein-tagwerk.de\/tagwerk\/campus\/","og_site_name":"meintagwerk","article_modified_time":"2021-08-18T15:25:32+00:00","twitter_card":"summary_large_image","twitter_misc":{"Gesch\u00e4tzte Lesezeit":"1\u00a0Minute"},"schema":{"@context":"https:\/\/schema.org","@graph":[{"@type":"WebPage","@id":"https:\/\/www.mein-tagwerk.de\/tagwerk\/campus\/","url":"https:\/\/www.mein-tagwerk.de\/tagwerk\/campus\/","name":"Campus | meintagwerk","isPartOf":{"@id":"https:\/\/www.mein-tagwerk.de\/tagwerk\/#website"},"datePublished":"2021-08-01T19:27:41+00:00","dateModified":"2021-08-18T15:25:32+00:00","description":"Campus. Unser Netzwerk. Dein Support.Anwender-Support, geldwerte Tipps. Wir lassen dich als Freelancer nicht allein. Alles Wichtige zu deinen Projekten.","breadcrumb":{"@id":"https:\/\/www.mein-tagwerk.de\/tagwerk\/campus\/#breadcrumb"},"inLanguage":"de","potentialAction":[{"@type":"ReadAction","target":["https:\/\/www.mein-tagwerk.de\/tagwerk\/campus\/"]}]},{"@type":"BreadcrumbList","@id":"https:\/\/www.mein-tagwerk.de\/tagwerk\/campus\/#breadcrumb","itemListElement":[{"@type":"ListItem","position":1,"name":"Home","item":"https:\/\/www.mein-tagwerk.de\/tagwerk\/"},{"@type":"ListItem","position":2,"name":"Campus"}]},{"@type":"WebSite","@id":"https:\/\/www.mein-tagwerk.de\/tagwerk\/#website","url":"https:\/\/www.mein-tagwerk.de\/tagwerk\/","name":"meintagwerk","description":"Online Buchhaltung f\u00fcr Freiberufler, Freelancer und Selbst\u00e4ndige","publisher":{"@id":"https:\/\/www.mein-tagwerk.de\/tagwerk\/#organization"},"potentialAction":[{"@type":"SearchAction","target":{"@type":"EntryPoint","urlTemplate":"https:\/\/www.mein-tagwerk.de\/tagwerk\/?s={search_term_string}"},"query-input":"required name=search_term_string"}],"inLanguage":"de"},{"@type":"Organization","@id":"https:\/\/www.mein-tagwerk.de\/tagwerk\/#organization","name":"tagwerk","url":"https:\/\/www.mein-tagwerk.de\/tagwerk\/","logo":{"@type":"ImageObject","inLanguage":"de","@id":"https:\/\/www.mein-tagwerk.de\/tagwerk\/#\/schema\/logo\/image\/","url":"https:\/\/www.mein-tagwerk.de\/tagwerk\/wp-content\/uploads\/2013\/08\/130611_logo-tagwerk-corporate.png","contentUrl":"https:\/\/www.mein-tagwerk.de\/tagwerk\/wp-content\/uploads\/2013\/08\/130611_logo-tagwerk-corporate.png","width":328,"height":140,"caption":"tagwerk"},"image":{"@id":"https:\/\/www.mein-tagwerk.de\/tagwerk\/#\/schema\/logo\/image\/"}}]}},"_links":{"self":[{"href":"https:\/\/www.mein-tagwerk.de\/tagwerk\/wp-json\/wp\/v2\/pages\/2514"}],"collection":[{"href":"https:\/\/www.mein-tagwerk.de\/tagwerk\/wp-json\/wp\/v2\/pages"}],"about":[{"href":"https:\/\/www.mein-tagwerk.de\/tagwerk\/wp-json\/wp\/v2\/types\/page"}],"author":[{"embeddable":true,"href":"https:\/\/www.mein-tagwerk.de\/tagwerk\/wp-json\/wp\/v2\/users\/4"}],"replies":[{"embeddable":true,"href":"https:\/\/www.mein-tagwerk.de\/tagwerk\/wp-json\/wp\/v2\/comments?post=2514"}],"version-history":[{"count":3,"href":"https:\/\/www.mein-tagwerk.de\/tagwerk\/wp-json\/wp\/v2\/pages\/2514\/revisions"}],"predecessor-version":[{"id":5148,"href":"https:\/\/www.mein-tagwerk.de\/tagwerk\/wp-json\/wp\/v2\/pages\/2514\/revisions\/5148"}],"wp:attachment":[{"href":"https:\/\/www.mein-tagwerk.de\/tagwerk\/wp-json\/wp\/v2\/media?parent=2514"}],"curies":[{"name":"wp","href":"https:\/\/api.w.org\/{rel}","templated":true}]}}