{"id":2517,"date":"2014-12-01T22:28:32","date_gmt":"2014-12-01T22:28:32","guid":{"rendered":"http:\/\/www.mein-tagwerk.de\/tagwerk\/?page_id=2517"},"modified":"2014-12-01T22:28:32","modified_gmt":"2014-12-01T22:28:32","slug":"how-to","status":"publish","type":"page","link":"https:\/\/www.mein-tagwerk.de\/tagwerk\/campus\/how-to\/","title":{"rendered":"Videos"},"content":{"rendered":"<h2>1. Kurz und knapp, Deine ersten Schritte mit meintagwerk<\/h2>\n<h4>Buchhaltung zum Selbermachen. In einfachen Schritten begleiten wir Dich zu Deinem ersten Projekt und Deinem ersten Kunden. Es ist kinderleicht, Du kannst sofort loslegen.<\/h4>\n<h4><iframe loading=\"lazy\" src=\"\/\/www.youtube.com\/embed\/m2zXK1eu_IM?feature=player_detailpage\" width=\"640\" height=\"360\" frameborder=\"0\" allowfullscreen=\"allowfullscreen\"><\/iframe><\/h4>\n<p>&nbsp;<\/p>\n<h2>2. So berechnest Du Deinen Stundensatz<\/h2>\n<h4>Unser Rechner f\u00fcr Deine freiberufliche T\u00e4tigkeit unterst\u00fctzt Dich bei der soliden Berechnung Deiner Einnahmen auf der Grundlage Deiner realen Kosten. Damit bist Du immer gut ger\u00fcstet im n\u00e4chsten Kundengespr\u00e4ch. Deine Arbeit ist wertvoll!<\/h4>\n<h4><iframe loading=\"lazy\" src=\"\/\/www.youtube.com\/embed\/lhMTLjQ3Qcg?feature=player_detailpage\" width=\"640\" height=\"360\" frameborder=\"0\" allowfullscreen=\"allowfullscreen\"><\/iframe><\/h4>\n<p>&nbsp;<\/p>\n<h2>3. Flux erledigt, Kosten buchen, Zeiten und Reisen dokumentieren<\/h2>\n<h4>Es gibt verschiedene M\u00f6glichkeiten Deine Arbeitszeiten und Kosten zu erfassen und Deine Reisekostenabrechnung zu erstellen. Wir zeigen Dir wie einfach und schnell es von der Hand geht. Es l\u00e4sst sich m\u00fchelos in Deinen Arbeitsalltag intergrieren und Du beh\u00e4lst stets die \u00dcbersicht.<\/h4>\n<h4><iframe loading=\"lazy\" src=\"\/\/www.youtube.com\/embed\/gH_W8HvmkHM?feature=player_detailpage\" width=\"640\" height=\"360\" frameborder=\"0\" allowfullscreen=\"allowfullscreen\"><\/iframe><\/h4>\n<p>&nbsp;<\/p>\n<p>&nbsp;<\/p>\n<h3>Jetzt mit meintagwerk unverbindlich starten!<\/h3>\n<p><iframe loading=\"lazy\" style=\"padding-top: 30px;\" src=\"\/app\/pages\/external\/registerMeinTagwerk.xhtml?color=%23808080\" width=\"1024\" height=\"250\"><\/iframe><\/p>\n","protected":false},"excerpt":{"rendered":"<p>1. Kurz und knapp, Deine ersten Schritte mit meintagwerk Buchhaltung zum Selbermachen. In einfachen Schritten begleiten wir Dich zu Deinem ersten Projekt und Deinem ersten Kunden. Es ist kinderleicht, Du kannst sofort loslegen. &nbsp; 2. So berechnest Du Deinen Stundensatz Unser Rechner f\u00fcr Deine freiberufliche T\u00e4tigkeit unterst\u00fctzt Dich bei der soliden Berechnung Deiner Einnahmen auf [&#038;hellip<\/p>\n","protected":false},"author":2,"featured_media":0,"parent":2514,"menu_order":9,"comment_status":"closed","ping_status":"closed","template":"template-fullwidth.php","meta":{"footnotes":""},"yoast_head":"<!-- This site is optimized with the Yoast SEO plugin v20.4 - https:\/\/yoast.com\/wordpress\/plugins\/seo\/ -->\n<title>Videos | meintagwerk<\/title>\n<meta name=\"robots\" content=\"index, follow, max-snippet:-1, max-image-preview:large, max-video-preview:-1\" \/>\n<link rel=\"canonical\" href=\"https:\/\/www.mein-tagwerk.de\/tagwerk\/campus\/how-to\/\" \/>\n<meta property=\"og:locale\" content=\"de_DE\" \/>\n<meta property=\"og:type\" content=\"article\" \/>\n<meta property=\"og:title\" content=\"Videos | meintagwerk\" \/>\n<meta property=\"og:description\" content=\"1. Kurz und knapp, Deine ersten Schritte mit meintagwerk Buchhaltung zum Selbermachen. In einfachen Schritten begleiten wir Dich zu Deinem ersten Projekt und Deinem ersten Kunden. Es ist kinderleicht, Du kannst sofort loslegen. &nbsp; 2. So berechnest Du Deinen Stundensatz Unser Rechner f\u00fcr Deine freiberufliche T\u00e4tigkeit unterst\u00fctzt Dich bei der soliden Berechnung Deiner Einnahmen auf [&amp;hellip\" \/>\n<meta property=\"og:url\" content=\"https:\/\/www.mein-tagwerk.de\/tagwerk\/campus\/how-to\/\" \/>\n<meta property=\"og:site_name\" content=\"meintagwerk\" \/>\n<meta name=\"twitter:card\" content=\"summary_large_image\" \/>\n<meta name=\"twitter:label1\" content=\"Gesch\u00e4tzte Lesezeit\" \/>\n\t<meta name=\"twitter:data1\" content=\"1\u00a0Minute\" \/>\n<script type=\"application\/ld+json\" class=\"yoast-schema-graph\">{\"@context\":\"https:\/\/schema.org\",\"@graph\":[{\"@type\":\"WebPage\",\"@id\":\"https:\/\/www.mein-tagwerk.de\/tagwerk\/campus\/how-to\/\",\"url\":\"https:\/\/www.mein-tagwerk.de\/tagwerk\/campus\/how-to\/\",\"name\":\"Videos | meintagwerk\",\"isPartOf\":{\"@id\":\"https:\/\/www.mein-tagwerk.de\/tagwerk\/#website\"},\"datePublished\":\"2014-12-01T22:28:32+00:00\",\"dateModified\":\"2014-12-01T22:28:32+00:00\",\"breadcrumb\":{\"@id\":\"https:\/\/www.mein-tagwerk.de\/tagwerk\/campus\/how-to\/#breadcrumb\"},\"inLanguage\":\"de\",\"potentialAction\":[{\"@type\":\"ReadAction\",\"target\":[\"https:\/\/www.mein-tagwerk.de\/tagwerk\/campus\/how-to\/\"]}]},{\"@type\":\"BreadcrumbList\",\"@id\":\"https:\/\/www.mein-tagwerk.de\/tagwerk\/campus\/how-to\/#breadcrumb\",\"itemListElement\":[{\"@type\":\"ListItem\",\"position\":1,\"name\":\"Home\",\"item\":\"https:\/\/www.mein-tagwerk.de\/tagwerk\/\"},{\"@type\":\"ListItem\",\"position\":2,\"name\":\"Campus\",\"item\":\"https:\/\/www.mein-tagwerk.de\/tagwerk\/campus\/\"},{\"@type\":\"ListItem\",\"position\":3,\"name\":\"Videos\"}]},{\"@type\":\"WebSite\",\"@id\":\"https:\/\/www.mein-tagwerk.de\/tagwerk\/#website\",\"url\":\"https:\/\/www.mein-tagwerk.de\/tagwerk\/\",\"name\":\"meintagwerk\",\"description\":\"Online Buchhaltung f\u00fcr Freiberufler, Freelancer und Selbst\u00e4ndige\",\"publisher\":{\"@id\":\"https:\/\/www.mein-tagwerk.de\/tagwerk\/#organization\"},\"potentialAction\":[{\"@type\":\"SearchAction\",\"target\":{\"@type\":\"EntryPoint\",\"urlTemplate\":\"https:\/\/www.mein-tagwerk.de\/tagwerk\/?s={search_term_string}\"},\"query-input\":\"required name=search_term_string\"}],\"inLanguage\":\"de\"},{\"@type\":\"Organization\",\"@id\":\"https:\/\/www.mein-tagwerk.de\/tagwerk\/#organization\",\"name\":\"tagwerk\",\"url\":\"https:\/\/www.mein-tagwerk.de\/tagwerk\/\",\"logo\":{\"@type\":\"ImageObject\",\"inLanguage\":\"de\",\"@id\":\"https:\/\/www.mein-tagwerk.de\/tagwerk\/#\/schema\/logo\/image\/\",\"url\":\"https:\/\/www.mein-tagwerk.de\/tagwerk\/wp-content\/uploads\/2013\/08\/130611_logo-tagwerk-corporate.png\",\"contentUrl\":\"https:\/\/www.mein-tagwerk.de\/tagwerk\/wp-content\/uploads\/2013\/08\/130611_logo-tagwerk-corporate.png\",\"width\":328,\"height\":140,\"caption\":\"tagwerk\"},\"image\":{\"@id\":\"https:\/\/www.mein-tagwerk.de\/tagwerk\/#\/schema\/logo\/image\/\"}}]}<\/script>\n<!-- \/ Yoast SEO plugin. -->","yoast_head_json":{"title":"Videos | meintagwerk","robots":{"index":"index","follow":"follow","max-snippet":"max-snippet:-1","max-image-preview":"max-image-preview:large","max-video-preview":"max-video-preview:-1"},"canonical":"https:\/\/www.mein-tagwerk.de\/tagwerk\/campus\/how-to\/","og_locale":"de_DE","og_type":"article","og_title":"Videos | meintagwerk","og_description":"1. Kurz und knapp, Deine ersten Schritte mit meintagwerk Buchhaltung zum Selbermachen. In einfachen Schritten begleiten wir Dich zu Deinem ersten Projekt und Deinem ersten Kunden. Es ist kinderleicht, Du kannst sofort loslegen. &nbsp; 2. So berechnest Du Deinen Stundensatz Unser Rechner f\u00fcr Deine freiberufliche T\u00e4tigkeit unterst\u00fctzt Dich bei der soliden Berechnung Deiner Einnahmen auf [&hellip","og_url":"https:\/\/www.mein-tagwerk.de\/tagwerk\/campus\/how-to\/","og_site_name":"meintagwerk","twitter_card":"summary_large_image","twitter_misc":{"Gesch\u00e4tzte Lesezeit":"1\u00a0Minute"},"schema":{"@context":"https:\/\/schema.org","@graph":[{"@type":"WebPage","@id":"https:\/\/www.mein-tagwerk.de\/tagwerk\/campus\/how-to\/","url":"https:\/\/www.mein-tagwerk.de\/tagwerk\/campus\/how-to\/","name":"Videos | meintagwerk","isPartOf":{"@id":"https:\/\/www.mein-tagwerk.de\/tagwerk\/#website"},"datePublished":"2014-12-01T22:28:32+00:00","dateModified":"2014-12-01T22:28:32+00:00","breadcrumb":{"@id":"https:\/\/www.mein-tagwerk.de\/tagwerk\/campus\/how-to\/#breadcrumb"},"inLanguage":"de","potentialAction":[{"@type":"ReadAction","target":["https:\/\/www.mein-tagwerk.de\/tagwerk\/campus\/how-to\/"]}]},{"@type":"BreadcrumbList","@id":"https:\/\/www.mein-tagwerk.de\/tagwerk\/campus\/how-to\/#breadcrumb","itemListElement":[{"@type":"ListItem","position":1,"name":"Home","item":"https:\/\/www.mein-tagwerk.de\/tagwerk\/"},{"@type":"ListItem","position":2,"name":"Campus","item":"https:\/\/www.mein-tagwerk.de\/tagwerk\/campus\/"},{"@type":"ListItem","position":3,"name":"Videos"}]},{"@type":"WebSite","@id":"https:\/\/www.mein-tagwerk.de\/tagwerk\/#website","url":"https:\/\/www.mein-tagwerk.de\/tagwerk\/","name":"meintagwerk","description":"Online Buchhaltung f\u00fcr Freiberufler, Freelancer und Selbst\u00e4ndige","publisher":{"@id":"https:\/\/www.mein-tagwerk.de\/tagwerk\/#organization"},"potentialAction":[{"@type":"SearchAction","target":{"@type":"EntryPoint","urlTemplate":"https:\/\/www.mein-tagwerk.de\/tagwerk\/?s={search_term_string}"},"query-input":"required name=search_term_string"}],"inLanguage":"de"},{"@type":"Organization","@id":"https:\/\/www.mein-tagwerk.de\/tagwerk\/#organization","name":"tagwerk","url":"https:\/\/www.mein-tagwerk.de\/tagwerk\/","logo":{"@type":"ImageObject","inLanguage":"de","@id":"https:\/\/www.mein-tagwerk.de\/tagwerk\/#\/schema\/logo\/image\/","url":"https:\/\/www.mein-tagwerk.de\/tagwerk\/wp-content\/uploads\/2013\/08\/130611_logo-tagwerk-corporate.png","contentUrl":"https:\/\/www.mein-tagwerk.de\/tagwerk\/wp-content\/uploads\/2013\/08\/130611_logo-tagwerk-corporate.png","width":328,"height":140,"caption":"tagwerk"},"image":{"@id":"https:\/\/www.mein-tagwerk.de\/tagwerk\/#\/schema\/logo\/image\/"}}]}},"_links":{"self":[{"href":"https:\/\/www.mein-tagwerk.de\/tagwerk\/wp-json\/wp\/v2\/pages\/2517"}],"collection":[{"href":"https:\/\/www.mein-tagwerk.de\/tagwerk\/wp-json\/wp\/v2\/pages"}],"about":[{"href":"https:\/\/www.mein-tagwerk.de\/tagwerk\/wp-json\/wp\/v2\/types\/page"}],"author":[{"embeddable":true,"href":"https:\/\/www.mein-tagwerk.de\/tagwerk\/wp-json\/wp\/v2\/users\/2"}],"replies":[{"embeddable":true,"href":"https:\/\/www.mein-tagwerk.de\/tagwerk\/wp-json\/wp\/v2\/comments?post=2517"}],"version-history":[{"count":0,"href":"https:\/\/www.mein-tagwerk.de\/tagwerk\/wp-json\/wp\/v2\/pages\/2517\/revisions"}],"up":[{"embeddable":true,"href":"https:\/\/www.mein-tagwerk.de\/tagwerk\/wp-json\/wp\/v2\/pages\/2514"}],"wp:attachment":[{"href":"https:\/\/www.mein-tagwerk.de\/tagwerk\/wp-json\/wp\/v2\/media?parent=2517"}],"curies":[{"name":"wp","href":"https:\/\/api.w.org\/{rel}","templated":true}]}}