{"id":2545,"date":"2014-12-02T09:15:26","date_gmt":"2014-12-02T09:15:26","guid":{"rendered":"http:\/\/www.mein-tagwerk.de\/tagwerk\/?page_id=2545"},"modified":"2014-12-02T09:15:26","modified_gmt":"2014-12-02T09:15:26","slug":"agb","status":"publish","type":"page","link":"https:\/\/www.mein-tagwerk.de\/tagwerk\/ueber-uns\/agb\/","title":{"rendered":"AGB"},"content":{"rendered":"<div>\n<h4><b>\u00a7 1 ALLGEMEINES<\/b><\/h4>\n<\/div>\n<div>\n<h4>(1) Gegenstand der nachfolgenden allgemeinen Gesch\u00e4ftsbedingungen ist die Nutzung des Onlinedienstes von www.mein-tagwerk.de und der dazugeh\u00fcrigen Software von Personen, die keine Verbraucher im Sinne des B\u00fcrgerlichen Gesetzbuches sind. Die tagwerk IT und Media GmbH, c\/o Kleefeld, Stresemannstra\u00dfe 110, 22769 Hamburg (im Weiteren tagwerk genannt) erbringt die unten n\u00e4her beschriebenen Leistungen ausschlie\u00dflich auf der Grundlage dieser allgemeinen Gesch\u00e4ftsbedingungen<\/h4>\n<h4>(2) Entgegenstehende oder abweichende Gesch\u00e4ftsbedingungen auf Seiten des Kunden der Onlinedienste von tagwerk (nachfolgend Kunde genannt) werden nicht anerkannt.<\/h4>\n<h4>(3) tagwerk ist zu einer \u00c4nderung bzw. Neufassung der allgemeinen Gesch\u00e4ftsbedingungen zu jeder Zeit berechtigt. tagwerk wird eine solche \u00c4nderung mit einer angemessenen Frist unter Beif\u00fcgung der \u00c4nderungen bzw. der Neufassung ank\u00fcndigen. Der Kunde hat das Recht, der \u00c4nderung zu widersprechen. Widerspricht er den ge\u00e4nderten Bedingungen nicht innerhalb von 14 Tagen nach Bekanntgabe, dann werden diese Vertragsbestandteil. \u00c3\u0153ber die Bedeutung seines Schweigens ist der Kunde zuvor hinzuweisen.<\/h4>\n<h4><b>\u00a7 2 LEISTUNG<\/b><\/h4>\n<h4>(1) tagwerk bietet einen Dienst f\u00fcr Selbst\u00e4ndige und Freiberufler an, die ihre Leistung in Deutschland abrechnen. Die Kunden k\u00f6nnen \u00fcber die Plattform projektbezogene Leistungen dokumentieren, auswerten und abrechnen. Au\u00dferdem k\u00f6nnen die Daten und Unterlagen f\u00fcr die Buchhaltung und die Steuerberatung erstellt werden.<\/h4>\n<h4>(2) tagwerk erteilt dem Kunden nach ordnungsgem\u00e4\u00dfer Registrierung das einfache, nicht \u00fcbertragbare, zeitlich auf die Dauer des Vertrages g\u00fcltige Recht sowohl www.mein-tagwerk.de zu nutzen, als auch alle Software, die \u00fcber www.mein-tagwerk.de zur Verf\u00fcgung gestellt wird.<\/h4>\n<h4>(3) tagwerk beh\u00e4lt sich das Recht vor, die Leistungen der Plattform jederzeit zu erweitern und zu \u00e4ndern. Ein Anspruch auf das Anbieten weiterer Funktionalit\u00e4ten besteht nicht.<\/h4>\n<h4>(4) Der Kunde ist Eigent\u00fcmer s\u00e4mtlicher Daten, die er in tagwerk eingibt, oder mit Hilfe von tagwerk erstellt. Dabei ist dies unabh\u00e4ngig davon, ob der Kunde die Daten selber erzeugt oder nur eine Regel definiert, \u00fcber die die Daten erzeugt werden, oder aber tagwerk selbst die Daten f\u00fcr den Kunden aufbereitet.<\/h4>\n<h4>(5) Der Kunde r\u00e4umt tagwerk ein umfassendes und zweckgebundenes Nutzungsrecht an seinen Daten ein. tagwerk darf von diesem Nutzungsrecht nur Gebrauch machen, um den Betrieb der Plattform aufrecht zu erhalten.<\/h4>\n<h4>(6) Beim Zugriff auf die Daten durch tagwerk werden folgende Auswertungen explizit ausgeschlossen:<\/h4>\n<ul>\n<li>\n<h4>Jegliche Erstellung von Profilen auf Basis der eingegebenen Daten.<\/h4>\n<\/li>\n<li>\n<h4>Jegliches Erstellen von Marketingkampagnen basierend auf den Daten des Kunden<\/h4>\n<\/li>\n<li>\n<h4>Eine Weitergabe von Daten an Dritte erfolgt nur, um den Betrieb der Plattform aufrecht zu erhalten oder unter beh\u00f6rdlichem Zwang.<\/h4>\n<\/li>\n<li>\n<h4>Jegliche Segmentierung der Kundendaten basierend auf Umsatz, Region oder anderen Parametern.<\/h4>\n<\/li>\n<li>\n<h4>Jegliche Erstellung von statistischen Auswertungen, die Informationen \u00fcber Umsatz oder Einnahmen zugrunde legen.<\/h4>\n<\/li>\n<li>\n<h4>Jeglicher Zugriff auf den Inhalt von Dokumenten, die in tagwerk abgelegt wurden.<\/h4>\n<\/li>\n<\/ul>\n<h4>(7) Die Steuerberatung wird nicht durch tagwerk erbracht, sondern durch die angeschlossen Steuerb\u00fcros. Der Zugriff des Steuerberaters auf die Daten des Kunden mu\u00df vom Kunden explizit autorisiert werden.<br \/>\nTagwerk stellt die M\u00f6glichkeiten der Daten\u00fcbertragung aus www.mein-tagwerk.de in die Systeme des Steuerberaters zur Verf\u00fcgung, ist aber an der \u00c3\u0153bertragung der Daten selber nicht beteiligt.<\/h4>\n<h4><b>\u00a7 3 VERTRAGSABSCHLUSS<\/b><\/h4>\n<h4>(1) Der Vertrag \u00fcber die Nutzung kommt zustande, indem der Kunde am Ende des Registriervorgangs<\/h4>\n<ol>\n<li>\n<h4>zuerst diesen allgemeinen Gesch\u00e4ftsbedingungen zustimmt und<\/h4>\n<\/li>\n<li>\n<h4>danach auf die Schaltfl\u00e4che &#8222;Anmelden&#8220; klickt<\/h4>\n<\/li>\n<\/ol>\n<h4>(2) Ein Vertrag \u00fcber die Bezahlung der Dienste von tagwerk kommt zustande wenn der Kunde in seinen Kontoeinstellungen:<\/h4>\n<ol>\n<li>\n<h4>Seine Kontodaten angibt,<\/h4>\n<\/li>\n<li>\n<h4>Auf einen Link klickt, mit dem er den Wechsel des Tarfis best\u00e4tigt und<\/h4>\n<\/li>\n<li>\n<h4>Eine Checkbox aktiviert in der er best\u00e4tigt, dass er berechtigt ist, auf das Konto zuzugreifen.<\/h4>\n<\/li>\n<\/ol>\n<h4>(3) Der Vertrag wird auf unbestimmte Zeit geschlossen.<\/h4>\n<h4>(4) Ein kostenpflichtiges Angebot hat eine Mindestlaufzeit von einem Monate bis zu einem Jahr abh\u00e4ngig von der Vertragslaufzeit. (siehe \u00a7 4.3)<\/h4>\n<h4><\/h4>\n<h4>(5) Der Kunde kann zwischen den jeweils g\u00fcltigen unterschiedlichen Tarifen w\u00e4hlen. Diese sind unter www.mein-tagwerk.de aufgef\u00fchrt.<\/h4>\n<h4><b>\u00a7 4 VERG\u00dcTUNG<\/b><\/h4>\n<h4>(1) Die Verg\u00fctung richtet sich nach dem jeweils gew\u00e4hlten Tarif. Die gesetzliche Mehrwertsteuer wird zus\u00e4tzlich in der jeweils g\u00fcltigen gesetzlichen H\u00f6he in Rechnung gestellt.<\/h4>\n<h4>(2) Der Kunde kann seine Rechnungen im Portal einsehen. Sie werden nicht per Post verschickt.<\/h4>\n<h4>(3) Die Abrechnung erfolgt immer \u00fcber den gew\u00e4hlten Abrechnungszeitraum (ein Monat, drei Monate, ein Jahr). Dieser Zeitraum beginnt mit dem Tag des Vertragsabschlu\u00df.<\/h4>\n<h4>(4) Es besteht die M\u00f6glichkeit, jederzeit den Tarif zu wechseln . Bei einem Wechsel werden dem Kunden bereits gezahlte Betr\u00e4ge anteilig gut geschrieben und mit der kommenden Rechnung verrechnet. Sollte die Gutschrift h\u00f6her sein, als der f\u00e4llige Betrag wird dieser Betrag in ein Guthaben umgewandelt. Eine Auszahlung ist nicht m\u00f6glich.<\/h4>\n<h4><b>\u00a7 5 K\u00dcNDIGUNG DES VERTRAGES<\/b><\/h4>\n<h4>(1) Der Vertrag wird auf unbestimmte Zeit geschlossen. Beide Parteien haben das Recht, den Vertrag jederzeit ohne Angabe von Gr\u00fcnden zum Ende des laufenden Abrechnungszeitraums zu k\u00fcndigen. Die K\u00fcndigung erfolgt direkt im Portal und wird nach dem Ende des Abrechnungszeitraums wirksam.<\/h4>\n<h4>(2) Sollte tagwerk die AGB \u00e4ndern (vgl. \u00a71 Abs. 3) und der Kunde widerspricht der \u00c4nderung, so ist tagwerk berechtigt, den Vertrag zum Ende des Monats au\u00dferordentlich zu k\u00fcndigen, in dem der Widerspruch zugegangen ist.<\/h4>\n<h4>(3) Sollte der Kunde durch einen Tarifwechsel noch ein Guthaben besitzen, l\u00e4uft der Vertrag automatisch weiter, bis dieses Guthaben verbraucht ist. Sollte der Kunde den Vertrag k\u00fcndigen, verf\u00e4llt das Guthaben am Ende seines Abrechnungszeitraums.<\/h4>\n<h4>(4) Nach Auslaufen dieses Vertrages ist tagwerk berechtigt, das Zugangskonto des Kunden zu sperren. Sofern zumindest eine Zahlung geleistet wurde und alle offenen Forderungen beglichen sind, wird tagwerk bis zum Ablauf der gesetzlichen Aufbewahrungsfrist nur den Schreibzugang sperren. Der Kunde mit gek\u00fcndigtem Vertrag hat daher weiterhin Lesezugriff auf seine Daten. Nach Ablauf der gesetzlichen Aufbewahrungsfrist werden alle Daten der Kunden mit gek\u00fcndigtem Vertrag gel\u00f6scht. Der Kunde ist f\u00fcr die Sicherung seiner Daten verantwortlich.<\/h4>\n<h4><b>\u00a7 6 PFLICHTEN DES KUNDEN<\/b><\/h4>\n<h4>(1) Der Kunde verpflichtet sich, in der Software festgestellte Fehler unverz\u00fcglich per E-Mail an die Adresse info@mein-tagwerk.de zu melden. tagwerk wird \u00fcberpr\u00fcfen, ob es sich um Fehler handelt. Fehler werden dann in angemessener Zeit beseitigt.<\/h4>\n<h4>(2) F\u00fcr die Richtigkeit der eingegebenen Daten \u00fcbernimmt tagwerk keine Haftung.<\/h4>\n<h4>(3) Jeder Kunde ist verpflichtet, die Zugangsdaten f\u00fcr sein tagwerk-Konto vor der unberechtigten Kenntnisnahme Dritter zu sch\u00fctzen. Anderenfalls kann tagwerk die Vertraulichkeit der Kundendaten nicht sicherstellen.<\/h4>\n<h4><b>\u00a7 7 VERF\u00dcGBARKEIT DER LEISTUNG<\/b><\/h4>\n<h4>(1) tagwerk gew\u00e4hrleistet eine Verf\u00fcgbarkeit der Leistungen i.S.d Ziff. 2 Abs. 1 in H\u00f6he von 98% im Jahresmittel. Von der Gew\u00e4hrleistung ausgeschlossen sind Leistungsm\u00e4ngel, die nicht von tagwerk zu vertreten sind.<\/h4>\n<h4><b>\u00a7 8 DATENSCHUTZ<\/b><\/h4>\n<h4>(1) tagwerk erbringt die vereinbarten vertraglichen Leistungen im Auftrag des Kunden. Der Kunde bleibt f\u00fcr die Einhaltung der Datenschutzbestimmungen verantwortlich gem\u00e4\u00df \u00a7 11 BDSG. N\u00e4heres ist im Vertrag tagwerk-\u00a7 11 BDSG\/der Anlage 01 geregelt.<\/h4>\n<h4><\/h4>\n<h4><b>\u00a7 9 SCHLUSSBESTIMMUNG<\/b><\/h4>\n<h4>(1) Auf diesen Vertrag findet deutsches Recht Anwendung.<\/h4>\n<h4>(2) Gerichtsstand ist Hamburg.<\/h4>\n<h4>(3) Sollten einzelne Bestimmungen dieses Vertrages ganz oder teilweise unwirksam sein oder werden, oder sollte sich in dem Vertrag eine L\u00fccke befinden, so wird hierdurch die G\u00fcltigkeit der \u00fcbrigen Bestimmungen nicht ber\u00fchrt. Anstelle der unwirksamen Bestimmung oder zur Ausf\u00fcllung der L\u00fccke soll eine angemessene Regelung treten, die, soweit rechtlich m\u00f6glich, dem am n\u00e4chsten kommt, was die Vertragsparteien gewollt haben oder nach dem Sinn und Zweck dieses Vertrags gewollt haben w\u00fcrden, wenn sie den Punkt bedacht h\u00e4tten.<\/h4>\n<h4>Anlage 01:<a href=\"https:\/\/www.mein-tagwerk.de\/app\/resources\/pdf\/11BDSG.pdf\" target=\"pdf\" rel=\"noopener noreferrer\">tagwerk-\u00a7 11 BDSG<\/a><\/h4>\n<h4>Zuletzt ge\u00e4ndert: 05.2018<\/h4>\n<\/div>\n","protected":false},"excerpt":{"rendered":"<p>\u00a7 1 ALLGEMEINES (1) Gegenstand der nachfolgenden allgemeinen Gesch\u00e4ftsbedingungen ist die Nutzung des Onlinedienstes von www.mein-tagwerk.de und der dazugeh\u00fcrigen Software von Personen, die keine Verbraucher im Sinne des B\u00fcrgerlichen Gesetzbuches sind. Die tagwerk IT und Media GmbH, c\/o Kleefeld, Stresemannstra\u00dfe 110, 22769 Hamburg (im Weiteren tagwerk genannt) erbringt die unten n\u00e4her beschriebenen Leistungen ausschlie\u00dflich auf [&#038;hellip<\/p>\n","protected":false},"author":2,"featured_media":0,"parent":2577,"menu_order":4,"comment_status":"closed","ping_status":"closed","template":"template-fullwidth.php","meta":{"footnotes":""},"yoast_head":"<!-- This site is optimized with the Yoast SEO plugin v20.4 - https:\/\/yoast.com\/wordpress\/plugins\/seo\/ -->\n<title>AGB | meintagwerk<\/title>\n<meta name=\"robots\" content=\"index, follow, max-snippet:-1, max-image-preview:large, max-video-preview:-1\" \/>\n<link rel=\"canonical\" href=\"https:\/\/www.mein-tagwerk.de\/tagwerk\/ueber-uns\/agb\/\" \/>\n<meta property=\"og:locale\" content=\"de_DE\" \/>\n<meta property=\"og:type\" content=\"article\" \/>\n<meta property=\"og:title\" content=\"AGB | meintagwerk\" \/>\n<meta property=\"og:description\" content=\"\u00a7 1 ALLGEMEINES (1) Gegenstand der nachfolgenden allgemeinen Gesch\u00e4ftsbedingungen ist die Nutzung des Onlinedienstes von www.mein-tagwerk.de und der dazugeh\u00fcrigen Software von Personen, die keine Verbraucher im Sinne des B\u00fcrgerlichen Gesetzbuches sind. Die tagwerk IT und Media GmbH, c\/o Kleefeld, Stresemannstra\u00dfe 110, 22769 Hamburg (im Weiteren tagwerk genannt) erbringt die unten n\u00e4her beschriebenen Leistungen ausschlie\u00dflich auf [&amp;hellip\" \/>\n<meta property=\"og:url\" content=\"https:\/\/www.mein-tagwerk.de\/tagwerk\/ueber-uns\/agb\/\" \/>\n<meta property=\"og:site_name\" content=\"meintagwerk\" \/>\n<meta name=\"twitter:card\" content=\"summary_large_image\" \/>\n<meta name=\"twitter:label1\" content=\"Gesch\u00e4tzte Lesezeit\" \/>\n\t<meta name=\"twitter:data1\" content=\"6\u00a0Minuten\" \/>\n<script type=\"application\/ld+json\" class=\"yoast-schema-graph\">{\"@context\":\"https:\/\/schema.org\",\"@graph\":[{\"@type\":\"WebPage\",\"@id\":\"https:\/\/www.mein-tagwerk.de\/tagwerk\/ueber-uns\/agb\/\",\"url\":\"https:\/\/www.mein-tagwerk.de\/tagwerk\/ueber-uns\/agb\/\",\"name\":\"AGB | meintagwerk\",\"isPartOf\":{\"@id\":\"https:\/\/www.mein-tagwerk.de\/tagwerk\/#website\"},\"datePublished\":\"2014-12-02T09:15:26+00:00\",\"dateModified\":\"2014-12-02T09:15:26+00:00\",\"breadcrumb\":{\"@id\":\"https:\/\/www.mein-tagwerk.de\/tagwerk\/ueber-uns\/agb\/#breadcrumb\"},\"inLanguage\":\"de\",\"potentialAction\":[{\"@type\":\"ReadAction\",\"target\":[\"https:\/\/www.mein-tagwerk.de\/tagwerk\/ueber-uns\/agb\/\"]}]},{\"@type\":\"BreadcrumbList\",\"@id\":\"https:\/\/www.mein-tagwerk.de\/tagwerk\/ueber-uns\/agb\/#breadcrumb\",\"itemListElement\":[{\"@type\":\"ListItem\",\"position\":1,\"name\":\"Home\",\"item\":\"https:\/\/www.mein-tagwerk.de\/tagwerk\/\"},{\"@type\":\"ListItem\",\"position\":2,\"name\":\"\u00dcber uns\",\"item\":\"https:\/\/www.mein-tagwerk.de\/tagwerk\/ueber-uns\/\"},{\"@type\":\"ListItem\",\"position\":3,\"name\":\"AGB\"}]},{\"@type\":\"WebSite\",\"@id\":\"https:\/\/www.mein-tagwerk.de\/tagwerk\/#website\",\"url\":\"https:\/\/www.mein-tagwerk.de\/tagwerk\/\",\"name\":\"meintagwerk\",\"description\":\"Online Buchhaltung f\u00fcr Freiberufler, Freelancer und Selbst\u00e4ndige\",\"publisher\":{\"@id\":\"https:\/\/www.mein-tagwerk.de\/tagwerk\/#organization\"},\"potentialAction\":[{\"@type\":\"SearchAction\",\"target\":{\"@type\":\"EntryPoint\",\"urlTemplate\":\"https:\/\/www.mein-tagwerk.de\/tagwerk\/?s={search_term_string}\"},\"query-input\":\"required name=search_term_string\"}],\"inLanguage\":\"de\"},{\"@type\":\"Organization\",\"@id\":\"https:\/\/www.mein-tagwerk.de\/tagwerk\/#organization\",\"name\":\"tagwerk\",\"url\":\"https:\/\/www.mein-tagwerk.de\/tagwerk\/\",\"logo\":{\"@type\":\"ImageObject\",\"inLanguage\":\"de\",\"@id\":\"https:\/\/www.mein-tagwerk.de\/tagwerk\/#\/schema\/logo\/image\/\",\"url\":\"https:\/\/www.mein-tagwerk.de\/tagwerk\/wp-content\/uploads\/2013\/08\/130611_logo-tagwerk-corporate.png\",\"contentUrl\":\"https:\/\/www.mein-tagwerk.de\/tagwerk\/wp-content\/uploads\/2013\/08\/130611_logo-tagwerk-corporate.png\",\"width\":328,\"height\":140,\"caption\":\"tagwerk\"},\"image\":{\"@id\":\"https:\/\/www.mein-tagwerk.de\/tagwerk\/#\/schema\/logo\/image\/\"}}]}<\/script>\n<!-- \/ Yoast SEO plugin. -->","yoast_head_json":{"title":"AGB | meintagwerk","robots":{"index":"index","follow":"follow","max-snippet":"max-snippet:-1","max-image-preview":"max-image-preview:large","max-video-preview":"max-video-preview:-1"},"canonical":"https:\/\/www.mein-tagwerk.de\/tagwerk\/ueber-uns\/agb\/","og_locale":"de_DE","og_type":"article","og_title":"AGB | meintagwerk","og_description":"\u00a7 1 ALLGEMEINES (1) Gegenstand der nachfolgenden allgemeinen Gesch\u00e4ftsbedingungen ist die Nutzung des Onlinedienstes von www.mein-tagwerk.de und der dazugeh\u00fcrigen Software von Personen, die keine Verbraucher im Sinne des B\u00fcrgerlichen Gesetzbuches sind. Die tagwerk IT und Media GmbH, c\/o Kleefeld, Stresemannstra\u00dfe 110, 22769 Hamburg (im Weiteren tagwerk genannt) erbringt die unten n\u00e4her beschriebenen Leistungen ausschlie\u00dflich auf [&hellip","og_url":"https:\/\/www.mein-tagwerk.de\/tagwerk\/ueber-uns\/agb\/","og_site_name":"meintagwerk","twitter_card":"summary_large_image","twitter_misc":{"Gesch\u00e4tzte Lesezeit":"6\u00a0Minuten"},"schema":{"@context":"https:\/\/schema.org","@graph":[{"@type":"WebPage","@id":"https:\/\/www.mein-tagwerk.de\/tagwerk\/ueber-uns\/agb\/","url":"https:\/\/www.mein-tagwerk.de\/tagwerk\/ueber-uns\/agb\/","name":"AGB | meintagwerk","isPartOf":{"@id":"https:\/\/www.mein-tagwerk.de\/tagwerk\/#website"},"datePublished":"2014-12-02T09:15:26+00:00","dateModified":"2014-12-02T09:15:26+00:00","breadcrumb":{"@id":"https:\/\/www.mein-tagwerk.de\/tagwerk\/ueber-uns\/agb\/#breadcrumb"},"inLanguage":"de","potentialAction":[{"@type":"ReadAction","target":["https:\/\/www.mein-tagwerk.de\/tagwerk\/ueber-uns\/agb\/"]}]},{"@type":"BreadcrumbList","@id":"https:\/\/www.mein-tagwerk.de\/tagwerk\/ueber-uns\/agb\/#breadcrumb","itemListElement":[{"@type":"ListItem","position":1,"name":"Home","item":"https:\/\/www.mein-tagwerk.de\/tagwerk\/"},{"@type":"ListItem","position":2,"name":"\u00dcber uns","item":"https:\/\/www.mein-tagwerk.de\/tagwerk\/ueber-uns\/"},{"@type":"ListItem","position":3,"name":"AGB"}]},{"@type":"WebSite","@id":"https:\/\/www.mein-tagwerk.de\/tagwerk\/#website","url":"https:\/\/www.mein-tagwerk.de\/tagwerk\/","name":"meintagwerk","description":"Online Buchhaltung f\u00fcr Freiberufler, Freelancer und Selbst\u00e4ndige","publisher":{"@id":"https:\/\/www.mein-tagwerk.de\/tagwerk\/#organization"},"potentialAction":[{"@type":"SearchAction","target":{"@type":"EntryPoint","urlTemplate":"https:\/\/www.mein-tagwerk.de\/tagwerk\/?s={search_term_string}"},"query-input":"required name=search_term_string"}],"inLanguage":"de"},{"@type":"Organization","@id":"https:\/\/www.mein-tagwerk.de\/tagwerk\/#organization","name":"tagwerk","url":"https:\/\/www.mein-tagwerk.de\/tagwerk\/","logo":{"@type":"ImageObject","inLanguage":"de","@id":"https:\/\/www.mein-tagwerk.de\/tagwerk\/#\/schema\/logo\/image\/","url":"https:\/\/www.mein-tagwerk.de\/tagwerk\/wp-content\/uploads\/2013\/08\/130611_logo-tagwerk-corporate.png","contentUrl":"https:\/\/www.mein-tagwerk.de\/tagwerk\/wp-content\/uploads\/2013\/08\/130611_logo-tagwerk-corporate.png","width":328,"height":140,"caption":"tagwerk"},"image":{"@id":"https:\/\/www.mein-tagwerk.de\/tagwerk\/#\/schema\/logo\/image\/"}}]}},"_links":{"self":[{"href":"https:\/\/www.mein-tagwerk.de\/tagwerk\/wp-json\/wp\/v2\/pages\/2545"}],"collection":[{"href":"https:\/\/www.mein-tagwerk.de\/tagwerk\/wp-json\/wp\/v2\/pages"}],"about":[{"href":"https:\/\/www.mein-tagwerk.de\/tagwerk\/wp-json\/wp\/v2\/types\/page"}],"author":[{"embeddable":true,"href":"https:\/\/www.mein-tagwerk.de\/tagwerk\/wp-json\/wp\/v2\/users\/2"}],"replies":[{"embeddable":true,"href":"https:\/\/www.mein-tagwerk.de\/tagwerk\/wp-json\/wp\/v2\/comments?post=2545"}],"version-history":[{"count":0,"href":"https:\/\/www.mein-tagwerk.de\/tagwerk\/wp-json\/wp\/v2\/pages\/2545\/revisions"}],"up":[{"embeddable":true,"href":"https:\/\/www.mein-tagwerk.de\/tagwerk\/wp-json\/wp\/v2\/pages\/2577"}],"wp:attachment":[{"href":"https:\/\/www.mein-tagwerk.de\/tagwerk\/wp-json\/wp\/v2\/media?parent=2545"}],"curies":[{"name":"wp","href":"https:\/\/api.w.org\/{rel}","templated":true}]}}