{"id":2577,"date":"2014-12-02T13:38:21","date_gmt":"2014-12-02T13:38:21","guid":{"rendered":"http:\/\/www.mein-tagwerk.de\/tagwerk\/?page_id=2577"},"modified":"2022-05-17T15:09:03","modified_gmt":"2022-05-17T13:09:03","slug":"ueber-uns","status":"publish","type":"page","link":"https:\/\/www.mein-tagwerk.de\/tagwerk\/ueber-uns\/","title":{"rendered":"\u00dcber uns"},"content":{"rendered":"<div>\n<h2>Selbst ist der Freelancer und die Freelancerin.<\/h2>\n<\/div>\n<h4>Bevor wir die Buchhaltungssoftware meintagwerk gestartet haben, waren und sind wir selbst seit vielen Jahren als Freelancer t\u00e4tig und sind dabei stets auf das unliebsame Thema Buchhaltung gesto\u00dfen. Man macht es nicht gerne, aber muss ja irgendwie. Meist in Form einer WoExSchu (Word, Excel, Schuhkarton), meist aber ohne sinnvolle Buchhaltungssoftware. Irgendwann wollten wir eine L\u00f6sung im Netz, die uns selber gl\u00fccklich machen w\u00fcrde. Und damit fing alles an. Was Sie vor sich sehen ist das Ergebnis unserer Entwicklung. Wir sind gl\u00fccklich mit meintagwerk und sind uns sicher, dass wir Dich auch begeistern werden.<\/h4>\n<h2>Die Gr\u00fcnder<\/h2>\n<div><img loading=\"lazy\" decoding=\"async\" class=\"wp-image-2408 alignleft\" src=\"https:\/\/www.mein-tagwerk.de\/tagwerk\/wp-content\/uploads\/2014\/11\/Georg-IT-2-e1600948282422-909x1024.png\" alt=\"\" width=\"178\" height=\"201\" \/><\/div>\n<div>\n<h4><b>Georg Portwich<\/b> ist Diplom Physiker und ist seit 1995 als Entwickler, Freelancer und Berater im IT-Bereich t\u00e4tig. Im Jahr 2000 hat er sich auf den Onlinebereich spezialisiert. Als freier Mitarbeiter hat er sich auf die Entwicklung und den Betrieb von Content Management Systemen und Dokumenten Management Systemen spezialisiert. Auf Basis pers\u00f6nlicher Erfahrungen und Bed\u00fcrfnissen hat er mit dem Konzept und der Entwicklung von meintagwerk begonnen.<\/h4>\n<h4>Position im Unternehmen:<br \/>\nGesch\u00e4ftsf\u00fchrer, Leiter des Bereichs Entwicklung und Betrieb<\/h4>\n<p>&nbsp;<br \/>\n&nbsp;<\/p>\n<p><strong><a href=\"http:\/\/geraldmoll.de\/\"><img loading=\"lazy\" decoding=\"async\" class=\"wp-image-1828 alignleft\" src=\"https:\/\/www.mein-tagwerk.de\/tagwerk\/wp-content\/uploads\/2013\/05\/geraldmoll-tagwerk-freelancen-e1600948615380.jpg\" rel='prettyPhoto' alt=\"Online Chat\" width=\"176\" height=\"222\" srcset=\"https:\/\/www.mein-tagwerk.de\/tagwerk\/wp-content\/uploads\/2013\/05\/geraldmoll-tagwerk-freelancen-e1600948615380.jpg 271w, https:\/\/www.mein-tagwerk.de\/tagwerk\/wp-content\/uploads\/2013\/05\/geraldmoll-tagwerk-freelancen-e1600948615380-238x300.jpg 238w\" sizes=\"(max-width: 176px) 100vw, 176px\" \/><\/a><\/strong><\/p>\n<\/div>\n<div>\n<h3><\/h3>\n<div>\n<h4><span style=\"text-decoration: underline;\"><a href=\"http:\/\/geraldmoll.de\/\" target=\"_blank\" rel=\"noopener\"><strong>Prof. Gerald Moll <\/strong><\/a><\/span>ist Diplom-Designer und Hochschullehrer f\u00fcr Communication Design an der <span style=\"text-decoration: underline;\"><strong><a href=\"https:\/\/www.macromedia-fachhochschule.de\/de\/menschen\/gerald-moll\/\" target=\"_blank\" rel=\"noopener\">Hochschule Macromedia<\/a><\/strong><\/span>. Seit \u00fcber 20 Jahren ist Gerald f\u00fcr Verlage, Agenturen und Startups t\u00e4tig. Mit meintagwerk etablierte er eine eigenst\u00e4ndige Marke, um das oft spr\u00f6de, unpopul\u00e4re Image der Buchhaltung f\u00fcr Freelancer neu zu definieren. Meintagwerk ist f\u00fcr ihn das beste Tool, freiberuflich t\u00e4tige Dienstleister und Dienstleisterinnen in ihrer t\u00e4glichen Arbeit zu unterst\u00fctzen.<\/h4>\n<h4>Position im Unternehmen:<br \/>\nLeiter des Bereichs Kommunikation und User Experience<\/h4>\n<p><span style=\"color: #000000;\">Herr Moll zwitschert auf <strong><span style=\"text-decoration: underline;\"><a style=\"color: #000000; text-decoration: underline;\" href=\"https:\/\/twitter.com\/herrmoll\" target=\"_blank\" rel=\"noopener\">Twitter<\/a><\/span><\/strong>. Und f\u00fcr meintagwerk hier auf <span style=\"text-decoration: underline;\"><a style=\"color: #000000; text-decoration: underline;\" href=\"https:\/\/twitter.com\/tagwerkcampus\" target=\"_blank\" rel=\"noopener\"><strong>Twitter<\/strong><\/a><\/span> und <strong><span style=\"text-decoration: underline;\"><a style=\"color: #000000; text-decoration: underline;\" href=\"https:\/\/www.facebook.com\/meintagwerk\" target=\"_blank\" rel=\"noopener\">Facebook<\/a>.<\/span><\/strong><\/span><\/p>\n<p>&nbsp;<br \/>\n&nbsp;\n<\/p><\/div>\n<\/div>\n<div>\n<div>\n<h5 class=\"block-wrap\" style=\"width: 300px; text-align: right;\"><a class=\"blogmore\" href=\"https:\/\/www.mein-tagwerk.de\/tagwerk\/#leistungen\">Das bieten wir Dir<\/a><\/h5>\n<\/div>\n<\/div>\n","protected":false},"excerpt":{"rendered":"<p>Selbst ist der Freelancer und die Freelancerin. Bevor wir die Buchhaltungssoftware meintagwerk gestartet haben, waren und sind wir selbst seit vielen Jahren als Freelancer t\u00e4tig und sind dabei stets auf das unliebsame Thema Buchhaltung gesto\u00dfen. Man macht es nicht gerne, aber muss ja irgendwie. Meist in Form einer WoExSchu (Word, Excel, Schuhkarton), meist aber ohne [&#038;hellip<\/p>\n","protected":false},"author":2,"featured_media":0,"parent":0,"menu_order":2,"comment_status":"closed","ping_status":"closed","template":"template-fullwidth.php","meta":{"footnotes":""},"yoast_head":"<!-- This site is optimized with the Yoast SEO plugin v20.4 - https:\/\/yoast.com\/wordpress\/plugins\/seo\/ -->\n<title>\u00dcber uns | meintagwerk<\/title>\n<meta name=\"robots\" content=\"index, follow, max-snippet:-1, max-image-preview:large, max-video-preview:-1\" \/>\n<link rel=\"canonical\" href=\"https:\/\/www.mein-tagwerk.de\/tagwerk\/ueber-uns\/\" \/>\n<meta property=\"og:locale\" content=\"de_DE\" \/>\n<meta property=\"og:type\" content=\"article\" \/>\n<meta property=\"og:title\" content=\"\u00dcber uns | meintagwerk\" \/>\n<meta property=\"og:description\" content=\"Selbst ist der Freelancer und die Freelancerin. Bevor wir die Buchhaltungssoftware meintagwerk gestartet haben, waren und sind wir selbst seit vielen Jahren als Freelancer t\u00e4tig und sind dabei stets auf das unliebsame Thema Buchhaltung gesto\u00dfen. Man macht es nicht gerne, aber muss ja irgendwie. Meist in Form einer WoExSchu (Word, Excel, Schuhkarton), meist aber ohne [&amp;hellip\" \/>\n<meta property=\"og:url\" content=\"https:\/\/www.mein-tagwerk.de\/tagwerk\/ueber-uns\/\" \/>\n<meta property=\"og:site_name\" content=\"meintagwerk\" \/>\n<meta property=\"article:modified_time\" content=\"2022-05-17T13:09:03+00:00\" \/>\n<meta property=\"og:image\" content=\"https:\/\/www.mein-tagwerk.de\/tagwerk\/wp-content\/uploads\/2014\/11\/Georg-IT-2-e1600948282422-909x1024.png\" \/>\n<meta name=\"twitter:card\" content=\"summary_large_image\" \/>\n<meta name=\"twitter:label1\" content=\"Gesch\u00e4tzte Lesezeit\" \/>\n\t<meta name=\"twitter:data1\" content=\"2\u00a0Minuten\" \/>\n<script type=\"application\/ld+json\" class=\"yoast-schema-graph\">{\"@context\":\"https:\/\/schema.org\",\"@graph\":[{\"@type\":\"WebPage\",\"@id\":\"https:\/\/www.mein-tagwerk.de\/tagwerk\/ueber-uns\/\",\"url\":\"https:\/\/www.mein-tagwerk.de\/tagwerk\/ueber-uns\/\",\"name\":\"\u00dcber uns | meintagwerk\",\"isPartOf\":{\"@id\":\"https:\/\/www.mein-tagwerk.de\/tagwerk\/#website\"},\"datePublished\":\"2014-12-02T13:38:21+00:00\",\"dateModified\":\"2022-05-17T13:09:03+00:00\",\"breadcrumb\":{\"@id\":\"https:\/\/www.mein-tagwerk.de\/tagwerk\/ueber-uns\/#breadcrumb\"},\"inLanguage\":\"de\",\"potentialAction\":[{\"@type\":\"ReadAction\",\"target\":[\"https:\/\/www.mein-tagwerk.de\/tagwerk\/ueber-uns\/\"]}]},{\"@type\":\"BreadcrumbList\",\"@id\":\"https:\/\/www.mein-tagwerk.de\/tagwerk\/ueber-uns\/#breadcrumb\",\"itemListElement\":[{\"@type\":\"ListItem\",\"position\":1,\"name\":\"Home\",\"item\":\"https:\/\/www.mein-tagwerk.de\/tagwerk\/\"},{\"@type\":\"ListItem\",\"position\":2,\"name\":\"\u00dcber uns\"}]},{\"@type\":\"WebSite\",\"@id\":\"https:\/\/www.mein-tagwerk.de\/tagwerk\/#website\",\"url\":\"https:\/\/www.mein-tagwerk.de\/tagwerk\/\",\"name\":\"meintagwerk\",\"description\":\"Online Buchhaltung f\u00fcr Freiberufler, Freelancer und Selbst\u00e4ndige\",\"publisher\":{\"@id\":\"https:\/\/www.mein-tagwerk.de\/tagwerk\/#organization\"},\"potentialAction\":[{\"@type\":\"SearchAction\",\"target\":{\"@type\":\"EntryPoint\",\"urlTemplate\":\"https:\/\/www.mein-tagwerk.de\/tagwerk\/?s={search_term_string}\"},\"query-input\":\"required name=search_term_string\"}],\"inLanguage\":\"de\"},{\"@type\":\"Organization\",\"@id\":\"https:\/\/www.mein-tagwerk.de\/tagwerk\/#organization\",\"name\":\"tagwerk\",\"url\":\"https:\/\/www.mein-tagwerk.de\/tagwerk\/\",\"logo\":{\"@type\":\"ImageObject\",\"inLanguage\":\"de\",\"@id\":\"https:\/\/www.mein-tagwerk.de\/tagwerk\/#\/schema\/logo\/image\/\",\"url\":\"https:\/\/www.mein-tagwerk.de\/tagwerk\/wp-content\/uploads\/2013\/08\/130611_logo-tagwerk-corporate.png\",\"contentUrl\":\"https:\/\/www.mein-tagwerk.de\/tagwerk\/wp-content\/uploads\/2013\/08\/130611_logo-tagwerk-corporate.png\",\"width\":328,\"height\":140,\"caption\":\"tagwerk\"},\"image\":{\"@id\":\"https:\/\/www.mein-tagwerk.de\/tagwerk\/#\/schema\/logo\/image\/\"}}]}<\/script>\n<!-- \/ Yoast SEO plugin. -->","yoast_head_json":{"title":"\u00dcber uns | meintagwerk","robots":{"index":"index","follow":"follow","max-snippet":"max-snippet:-1","max-image-preview":"max-image-preview:large","max-video-preview":"max-video-preview:-1"},"canonical":"https:\/\/www.mein-tagwerk.de\/tagwerk\/ueber-uns\/","og_locale":"de_DE","og_type":"article","og_title":"\u00dcber uns | meintagwerk","og_description":"Selbst ist der Freelancer und die Freelancerin. Bevor wir die Buchhaltungssoftware meintagwerk gestartet haben, waren und sind wir selbst seit vielen Jahren als Freelancer t\u00e4tig und sind dabei stets auf das unliebsame Thema Buchhaltung gesto\u00dfen. Man macht es nicht gerne, aber muss ja irgendwie. Meist in Form einer WoExSchu (Word, Excel, Schuhkarton), meist aber ohne [&hellip","og_url":"https:\/\/www.mein-tagwerk.de\/tagwerk\/ueber-uns\/","og_site_name":"meintagwerk","article_modified_time":"2022-05-17T13:09:03+00:00","og_image":[{"url":"https:\/\/www.mein-tagwerk.de\/tagwerk\/wp-content\/uploads\/2014\/11\/Georg-IT-2-e1600948282422-909x1024.png"}],"twitter_card":"summary_large_image","twitter_misc":{"Gesch\u00e4tzte Lesezeit":"2\u00a0Minuten"},"schema":{"@context":"https:\/\/schema.org","@graph":[{"@type":"WebPage","@id":"https:\/\/www.mein-tagwerk.de\/tagwerk\/ueber-uns\/","url":"https:\/\/www.mein-tagwerk.de\/tagwerk\/ueber-uns\/","name":"\u00dcber uns | meintagwerk","isPartOf":{"@id":"https:\/\/www.mein-tagwerk.de\/tagwerk\/#website"},"datePublished":"2014-12-02T13:38:21+00:00","dateModified":"2022-05-17T13:09:03+00:00","breadcrumb":{"@id":"https:\/\/www.mein-tagwerk.de\/tagwerk\/ueber-uns\/#breadcrumb"},"inLanguage":"de","potentialAction":[{"@type":"ReadAction","target":["https:\/\/www.mein-tagwerk.de\/tagwerk\/ueber-uns\/"]}]},{"@type":"BreadcrumbList","@id":"https:\/\/www.mein-tagwerk.de\/tagwerk\/ueber-uns\/#breadcrumb","itemListElement":[{"@type":"ListItem","position":1,"name":"Home","item":"https:\/\/www.mein-tagwerk.de\/tagwerk\/"},{"@type":"ListItem","position":2,"name":"\u00dcber uns"}]},{"@type":"WebSite","@id":"https:\/\/www.mein-tagwerk.de\/tagwerk\/#website","url":"https:\/\/www.mein-tagwerk.de\/tagwerk\/","name":"meintagwerk","description":"Online Buchhaltung f\u00fcr Freiberufler, Freelancer und Selbst\u00e4ndige","publisher":{"@id":"https:\/\/www.mein-tagwerk.de\/tagwerk\/#organization"},"potentialAction":[{"@type":"SearchAction","target":{"@type":"EntryPoint","urlTemplate":"https:\/\/www.mein-tagwerk.de\/tagwerk\/?s={search_term_string}"},"query-input":"required name=search_term_string"}],"inLanguage":"de"},{"@type":"Organization","@id":"https:\/\/www.mein-tagwerk.de\/tagwerk\/#organization","name":"tagwerk","url":"https:\/\/www.mein-tagwerk.de\/tagwerk\/","logo":{"@type":"ImageObject","inLanguage":"de","@id":"https:\/\/www.mein-tagwerk.de\/tagwerk\/#\/schema\/logo\/image\/","url":"https:\/\/www.mein-tagwerk.de\/tagwerk\/wp-content\/uploads\/2013\/08\/130611_logo-tagwerk-corporate.png","contentUrl":"https:\/\/www.mein-tagwerk.de\/tagwerk\/wp-content\/uploads\/2013\/08\/130611_logo-tagwerk-corporate.png","width":328,"height":140,"caption":"tagwerk"},"image":{"@id":"https:\/\/www.mein-tagwerk.de\/tagwerk\/#\/schema\/logo\/image\/"}}]}},"_links":{"self":[{"href":"https:\/\/www.mein-tagwerk.de\/tagwerk\/wp-json\/wp\/v2\/pages\/2577"}],"collection":[{"href":"https:\/\/www.mein-tagwerk.de\/tagwerk\/wp-json\/wp\/v2\/pages"}],"about":[{"href":"https:\/\/www.mein-tagwerk.de\/tagwerk\/wp-json\/wp\/v2\/types\/page"}],"author":[{"embeddable":true,"href":"https:\/\/www.mein-tagwerk.de\/tagwerk\/wp-json\/wp\/v2\/users\/2"}],"replies":[{"embeddable":true,"href":"https:\/\/www.mein-tagwerk.de\/tagwerk\/wp-json\/wp\/v2\/comments?post=2577"}],"version-history":[{"count":27,"href":"https:\/\/www.mein-tagwerk.de\/tagwerk\/wp-json\/wp\/v2\/pages\/2577\/revisions"}],"predecessor-version":[{"id":5564,"href":"https:\/\/www.mein-tagwerk.de\/tagwerk\/wp-json\/wp\/v2\/pages\/2577\/revisions\/5564"}],"wp:attachment":[{"href":"https:\/\/www.mein-tagwerk.de\/tagwerk\/wp-json\/wp\/v2\/media?parent=2577"}],"curies":[{"name":"wp","href":"https:\/\/api.w.org\/{rel}","templated":true}]}}