{"id":2591,"date":"2014-12-04T13:19:59","date_gmt":"2014-12-04T12:19:59","guid":{"rendered":"http:\/\/www.mein-tagwerk.de\/tagwerk\/?page_id=2591"},"modified":"2022-06-03T17:22:03","modified_gmt":"2022-06-03T15:22:03","slug":"anmelden","status":"publish","type":"page","link":"https:\/\/www.mein-tagwerk.de\/tagwerk\/campus\/anmelden\/","title":{"rendered":"Anmelden"},"content":{"rendered":"<p><img loading=\"lazy\" decoding=\"async\" class=\"alignright wp-image-2602\" src=\"http:\/\/91.250.96.11\/tagwerk\/wp-content\/uploads\/2014\/12\/IPS-und-Comodo1.png\" alt=\"meintagwerk, Freiberufler, tagwerk, Freelancer, Anmelden, Buchhaltung, IPS-und-Comodo\" width=\"350\" height=\"75\" srcset=\"https:\/\/www.mein-tagwerk.de\/tagwerk\/wp-content\/uploads\/2014\/12\/IPS-und-Comodo1.png 700w, https:\/\/www.mein-tagwerk.de\/tagwerk\/wp-content\/uploads\/2014\/12\/IPS-und-Comodo1-300x64.png 300w, https:\/\/www.mein-tagwerk.de\/tagwerk\/wp-content\/uploads\/2014\/12\/IPS-und-Comodo1-622x133.png 622w\" sizes=\"(max-width: 350px) 100vw, 350px\" \/><\/p>\n<h2><\/h2>\n<h1>Online Buchhaltung f\u00fcr Freiberufler und Selbstst\u00e4ndige<\/h1>\n<h2><span style=\"color: #333333;\">Teste kostenlos! Alles f\u00fcr Deine einfache Buchhaltung!<br \/>\n<\/span><\/h2>\n<h3><\/h3>\n<h3><span style=\"color: #333333;\"><img loading=\"lazy\" decoding=\"async\" class=\"alignright wp-image-2613\" src=\"http:\/\/91.250.96.11\/tagwerk\/wp-content\/uploads\/2014\/12\/Georg-Portwich-Unser-Versprechen1.png\" alt=\"meintagwerk, Anmelden, Freelancer, Gr\u00fcnder, Freiberufler, Buchhaltung, Georg-Portwich\" width=\"350\" height=\"366\" srcset=\"https:\/\/www.mein-tagwerk.de\/tagwerk\/wp-content\/uploads\/2014\/12\/Georg-Portwich-Unser-Versprechen1.png 808w, https:\/\/www.mein-tagwerk.de\/tagwerk\/wp-content\/uploads\/2014\/12\/Georg-Portwich-Unser-Versprechen1-287x300.png 287w, https:\/\/www.mein-tagwerk.de\/tagwerk\/wp-content\/uploads\/2014\/12\/Georg-Portwich-Unser-Versprechen1-768x802.png 768w, https:\/\/www.mein-tagwerk.de\/tagwerk\/wp-content\/uploads\/2014\/12\/Georg-Portwich-Unser-Versprechen1-622x650.png 622w\" sizes=\"(max-width: 350px) 100vw, 350px\" \/><\/span><\/h3>\n<p><span style=\"color: #333333;\">\u00a0<\/span><\/p>\n<h3><span style=\"color: #333333;\">1. Unverbindlich anmelden<\/span><\/h3>\n<h4><span style=\"color: #333333;\">Du kannst zeitlich unbegrenzt meintagwerk ausprobieren und in Deinem Arbeitsalltag testen. Email eintragen gen\u00fcgt.<br \/>\n<\/span><\/h4>\n<h3><span style=\"color: #333333;\">2. Alle Funktionen testen<\/span><\/h3>\n<h4><span style=\"color: #333333;\">Dir stehen alle Leistungen zur Verf\u00fcgung und Du kannst Deine Jobs vom Angebot bis zur Abrechnung durchspielen.<\/span><\/h4>\n<h3><span style=\"color: #333333;\">3. Individuelles Paket w\u00e4hlen<\/span><\/h3>\n<h4><span style=\"color: #333333;\">Wenn Du \u00fcberzeugt bist, suchst Du Dir ein passendes Paket f\u00fcr Deinen Bedarf. Du kannst die Pakete auch kombinieren.<\/span><\/h4>\n<h3>4. Unsere 90 Tage Geld-zur\u00fcck-Garantie<\/h3>\n<h4>Du kannst zu jederzeit mit nur drei Mausklicks k\u00fcndigen. (Was Du wahrscheinlich nicht tun wirst, weil Dir Deine Buchhaltung mit meintagwerk pl\u00f6tzlich richtig Spa\u00df macht) 90 Tage nach der ersten Buchung erh\u00e4ltst Du sogar Dein Geld zur\u00fcck.<\/h4>\n<p>&nbsp;<br \/>\n<div class=\"tmnf-sc-hr\"><\/div><\/p>\n<h2><span style=\"color: #ff6600;\">Teste kostenlos! Alles f\u00fcr Deine einfache Buchhaltung!<\/span><\/h2>\n<p><iframe loading=\"lazy\" style=\"padding-top: 30px;\" src=\"\/app\/pages\/external\/registerMeinTagwerk.xhtml?color=%23808080\" width=\"1024\" height=\"120\"><\/iframe><\/p>\n<h2><div class=\"tmnf-sc-quote boxed fullsize\"><p><img loading=\"lazy\" decoding=\"async\" class=\"alignright wp-image-3655\" src=\"http:\/\/91.250.96.11\/tagwerk\/wp-content\/uploads\/2016\/06\/Gordon-Mu\u0308ller-Eschenbach-150x150.png\" alt=\"Gordon-Mueller-Eschenbach\" width=\"150\" height=\"90\" \/>L\u00e4stige Aufgaben erheblich reduzieren. <span style=\"color: #999999;\">Gordon M\u00fcller Eschenbach \u2013 Life Coach<br \/>\n<\/span><\/h2>\n<h2><\/p><\/div><\/h2>\n","protected":false},"excerpt":{"rendered":"<p>Online Buchhaltung f\u00fcr Freiberufler und Selbstst\u00e4ndige Teste kostenlos! Alles f\u00fcr Deine einfache Buchhaltung! \u00a0 1. Unverbindlich anmelden Du kannst zeitlich unbegrenzt meintagwerk ausprobieren und in Deinem Arbeitsalltag testen. Email eintragen gen\u00fcgt. 2. Alle Funktionen testen Dir stehen alle Leistungen zur Verf\u00fcgung und Du kannst Deine Jobs vom Angebot bis zur Abrechnung durchspielen. 3. Individuelles Paket [&#038;hellip<\/p>\n","protected":false},"author":2,"featured_media":0,"parent":2514,"menu_order":0,"comment_status":"closed","ping_status":"closed","template":"template-fullwidth.php","meta":{"footnotes":""},"yoast_head":"<!-- This site is optimized with the Yoast SEO plugin v20.4 - https:\/\/yoast.com\/wordpress\/plugins\/seo\/ -->\n<title>Anmelden | meintagwerk<\/title>\n<meta name=\"description\" content=\"Anmelden bei meintagwerk! Du kannst zeitlich unbegrenzt meintagwerk ausprobieren und in Deinem Arbeitsalltag testen. E-Mail eintragen gen\u00fcgt und Du kannst alle Funktionen testen.\" \/>\n<meta name=\"robots\" content=\"index, follow, max-snippet:-1, max-image-preview:large, max-video-preview:-1\" \/>\n<link rel=\"canonical\" href=\"https:\/\/www.mein-tagwerk.de\/tagwerk\/campus\/anmelden\/\" \/>\n<meta property=\"og:locale\" content=\"de_DE\" \/>\n<meta property=\"og:type\" content=\"article\" \/>\n<meta property=\"og:title\" content=\"Anmelden | meintagwerk\" \/>\n<meta property=\"og:description\" content=\"Anmelden bei meintagwerk! Du kannst zeitlich unbegrenzt meintagwerk ausprobieren und in Deinem Arbeitsalltag testen. E-Mail eintragen gen\u00fcgt und Du kannst alle Funktionen testen.\" \/>\n<meta property=\"og:url\" content=\"https:\/\/www.mein-tagwerk.de\/tagwerk\/campus\/anmelden\/\" \/>\n<meta property=\"og:site_name\" content=\"meintagwerk\" \/>\n<meta property=\"article:modified_time\" content=\"2022-06-03T15:22:03+00:00\" \/>\n<meta property=\"og:image\" content=\"http:\/\/91.250.96.11\/tagwerk\/wp-content\/uploads\/2014\/12\/IPS-und-Comodo1.png\" \/>\n<meta name=\"twitter:card\" content=\"summary_large_image\" \/>\n<meta name=\"twitter:label1\" content=\"Gesch\u00e4tzte Lesezeit\" \/>\n\t<meta name=\"twitter:data1\" content=\"2\u00a0Minuten\" \/>\n<script type=\"application\/ld+json\" class=\"yoast-schema-graph\">{\"@context\":\"https:\/\/schema.org\",\"@graph\":[{\"@type\":\"WebPage\",\"@id\":\"https:\/\/www.mein-tagwerk.de\/tagwerk\/campus\/anmelden\/\",\"url\":\"https:\/\/www.mein-tagwerk.de\/tagwerk\/campus\/anmelden\/\",\"name\":\"Anmelden | meintagwerk\",\"isPartOf\":{\"@id\":\"https:\/\/www.mein-tagwerk.de\/tagwerk\/#website\"},\"datePublished\":\"2014-12-04T12:19:59+00:00\",\"dateModified\":\"2022-06-03T15:22:03+00:00\",\"description\":\"Anmelden bei meintagwerk! Du kannst zeitlich unbegrenzt meintagwerk ausprobieren und in Deinem Arbeitsalltag testen. E-Mail eintragen gen\u00fcgt und Du kannst alle Funktionen testen.\",\"breadcrumb\":{\"@id\":\"https:\/\/www.mein-tagwerk.de\/tagwerk\/campus\/anmelden\/#breadcrumb\"},\"inLanguage\":\"de\",\"potentialAction\":[{\"@type\":\"ReadAction\",\"target\":[\"https:\/\/www.mein-tagwerk.de\/tagwerk\/campus\/anmelden\/\"]}]},{\"@type\":\"BreadcrumbList\",\"@id\":\"https:\/\/www.mein-tagwerk.de\/tagwerk\/campus\/anmelden\/#breadcrumb\",\"itemListElement\":[{\"@type\":\"ListItem\",\"position\":1,\"name\":\"Home\",\"item\":\"https:\/\/www.mein-tagwerk.de\/tagwerk\/\"},{\"@type\":\"ListItem\",\"position\":2,\"name\":\"Campus\",\"item\":\"https:\/\/www.mein-tagwerk.de\/tagwerk\/campus\/\"},{\"@type\":\"ListItem\",\"position\":3,\"name\":\"Anmelden\"}]},{\"@type\":\"WebSite\",\"@id\":\"https:\/\/www.mein-tagwerk.de\/tagwerk\/#website\",\"url\":\"https:\/\/www.mein-tagwerk.de\/tagwerk\/\",\"name\":\"meintagwerk\",\"description\":\"Online Buchhaltung f\u00fcr Freiberufler, Freelancer und Selbst\u00e4ndige\",\"publisher\":{\"@id\":\"https:\/\/www.mein-tagwerk.de\/tagwerk\/#organization\"},\"potentialAction\":[{\"@type\":\"SearchAction\",\"target\":{\"@type\":\"EntryPoint\",\"urlTemplate\":\"https:\/\/www.mein-tagwerk.de\/tagwerk\/?s={search_term_string}\"},\"query-input\":\"required name=search_term_string\"}],\"inLanguage\":\"de\"},{\"@type\":\"Organization\",\"@id\":\"https:\/\/www.mein-tagwerk.de\/tagwerk\/#organization\",\"name\":\"tagwerk\",\"url\":\"https:\/\/www.mein-tagwerk.de\/tagwerk\/\",\"logo\":{\"@type\":\"ImageObject\",\"inLanguage\":\"de\",\"@id\":\"https:\/\/www.mein-tagwerk.de\/tagwerk\/#\/schema\/logo\/image\/\",\"url\":\"https:\/\/www.mein-tagwerk.de\/tagwerk\/wp-content\/uploads\/2013\/08\/130611_logo-tagwerk-corporate.png\",\"contentUrl\":\"https:\/\/www.mein-tagwerk.de\/tagwerk\/wp-content\/uploads\/2013\/08\/130611_logo-tagwerk-corporate.png\",\"width\":328,\"height\":140,\"caption\":\"tagwerk\"},\"image\":{\"@id\":\"https:\/\/www.mein-tagwerk.de\/tagwerk\/#\/schema\/logo\/image\/\"}}]}<\/script>\n<!-- \/ Yoast SEO plugin. -->","yoast_head_json":{"title":"Anmelden | meintagwerk","description":"Anmelden bei meintagwerk! Du kannst zeitlich unbegrenzt meintagwerk ausprobieren und in Deinem Arbeitsalltag testen. E-Mail eintragen gen\u00fcgt und Du kannst alle Funktionen testen.","robots":{"index":"index","follow":"follow","max-snippet":"max-snippet:-1","max-image-preview":"max-image-preview:large","max-video-preview":"max-video-preview:-1"},"canonical":"https:\/\/www.mein-tagwerk.de\/tagwerk\/campus\/anmelden\/","og_locale":"de_DE","og_type":"article","og_title":"Anmelden | meintagwerk","og_description":"Anmelden bei meintagwerk! Du kannst zeitlich unbegrenzt meintagwerk ausprobieren und in Deinem Arbeitsalltag testen. E-Mail eintragen gen\u00fcgt und Du kannst alle Funktionen testen.","og_url":"https:\/\/www.mein-tagwerk.de\/tagwerk\/campus\/anmelden\/","og_site_name":"meintagwerk","article_modified_time":"2022-06-03T15:22:03+00:00","og_image":[{"url":"http:\/\/91.250.96.11\/tagwerk\/wp-content\/uploads\/2014\/12\/IPS-und-Comodo1.png"}],"twitter_card":"summary_large_image","twitter_misc":{"Gesch\u00e4tzte Lesezeit":"2\u00a0Minuten"},"schema":{"@context":"https:\/\/schema.org","@graph":[{"@type":"WebPage","@id":"https:\/\/www.mein-tagwerk.de\/tagwerk\/campus\/anmelden\/","url":"https:\/\/www.mein-tagwerk.de\/tagwerk\/campus\/anmelden\/","name":"Anmelden | meintagwerk","isPartOf":{"@id":"https:\/\/www.mein-tagwerk.de\/tagwerk\/#website"},"datePublished":"2014-12-04T12:19:59+00:00","dateModified":"2022-06-03T15:22:03+00:00","description":"Anmelden bei meintagwerk! Du kannst zeitlich unbegrenzt meintagwerk ausprobieren und in Deinem Arbeitsalltag testen. E-Mail eintragen gen\u00fcgt und Du kannst alle Funktionen testen.","breadcrumb":{"@id":"https:\/\/www.mein-tagwerk.de\/tagwerk\/campus\/anmelden\/#breadcrumb"},"inLanguage":"de","potentialAction":[{"@type":"ReadAction","target":["https:\/\/www.mein-tagwerk.de\/tagwerk\/campus\/anmelden\/"]}]},{"@type":"BreadcrumbList","@id":"https:\/\/www.mein-tagwerk.de\/tagwerk\/campus\/anmelden\/#breadcrumb","itemListElement":[{"@type":"ListItem","position":1,"name":"Home","item":"https:\/\/www.mein-tagwerk.de\/tagwerk\/"},{"@type":"ListItem","position":2,"name":"Campus","item":"https:\/\/www.mein-tagwerk.de\/tagwerk\/campus\/"},{"@type":"ListItem","position":3,"name":"Anmelden"}]},{"@type":"WebSite","@id":"https:\/\/www.mein-tagwerk.de\/tagwerk\/#website","url":"https:\/\/www.mein-tagwerk.de\/tagwerk\/","name":"meintagwerk","description":"Online Buchhaltung f\u00fcr Freiberufler, Freelancer und Selbst\u00e4ndige","publisher":{"@id":"https:\/\/www.mein-tagwerk.de\/tagwerk\/#organization"},"potentialAction":[{"@type":"SearchAction","target":{"@type":"EntryPoint","urlTemplate":"https:\/\/www.mein-tagwerk.de\/tagwerk\/?s={search_term_string}"},"query-input":"required name=search_term_string"}],"inLanguage":"de"},{"@type":"Organization","@id":"https:\/\/www.mein-tagwerk.de\/tagwerk\/#organization","name":"tagwerk","url":"https:\/\/www.mein-tagwerk.de\/tagwerk\/","logo":{"@type":"ImageObject","inLanguage":"de","@id":"https:\/\/www.mein-tagwerk.de\/tagwerk\/#\/schema\/logo\/image\/","url":"https:\/\/www.mein-tagwerk.de\/tagwerk\/wp-content\/uploads\/2013\/08\/130611_logo-tagwerk-corporate.png","contentUrl":"https:\/\/www.mein-tagwerk.de\/tagwerk\/wp-content\/uploads\/2013\/08\/130611_logo-tagwerk-corporate.png","width":328,"height":140,"caption":"tagwerk"},"image":{"@id":"https:\/\/www.mein-tagwerk.de\/tagwerk\/#\/schema\/logo\/image\/"}}]}},"_links":{"self":[{"href":"https:\/\/www.mein-tagwerk.de\/tagwerk\/wp-json\/wp\/v2\/pages\/2591"}],"collection":[{"href":"https:\/\/www.mein-tagwerk.de\/tagwerk\/wp-json\/wp\/v2\/pages"}],"about":[{"href":"https:\/\/www.mein-tagwerk.de\/tagwerk\/wp-json\/wp\/v2\/types\/page"}],"author":[{"embeddable":true,"href":"https:\/\/www.mein-tagwerk.de\/tagwerk\/wp-json\/wp\/v2\/users\/2"}],"replies":[{"embeddable":true,"href":"https:\/\/www.mein-tagwerk.de\/tagwerk\/wp-json\/wp\/v2\/comments?post=2591"}],"version-history":[{"count":13,"href":"https:\/\/www.mein-tagwerk.de\/tagwerk\/wp-json\/wp\/v2\/pages\/2591\/revisions"}],"predecessor-version":[{"id":5702,"href":"https:\/\/www.mein-tagwerk.de\/tagwerk\/wp-json\/wp\/v2\/pages\/2591\/revisions\/5702"}],"up":[{"embeddable":true,"href":"https:\/\/www.mein-tagwerk.de\/tagwerk\/wp-json\/wp\/v2\/pages\/2514"}],"wp:attachment":[{"href":"https:\/\/www.mein-tagwerk.de\/tagwerk\/wp-json\/wp\/v2\/media?parent=2591"}],"curies":[{"name":"wp","href":"https:\/\/api.w.org\/{rel}","templated":true}]}}