{"id":3129,"date":"2021-08-01T11:05:48","date_gmt":"2021-08-01T09:05:48","guid":{"rendered":"http:\/\/www.mein-tagwerk.de\/tagwerk\/?page_id=3129"},"modified":"2021-08-18T19:45:54","modified_gmt":"2021-08-18T17:45:54","slug":"live-chat-mit-tagwerk","status":"publish","type":"page","link":"https:\/\/www.mein-tagwerk.de\/tagwerk\/live-chat-mit-tagwerk\/","title":{"rendered":"Live Chat mit meintagwerk"},"content":{"rendered":"<p>00<\/p>\n<h2 style=\"text-align: center;\"><img loading=\"lazy\" decoding=\"async\" class=\"aligncenter wp-image-4083\" src=\"http:\/\/91.250.96.11\/tagwerk\/wp-content\/uploads\/2015\/04\/meintagwerk-live-chat.jpg\" alt=\"meintagwerk, Live Chat, Freelancer, Buchhaltung, Freiberufler\" width=\"450\" height=\"450\" srcset=\"https:\/\/www.mein-tagwerk.de\/tagwerk\/wp-content\/uploads\/2015\/04\/meintagwerk-live-chat.jpg 648w, https:\/\/www.mein-tagwerk.de\/tagwerk\/wp-content\/uploads\/2015\/04\/meintagwerk-live-chat-300x300.jpg 300w, https:\/\/www.mein-tagwerk.de\/tagwerk\/wp-content\/uploads\/2015\/04\/meintagwerk-live-chat-150x150.jpg 150w, https:\/\/www.mein-tagwerk.de\/tagwerk\/wp-content\/uploads\/2015\/04\/meintagwerk-live-chat-622x622.jpg 622w\" sizes=\"(max-width: 450px) 100vw, 450px\" \/><\/h2>\n<p>&nbsp;<\/p>\n<p>Liebe Tagwerker,<\/p>\n<p>Ihr habt es sicher schon gemerkt, wir nehmen den letzten Teil von Software as a SERVICE ziemlich ernst!<\/p>\n<p>Deshalb haben wir auch ganz neu und extra f\u00fcr Euch unseren Support noch weiter verbessert: Im Livechat stehen wir f\u00fcr Eure Fragen zu tagwerk und Steuern zur Verf\u00fcgung.<\/p>\n<p>Von 14:00 bis 15:00 freitags wird also ab jetzt der Zeitraum sein, in dem ihr alle Eure Probleme -zumindest die, die im entferntesten Sinne mit Buchhaltung und Steuern, oder solchen wundersamen Dingen wie <a href=\"https:\/\/www.mein-tagwerk.de\/tagwerk\/buchhaltungstipp-bewirtungsbelege-und-trinkgeld\/\">Trinkgeld<\/a> buchen, zu tun haben- gemeinsam mit Gerald l\u00f6sen k\u00f6nnt.<\/p>\n<p>&nbsp;<\/p>\n<p>&nbsp;<\/p>\n<p style=\"text-align: center;\">Im Live Chat stehen wir f\u00fcr Fragen zur Verf\u00fcgung.<\/p>\n<p style=\"text-align: center;\">Keine Installation von Software n\u00f6tig, einfach auf den Link unten klicken, und uns eine Nachricht zukommen lassen.<\/p>\n<h2 style=\"text-align: center;\"><\/h2>\n<h6><span class=\"block-wrap\"><a class=\"blogmore\" href=\"mailto:moll@mein-tagwerk.de\" target=\"_blank\" rel=\"noopener noreferrer\"> Live Chat anfragen.<\/a><\/span><\/h6>\n<p>&nbsp;<\/p>\n<p>&nbsp;<\/p>\n<p>&nbsp;<\/p>\n<p><a href=\"https:\/\/www.youtube.com\/watch?v=_AF-bWqQe48\">mein tagwerk \u2013 Spass bei der Buchhaltung?<\/a> Schau Dir unser Video an \ud83d\ude42<\/p>\n","protected":false},"excerpt":{"rendered":"<p>00 &nbsp; Liebe Tagwerker, Ihr habt es sicher schon gemerkt, wir nehmen den letzten Teil von Software as a SERVICE ziemlich ernst! Deshalb haben wir auch ganz neu und extra f\u00fcr Euch unseren Support noch weiter verbessert: Im Livechat stehen wir f\u00fcr Eure Fragen zu tagwerk und Steuern zur Verf\u00fcgung. Von 14:00 bis 15:00 freitags [&#038;hellip<\/p>\n","protected":false},"author":4,"featured_media":0,"parent":0,"menu_order":0,"comment_status":"closed","ping_status":"closed","template":"","meta":{"footnotes":""},"yoast_head":"<!-- This site is optimized with the Yoast SEO plugin v20.4 - https:\/\/yoast.com\/wordpress\/plugins\/seo\/ -->\n<title>Live Chat | mein tagwerk<\/title>\n<meta name=\"description\" content=\"Wir beantworten im Live Chat Deine Fragen zum Stundensatz berechnen, Kleinunternehmer-Regelung oder der mobilen Smartphone Version.\" \/>\n<meta name=\"robots\" content=\"index, follow, max-snippet:-1, max-image-preview:large, max-video-preview:-1\" \/>\n<link rel=\"canonical\" href=\"https:\/\/www.mein-tagwerk.de\/tagwerk\/live-chat-mit-tagwerk\/\" \/>\n<meta property=\"og:locale\" content=\"de_DE\" \/>\n<meta property=\"og:type\" content=\"article\" \/>\n<meta property=\"og:title\" content=\"Live Chat | mein tagwerk\" \/>\n<meta property=\"og:description\" content=\"Wir beantworten im Live Chat Deine Fragen zum Stundensatz berechnen, Kleinunternehmer-Regelung oder der mobilen Smartphone Version.\" \/>\n<meta property=\"og:url\" content=\"https:\/\/www.mein-tagwerk.de\/tagwerk\/live-chat-mit-tagwerk\/\" \/>\n<meta property=\"og:site_name\" content=\"meintagwerk\" \/>\n<meta property=\"article:modified_time\" content=\"2021-08-18T17:45:54+00:00\" \/>\n<meta property=\"og:image\" content=\"http:\/\/www.mein-tagwerk.de\/tagwerk\/wp-content\/uploads\/2015\/04\/Stundensatz-berechnen--Die-5-wichtigsten-Schritte-fuer-Freiberufler-1.jpg\" \/>\n<meta name=\"twitter:card\" content=\"summary_large_image\" \/>\n<meta name=\"twitter:label1\" content=\"Gesch\u00e4tzte Lesezeit\" \/>\n\t<meta name=\"twitter:data1\" content=\"1\u00a0Minute\" \/>\n<script type=\"application\/ld+json\" class=\"yoast-schema-graph\">{\"@context\":\"https:\/\/schema.org\",\"@graph\":[{\"@type\":\"WebPage\",\"@id\":\"https:\/\/www.mein-tagwerk.de\/tagwerk\/live-chat-mit-tagwerk\/\",\"url\":\"https:\/\/www.mein-tagwerk.de\/tagwerk\/live-chat-mit-tagwerk\/\",\"name\":\"Live Chat | mein tagwerk\",\"isPartOf\":{\"@id\":\"https:\/\/www.mein-tagwerk.de\/tagwerk\/#website\"},\"datePublished\":\"2021-08-01T09:05:48+00:00\",\"dateModified\":\"2021-08-18T17:45:54+00:00\",\"description\":\"Wir beantworten im Live Chat Deine Fragen zum Stundensatz berechnen, Kleinunternehmer-Regelung oder der mobilen Smartphone Version.\",\"breadcrumb\":{\"@id\":\"https:\/\/www.mein-tagwerk.de\/tagwerk\/live-chat-mit-tagwerk\/#breadcrumb\"},\"inLanguage\":\"de\",\"potentialAction\":[{\"@type\":\"ReadAction\",\"target\":[\"https:\/\/www.mein-tagwerk.de\/tagwerk\/live-chat-mit-tagwerk\/\"]}]},{\"@type\":\"BreadcrumbList\",\"@id\":\"https:\/\/www.mein-tagwerk.de\/tagwerk\/live-chat-mit-tagwerk\/#breadcrumb\",\"itemListElement\":[{\"@type\":\"ListItem\",\"position\":1,\"name\":\"Home\",\"item\":\"https:\/\/www.mein-tagwerk.de\/tagwerk\/\"},{\"@type\":\"ListItem\",\"position\":2,\"name\":\"Live Chat mit meintagwerk\"}]},{\"@type\":\"WebSite\",\"@id\":\"https:\/\/www.mein-tagwerk.de\/tagwerk\/#website\",\"url\":\"https:\/\/www.mein-tagwerk.de\/tagwerk\/\",\"name\":\"meintagwerk\",\"description\":\"Online Buchhaltung f\u00fcr Freiberufler, Freelancer und Selbst\u00e4ndige\",\"publisher\":{\"@id\":\"https:\/\/www.mein-tagwerk.de\/tagwerk\/#organization\"},\"potentialAction\":[{\"@type\":\"SearchAction\",\"target\":{\"@type\":\"EntryPoint\",\"urlTemplate\":\"https:\/\/www.mein-tagwerk.de\/tagwerk\/?s={search_term_string}\"},\"query-input\":\"required name=search_term_string\"}],\"inLanguage\":\"de\"},{\"@type\":\"Organization\",\"@id\":\"https:\/\/www.mein-tagwerk.de\/tagwerk\/#organization\",\"name\":\"tagwerk\",\"url\":\"https:\/\/www.mein-tagwerk.de\/tagwerk\/\",\"logo\":{\"@type\":\"ImageObject\",\"inLanguage\":\"de\",\"@id\":\"https:\/\/www.mein-tagwerk.de\/tagwerk\/#\/schema\/logo\/image\/\",\"url\":\"https:\/\/www.mein-tagwerk.de\/tagwerk\/wp-content\/uploads\/2013\/08\/130611_logo-tagwerk-corporate.png\",\"contentUrl\":\"https:\/\/www.mein-tagwerk.de\/tagwerk\/wp-content\/uploads\/2013\/08\/130611_logo-tagwerk-corporate.png\",\"width\":328,\"height\":140,\"caption\":\"tagwerk\"},\"image\":{\"@id\":\"https:\/\/www.mein-tagwerk.de\/tagwerk\/#\/schema\/logo\/image\/\"}}]}<\/script>\n<!-- \/ Yoast SEO plugin. -->","yoast_head_json":{"title":"Live Chat | mein tagwerk","description":"Wir beantworten im Live Chat Deine Fragen zum Stundensatz berechnen, Kleinunternehmer-Regelung oder der mobilen Smartphone Version.","robots":{"index":"index","follow":"follow","max-snippet":"max-snippet:-1","max-image-preview":"max-image-preview:large","max-video-preview":"max-video-preview:-1"},"canonical":"https:\/\/www.mein-tagwerk.de\/tagwerk\/live-chat-mit-tagwerk\/","og_locale":"de_DE","og_type":"article","og_title":"Live Chat | mein tagwerk","og_description":"Wir beantworten im Live Chat Deine Fragen zum Stundensatz berechnen, Kleinunternehmer-Regelung oder der mobilen Smartphone Version.","og_url":"https:\/\/www.mein-tagwerk.de\/tagwerk\/live-chat-mit-tagwerk\/","og_site_name":"meintagwerk","article_modified_time":"2021-08-18T17:45:54+00:00","og_image":[{"url":"http:\/\/www.mein-tagwerk.de\/tagwerk\/wp-content\/uploads\/2015\/04\/Stundensatz-berechnen--Die-5-wichtigsten-Schritte-fuer-Freiberufler-1.jpg"}],"twitter_card":"summary_large_image","twitter_misc":{"Gesch\u00e4tzte Lesezeit":"1\u00a0Minute"},"schema":{"@context":"https:\/\/schema.org","@graph":[{"@type":"WebPage","@id":"https:\/\/www.mein-tagwerk.de\/tagwerk\/live-chat-mit-tagwerk\/","url":"https:\/\/www.mein-tagwerk.de\/tagwerk\/live-chat-mit-tagwerk\/","name":"Live Chat | mein tagwerk","isPartOf":{"@id":"https:\/\/www.mein-tagwerk.de\/tagwerk\/#website"},"datePublished":"2021-08-01T09:05:48+00:00","dateModified":"2021-08-18T17:45:54+00:00","description":"Wir beantworten im Live Chat Deine Fragen zum Stundensatz berechnen, Kleinunternehmer-Regelung oder der mobilen Smartphone Version.","breadcrumb":{"@id":"https:\/\/www.mein-tagwerk.de\/tagwerk\/live-chat-mit-tagwerk\/#breadcrumb"},"inLanguage":"de","potentialAction":[{"@type":"ReadAction","target":["https:\/\/www.mein-tagwerk.de\/tagwerk\/live-chat-mit-tagwerk\/"]}]},{"@type":"BreadcrumbList","@id":"https:\/\/www.mein-tagwerk.de\/tagwerk\/live-chat-mit-tagwerk\/#breadcrumb","itemListElement":[{"@type":"ListItem","position":1,"name":"Home","item":"https:\/\/www.mein-tagwerk.de\/tagwerk\/"},{"@type":"ListItem","position":2,"name":"Live Chat mit meintagwerk"}]},{"@type":"WebSite","@id":"https:\/\/www.mein-tagwerk.de\/tagwerk\/#website","url":"https:\/\/www.mein-tagwerk.de\/tagwerk\/","name":"meintagwerk","description":"Online Buchhaltung f\u00fcr Freiberufler, Freelancer und Selbst\u00e4ndige","publisher":{"@id":"https:\/\/www.mein-tagwerk.de\/tagwerk\/#organization"},"potentialAction":[{"@type":"SearchAction","target":{"@type":"EntryPoint","urlTemplate":"https:\/\/www.mein-tagwerk.de\/tagwerk\/?s={search_term_string}"},"query-input":"required name=search_term_string"}],"inLanguage":"de"},{"@type":"Organization","@id":"https:\/\/www.mein-tagwerk.de\/tagwerk\/#organization","name":"tagwerk","url":"https:\/\/www.mein-tagwerk.de\/tagwerk\/","logo":{"@type":"ImageObject","inLanguage":"de","@id":"https:\/\/www.mein-tagwerk.de\/tagwerk\/#\/schema\/logo\/image\/","url":"https:\/\/www.mein-tagwerk.de\/tagwerk\/wp-content\/uploads\/2013\/08\/130611_logo-tagwerk-corporate.png","contentUrl":"https:\/\/www.mein-tagwerk.de\/tagwerk\/wp-content\/uploads\/2013\/08\/130611_logo-tagwerk-corporate.png","width":328,"height":140,"caption":"tagwerk"},"image":{"@id":"https:\/\/www.mein-tagwerk.de\/tagwerk\/#\/schema\/logo\/image\/"}}]}},"_links":{"self":[{"href":"https:\/\/www.mein-tagwerk.de\/tagwerk\/wp-json\/wp\/v2\/pages\/3129"}],"collection":[{"href":"https:\/\/www.mein-tagwerk.de\/tagwerk\/wp-json\/wp\/v2\/pages"}],"about":[{"href":"https:\/\/www.mein-tagwerk.de\/tagwerk\/wp-json\/wp\/v2\/types\/page"}],"author":[{"embeddable":true,"href":"https:\/\/www.mein-tagwerk.de\/tagwerk\/wp-json\/wp\/v2\/users\/4"}],"replies":[{"embeddable":true,"href":"https:\/\/www.mein-tagwerk.de\/tagwerk\/wp-json\/wp\/v2\/comments?post=3129"}],"version-history":[{"count":5,"href":"https:\/\/www.mein-tagwerk.de\/tagwerk\/wp-json\/wp\/v2\/pages\/3129\/revisions"}],"predecessor-version":[{"id":5174,"href":"https:\/\/www.mein-tagwerk.de\/tagwerk\/wp-json\/wp\/v2\/pages\/3129\/revisions\/5174"}],"wp:attachment":[{"href":"https:\/\/www.mein-tagwerk.de\/tagwerk\/wp-json\/wp\/v2\/media?parent=3129"}],"curies":[{"name":"wp","href":"https:\/\/api.w.org\/{rel}","templated":true}]}}