{"id":3570,"date":"2021-08-16T14:32:06","date_gmt":"2021-08-16T12:32:06","guid":{"rendered":"http:\/\/www.mein-tagwerk.de\/tagwerk\/?page_id=3570"},"modified":"2022-02-19T04:44:26","modified_gmt":"2022-02-19T03:44:26","slug":"einnahmenueberschussrechnung-einnahmen-ueberschuss-rechnung","status":"publish","type":"page","link":"https:\/\/www.mein-tagwerk.de\/tagwerk\/einnahmenueberschussrechnung-einnahmen-ueberschuss-rechnung\/","title":{"rendered":"Einnahmen\u00fcberschussrechnung"},"content":{"rendered":"<h1><\/h1>\n<h1>Was Du alles kannst: Einnahmen\u00fcberschussrechnung (E\u00dcR) und&nbsp; Umsatzsteuervoranmeldung, Rechnungen, Belege, Reisekosten.<\/h1>\n<p>&nbsp;<\/p>\n<p class=\"alignleft\"><img loading=\"lazy\" decoding=\"async\" class=\"sub-page-image-1 alignleft wp-image-3647\" src=\"http:\/\/91.250.96.11\/tagwerk\/wp-content\/uploads\/2016\/05\/einnahmenu\u0308berschussrechnung-1.png\" alt=\"Einnahmen\u00fcberschussrechnung\" width=\"500\" height=\"556\" srcset=\"https:\/\/www.mein-tagwerk.de\/tagwerk\/wp-content\/uploads\/2016\/05\/einnahmenu\u0308berschussrechnung-1.png 900w, https:\/\/www.mein-tagwerk.de\/tagwerk\/wp-content\/uploads\/2016\/05\/einnahmenu\u0308berschussrechnung-1-270x300.png 270w, https:\/\/www.mein-tagwerk.de\/tagwerk\/wp-content\/uploads\/2016\/05\/einnahmenu\u0308berschussrechnung-1-768x853.png 768w, https:\/\/www.mein-tagwerk.de\/tagwerk\/wp-content\/uploads\/2016\/05\/einnahmenu\u0308berschussrechnung-1-622x691.png 622w\" sizes=\"(max-width: 500px) 100vw, 500px\" \/><\/p>\n<h2>Buchhaltung &amp; Finanzen. Einfach gut gemacht.<\/h2>\n<p>Allen Kleinunternehmern, Freiberuflern oder Selbstst\u00e4ndigern mit <a href=\"https:\/\/www.mein-tagwerk.de\/tagwerk\/tagwerktipp-einnahmen-uberschuss-rechnung-teil-1\/\">Einnahmen\u00fcberschussrechnung<\/a> (E\u00dcR) macht unsere Buchhaltungssoftware das Leben leichter. Ohne Vorkenntnisse hast du Buchhaltung und Finanzen sofort im Griff. Wir machen das f\u00fcr dich. Erfasse deine Belege per SmartphoneApp, schreibe Rechnungen von unterwegs. Scanne Belege oder Rechnungen ein, lade sie hoch und die Buchung ist gespeichert. So hast du immer alle Daten zur Hand. Und jederzeit und von \u00fcberall den \u00dcberblick \u00fcber deine Projekte. Damit sparst du Geld, Nerven und Stunden. Zeit f\u00fcr die wichtigen Dinge im Leben \u2013 also deine Ideen? Geschenkt. Von uns.<\/p>\n<p>&nbsp;<\/p>\n<p>&nbsp;<\/p>\n<p><span style=\"color: #ff6600;\"><a style=\"color: #ff6600;\" href=\"https:\/\/www.mein-tagwerk.de\/tagwerk\/campus\/how-to\/\">Schau Dir in Ruhe unsere Videos an<\/a>.<\/span><\/p>\n<p>&nbsp;<\/p>\n<h2><div class=\"tmnf-sc-quote boxed fullsize\"><p><a href=\"https:\/\/www.mein-tagwerk.de\/tagwerk\/business-travel-management-michael-zwickl\/\"><img loading=\"lazy\" decoding=\"async\" class=\"alignright wp-image-3673 size-thumbnail\" src=\"http:\/\/91.250.96.11\/tagwerk\/wp-content\/uploads\/2016\/05\/Michael-Zwickl-150x150.png\" rel='prettyPhoto' alt=\"Einnahmen\u00fcberschussrechnung, Michael-Zwickl\" width=\"150\" height=\"150\" srcset=\"https:\/\/www.mein-tagwerk.de\/tagwerk\/wp-content\/uploads\/2016\/05\/Michael-Zwickl-150x150.png 150w, https:\/\/www.mein-tagwerk.de\/tagwerk\/wp-content\/uploads\/2016\/05\/Michael-Zwickl.png 260w\" sizes=\"(max-width: 150px) 100vw, 150px\" \/><\/a>Zeitaufwand f\u00fcr die gesamte Verwaltung wesentlich verringern. <span style=\"color: #999999;\">Michael Zwickl \u2013 Travel Management<br \/>\n<\/span><\/h2>\n<h2><\/p><\/div><\/h2>\n<h4>Weitere Leistungen<\/h4>\n<h4 class=\"sub-page-list-1\"><span style=\"color: #679a2b;\"><div class=\"threecol-one\"><a style=\"color: #679a2b;\" href=\"https:\/\/www.mein-tagwerk.de\/tagwerk\/buchhaltungssoftware\/\">Buchhaltungssoftware<\/a><\/div> <div class=\"threecol-one\"><a style=\"color: #679a2b;\" href=\"https:\/\/www.mein-tagwerk.de\/tagwerk\/stundensatz-berechnen-deine-freiberufliche-taetigkeit\/\">Stundensatz berechnen<\/a><\/div> <div class=\"threecol-one last\"><a style=\"color: #679a2b;\" href=\"https:\/\/www.mein-tagwerk.de\/tagwerk\/einnahmenueberschussrechnung-einnahmen-ueberschuss-rechnung\">Einnahmen\u00fcberschussrechnung <\/a><\/div><\/span><\/h4>\n<h4 class=\"sub-page-list-1\"><span style=\"color: #679a2b;\"><div class=\"threecol-one\"><a style=\"color: #679a2b;\" href=\"https:\/\/www.mein-tagwerk.de\/tagwerk\/rechnung-online\/\">Rechnung online<\/a><\/div> <div class=\"threecol-one\"><a style=\"color: #679a2b;\" href=\"https:\/\/www.mein-tagwerk.de\/tagwerk\/angebote-kalkulieren\/\">Angebote kalkulieren<\/a><\/div> <div class=\"threecol-one last\"><a style=\"color: #679a2b;\" href=\"https:\/\/www.mein-tagwerk.de\/tagwerk\/umsatzsteuervoranmeldung\/\">Umsatzsteuervoranmeldung<\/a><\/div> <\/span><\/h4>\n<h4 class=\"sub-page-list-1\"><span style=\"color: #679a2b;\"><div class=\"threecol-one\"><a style=\"color: #679a2b;\" href=\"https:\/\/www.mein-tagwerk.de\/tagwerk\/zeiterfassung-online\/\">Zeiterfassung<\/a><\/div> <div class=\"threecol-one\"><a style=\"color: #679a2b;\" href=\"https:\/\/www.mein-tagwerk.de\/tagwerk\/reisekostenabrechnung\/\">Reisekostenabrechnung<\/a><\/div> <div class=\"threecol-one last\"><a style=\"color: #679a2b;\" href=\"https:\/\/www.mein-tagwerk.de\/tagwerk\/belege-erfassen-app\/\">Belege erfassen<\/a><\/div> <\/span><\/h4>\n<p>&nbsp;<\/p>\n<p>&nbsp;<\/p>\n","protected":false},"excerpt":{"rendered":"<p>Was Du alles kannst: Einnahmen\u00fcberschussrechnung (E\u00dcR) und&nbsp; Umsatzsteuervoranmeldung, Rechnungen, Belege, Reisekosten. &nbsp; Buchhaltung &amp; Finanzen. Einfach gut gemacht. Allen Kleinunternehmern, Freiberuflern oder Selbstst\u00e4ndigern mit Einnahmen\u00fcberschussrechnung (E\u00dcR) macht unsere Buchhaltungssoftware das Leben leichter. Ohne Vorkenntnisse hast du Buchhaltung und Finanzen sofort im Griff. Wir machen das f\u00fcr dich. Erfasse deine Belege per SmartphoneApp, schreibe Rechnungen von [&#038;hellip<\/p>\n","protected":false},"author":2,"featured_media":0,"parent":0,"menu_order":0,"comment_status":"closed","ping_status":"closed","template":"template-fullwidth.php","meta":{"footnotes":""},"yoast_head":"<!-- This site is optimized with the Yoast SEO plugin v20.4 - https:\/\/yoast.com\/wordpress\/plugins\/seo\/ -->\n<title>Einnahmen\u00fcberschussrechnung f\u00fcr Kleinunternehmer | Vorlage | Excel<\/title>\n<meta name=\"description\" content=\"Einnahmen\u00fcberschussrechnung f\u00fcr Kleinunternehmer, Freiberufler, | Vorlage | Excel. Unsere Buchhaltungssoftware macht es Dir leichter.\" \/>\n<meta name=\"robots\" content=\"index, follow, max-snippet:-1, max-image-preview:large, max-video-preview:-1\" \/>\n<link rel=\"canonical\" href=\"https:\/\/www.mein-tagwerk.de\/tagwerk\/einnahmenueberschussrechnung-einnahmen-ueberschuss-rechnung\/\" \/>\n<meta property=\"og:locale\" content=\"de_DE\" \/>\n<meta property=\"og:type\" content=\"article\" \/>\n<meta property=\"og:title\" content=\"Einnahmen\u00fcberschussrechnung f\u00fcr Kleinunternehmer | Vorlage | Excel\" \/>\n<meta property=\"og:description\" content=\"Einnahmen\u00fcberschussrechnung f\u00fcr Kleinunternehmer, Freiberufler, | Vorlage | Excel. Unsere Buchhaltungssoftware macht es Dir leichter.\" \/>\n<meta property=\"og:url\" content=\"https:\/\/www.mein-tagwerk.de\/tagwerk\/einnahmenueberschussrechnung-einnahmen-ueberschuss-rechnung\/\" \/>\n<meta property=\"og:site_name\" content=\"meintagwerk\" \/>\n<meta property=\"article:modified_time\" content=\"2022-02-19T03:44:26+00:00\" \/>\n<meta property=\"og:image\" content=\"http:\/\/91.250.96.11\/tagwerk\/wp-content\/uploads\/2016\/05\/einnahmenu\u0308berschussrechnung-1.png\" \/>\n<meta name=\"twitter:card\" content=\"summary_large_image\" \/>\n<meta name=\"twitter:label1\" content=\"Gesch\u00e4tzte Lesezeit\" \/>\n\t<meta name=\"twitter:data1\" content=\"2\u00a0Minuten\" \/>\n<script type=\"application\/ld+json\" class=\"yoast-schema-graph\">{\"@context\":\"https:\/\/schema.org\",\"@graph\":[{\"@type\":\"WebPage\",\"@id\":\"https:\/\/www.mein-tagwerk.de\/tagwerk\/einnahmenueberschussrechnung-einnahmen-ueberschuss-rechnung\/\",\"url\":\"https:\/\/www.mein-tagwerk.de\/tagwerk\/einnahmenueberschussrechnung-einnahmen-ueberschuss-rechnung\/\",\"name\":\"Einnahmen\u00fcberschussrechnung f\u00fcr Kleinunternehmer | Vorlage | Excel\",\"isPartOf\":{\"@id\":\"https:\/\/www.mein-tagwerk.de\/tagwerk\/#website\"},\"datePublished\":\"2021-08-16T12:32:06+00:00\",\"dateModified\":\"2022-02-19T03:44:26+00:00\",\"description\":\"Einnahmen\u00fcberschussrechnung f\u00fcr Kleinunternehmer, Freiberufler, | Vorlage | Excel. Unsere Buchhaltungssoftware macht es Dir leichter.\",\"breadcrumb\":{\"@id\":\"https:\/\/www.mein-tagwerk.de\/tagwerk\/einnahmenueberschussrechnung-einnahmen-ueberschuss-rechnung\/#breadcrumb\"},\"inLanguage\":\"de\",\"potentialAction\":[{\"@type\":\"ReadAction\",\"target\":[\"https:\/\/www.mein-tagwerk.de\/tagwerk\/einnahmenueberschussrechnung-einnahmen-ueberschuss-rechnung\/\"]}]},{\"@type\":\"BreadcrumbList\",\"@id\":\"https:\/\/www.mein-tagwerk.de\/tagwerk\/einnahmenueberschussrechnung-einnahmen-ueberschuss-rechnung\/#breadcrumb\",\"itemListElement\":[{\"@type\":\"ListItem\",\"position\":1,\"name\":\"Home\",\"item\":\"https:\/\/www.mein-tagwerk.de\/tagwerk\/\"},{\"@type\":\"ListItem\",\"position\":2,\"name\":\"Einnahmen\u00fcberschussrechnung\"}]},{\"@type\":\"WebSite\",\"@id\":\"https:\/\/www.mein-tagwerk.de\/tagwerk\/#website\",\"url\":\"https:\/\/www.mein-tagwerk.de\/tagwerk\/\",\"name\":\"meintagwerk\",\"description\":\"Online Buchhaltung f\u00fcr Freiberufler, Freelancer und Selbst\u00e4ndige\",\"publisher\":{\"@id\":\"https:\/\/www.mein-tagwerk.de\/tagwerk\/#organization\"},\"potentialAction\":[{\"@type\":\"SearchAction\",\"target\":{\"@type\":\"EntryPoint\",\"urlTemplate\":\"https:\/\/www.mein-tagwerk.de\/tagwerk\/?s={search_term_string}\"},\"query-input\":\"required name=search_term_string\"}],\"inLanguage\":\"de\"},{\"@type\":\"Organization\",\"@id\":\"https:\/\/www.mein-tagwerk.de\/tagwerk\/#organization\",\"name\":\"tagwerk\",\"url\":\"https:\/\/www.mein-tagwerk.de\/tagwerk\/\",\"logo\":{\"@type\":\"ImageObject\",\"inLanguage\":\"de\",\"@id\":\"https:\/\/www.mein-tagwerk.de\/tagwerk\/#\/schema\/logo\/image\/\",\"url\":\"https:\/\/www.mein-tagwerk.de\/tagwerk\/wp-content\/uploads\/2013\/08\/130611_logo-tagwerk-corporate.png\",\"contentUrl\":\"https:\/\/www.mein-tagwerk.de\/tagwerk\/wp-content\/uploads\/2013\/08\/130611_logo-tagwerk-corporate.png\",\"width\":328,\"height\":140,\"caption\":\"tagwerk\"},\"image\":{\"@id\":\"https:\/\/www.mein-tagwerk.de\/tagwerk\/#\/schema\/logo\/image\/\"}}]}<\/script>\n<!-- \/ Yoast SEO plugin. -->","yoast_head_json":{"title":"Einnahmen\u00fcberschussrechnung f\u00fcr Kleinunternehmer | Vorlage | Excel","description":"Einnahmen\u00fcberschussrechnung f\u00fcr Kleinunternehmer, Freiberufler, | Vorlage | Excel. Unsere Buchhaltungssoftware macht es Dir leichter.","robots":{"index":"index","follow":"follow","max-snippet":"max-snippet:-1","max-image-preview":"max-image-preview:large","max-video-preview":"max-video-preview:-1"},"canonical":"https:\/\/www.mein-tagwerk.de\/tagwerk\/einnahmenueberschussrechnung-einnahmen-ueberschuss-rechnung\/","og_locale":"de_DE","og_type":"article","og_title":"Einnahmen\u00fcberschussrechnung f\u00fcr Kleinunternehmer | Vorlage | Excel","og_description":"Einnahmen\u00fcberschussrechnung f\u00fcr Kleinunternehmer, Freiberufler, | Vorlage | Excel. Unsere Buchhaltungssoftware macht es Dir leichter.","og_url":"https:\/\/www.mein-tagwerk.de\/tagwerk\/einnahmenueberschussrechnung-einnahmen-ueberschuss-rechnung\/","og_site_name":"meintagwerk","article_modified_time":"2022-02-19T03:44:26+00:00","og_image":[{"url":"http:\/\/91.250.96.11\/tagwerk\/wp-content\/uploads\/2016\/05\/einnahmenu\u0308berschussrechnung-1.png"}],"twitter_card":"summary_large_image","twitter_misc":{"Gesch\u00e4tzte Lesezeit":"2\u00a0Minuten"},"schema":{"@context":"https:\/\/schema.org","@graph":[{"@type":"WebPage","@id":"https:\/\/www.mein-tagwerk.de\/tagwerk\/einnahmenueberschussrechnung-einnahmen-ueberschuss-rechnung\/","url":"https:\/\/www.mein-tagwerk.de\/tagwerk\/einnahmenueberschussrechnung-einnahmen-ueberschuss-rechnung\/","name":"Einnahmen\u00fcberschussrechnung f\u00fcr Kleinunternehmer | Vorlage | Excel","isPartOf":{"@id":"https:\/\/www.mein-tagwerk.de\/tagwerk\/#website"},"datePublished":"2021-08-16T12:32:06+00:00","dateModified":"2022-02-19T03:44:26+00:00","description":"Einnahmen\u00fcberschussrechnung f\u00fcr Kleinunternehmer, Freiberufler, | Vorlage | Excel. Unsere Buchhaltungssoftware macht es Dir leichter.","breadcrumb":{"@id":"https:\/\/www.mein-tagwerk.de\/tagwerk\/einnahmenueberschussrechnung-einnahmen-ueberschuss-rechnung\/#breadcrumb"},"inLanguage":"de","potentialAction":[{"@type":"ReadAction","target":["https:\/\/www.mein-tagwerk.de\/tagwerk\/einnahmenueberschussrechnung-einnahmen-ueberschuss-rechnung\/"]}]},{"@type":"BreadcrumbList","@id":"https:\/\/www.mein-tagwerk.de\/tagwerk\/einnahmenueberschussrechnung-einnahmen-ueberschuss-rechnung\/#breadcrumb","itemListElement":[{"@type":"ListItem","position":1,"name":"Home","item":"https:\/\/www.mein-tagwerk.de\/tagwerk\/"},{"@type":"ListItem","position":2,"name":"Einnahmen\u00fcberschussrechnung"}]},{"@type":"WebSite","@id":"https:\/\/www.mein-tagwerk.de\/tagwerk\/#website","url":"https:\/\/www.mein-tagwerk.de\/tagwerk\/","name":"meintagwerk","description":"Online Buchhaltung f\u00fcr Freiberufler, Freelancer und Selbst\u00e4ndige","publisher":{"@id":"https:\/\/www.mein-tagwerk.de\/tagwerk\/#organization"},"potentialAction":[{"@type":"SearchAction","target":{"@type":"EntryPoint","urlTemplate":"https:\/\/www.mein-tagwerk.de\/tagwerk\/?s={search_term_string}"},"query-input":"required name=search_term_string"}],"inLanguage":"de"},{"@type":"Organization","@id":"https:\/\/www.mein-tagwerk.de\/tagwerk\/#organization","name":"tagwerk","url":"https:\/\/www.mein-tagwerk.de\/tagwerk\/","logo":{"@type":"ImageObject","inLanguage":"de","@id":"https:\/\/www.mein-tagwerk.de\/tagwerk\/#\/schema\/logo\/image\/","url":"https:\/\/www.mein-tagwerk.de\/tagwerk\/wp-content\/uploads\/2013\/08\/130611_logo-tagwerk-corporate.png","contentUrl":"https:\/\/www.mein-tagwerk.de\/tagwerk\/wp-content\/uploads\/2013\/08\/130611_logo-tagwerk-corporate.png","width":328,"height":140,"caption":"tagwerk"},"image":{"@id":"https:\/\/www.mein-tagwerk.de\/tagwerk\/#\/schema\/logo\/image\/"}}]}},"_links":{"self":[{"href":"https:\/\/www.mein-tagwerk.de\/tagwerk\/wp-json\/wp\/v2\/pages\/3570"}],"collection":[{"href":"https:\/\/www.mein-tagwerk.de\/tagwerk\/wp-json\/wp\/v2\/pages"}],"about":[{"href":"https:\/\/www.mein-tagwerk.de\/tagwerk\/wp-json\/wp\/v2\/types\/page"}],"author":[{"embeddable":true,"href":"https:\/\/www.mein-tagwerk.de\/tagwerk\/wp-json\/wp\/v2\/users\/2"}],"replies":[{"embeddable":true,"href":"https:\/\/www.mein-tagwerk.de\/tagwerk\/wp-json\/wp\/v2\/comments?post=3570"}],"version-history":[{"count":4,"href":"https:\/\/www.mein-tagwerk.de\/tagwerk\/wp-json\/wp\/v2\/pages\/3570\/revisions"}],"predecessor-version":[{"id":5303,"href":"https:\/\/www.mein-tagwerk.de\/tagwerk\/wp-json\/wp\/v2\/pages\/3570\/revisions\/5303"}],"wp:attachment":[{"href":"https:\/\/www.mein-tagwerk.de\/tagwerk\/wp-json\/wp\/v2\/media?parent=3570"}],"curies":[{"name":"wp","href":"https:\/\/api.w.org\/{rel}","templated":true}]}}