{"id":3597,"date":"2021-08-01T11:55:19","date_gmt":"2021-08-01T09:55:19","guid":{"rendered":"http:\/\/www.mein-tagwerk.de\/tagwerk\/?page_id=3597"},"modified":"2022-08-16T14:19:25","modified_gmt":"2022-08-16T12:19:25","slug":"rechnung-online","status":"publish","type":"page","link":"https:\/\/www.mein-tagwerk.de\/tagwerk\/rechnung-online\/","title":{"rendered":"Rechnung online"},"content":{"rendered":"<h1><strong>Deine Rechnung online.<\/strong><\/h1>\n<h1><strong>Unkompliziert. Schnell und sicher.<\/strong><\/h1>\n<p><img loading=\"lazy\" decoding=\"async\" class=\"sub-page-image-1 alignright wp-image-3600\" src=\"http:\/\/91.250.96.11\/tagwerk\/wp-content\/uploads\/2016\/05\/160530_Rechnung-online-952x1024.png\" alt=\"Rechnung online, meintagwerk, buchhaltungssoftware, Buchhaltung online\" width=\"500\" height=\"538\" srcset=\"https:\/\/www.mein-tagwerk.de\/tagwerk\/wp-content\/uploads\/2016\/05\/160530_Rechnung-online-952x1024.png 952w, https:\/\/www.mein-tagwerk.de\/tagwerk\/wp-content\/uploads\/2016\/05\/160530_Rechnung-online-279x300.png 279w, https:\/\/www.mein-tagwerk.de\/tagwerk\/wp-content\/uploads\/2016\/05\/160530_Rechnung-online-768x826.png 768w, https:\/\/www.mein-tagwerk.de\/tagwerk\/wp-content\/uploads\/2016\/05\/160530_Rechnung-online-622x669.png 622w, https:\/\/www.mein-tagwerk.de\/tagwerk\/wp-content\/uploads\/2016\/05\/160530_Rechnung-online.png 956w\" sizes=\"(max-width: 500px) 100vw, 500px\" \/><\/p>\n<p>Auftr\u00e4ge und Deine <a href=\"https:\/\/www.mein-tagwerk.de\/tagwerk\/rechnungsnummer\/\">Rechnung online<\/a> erstellst du bequem und m\u00fchelos mit unserer Software. Kundenadressen und Abrechnungsdaten \u00fcbernehmen wir automatisch, alle Pflichtangaben werden gepr\u00fcft. Auch die jeweilige Umsatzsteuer berechnen wir Dir sofort, unsere Buchhaltungssoftware verhindert Eingabefehler. Und sollte ein Kunde mal mit der Zahlung im R\u00fcckstand sein, bekommst Du umgehend Bescheid. Zahlungserinnerung oder Mahnung sind mit einem Klick versendet. Das Geniale: Alle Deine Buchungen werden digital gespeichert &#8211; und bleiben, wie vom Finanzamt verlangt, zehn Jahre sicher archiviert. Du hast unbeschr\u00e4nkt Zugriff, selbst wenn Du nicht mehr unser Kunde sein solltest.<\/p>\n<p>Das bedeutet: um Datensicherung f\u00fcr Deine Rechnung online brauchst Du Dir nicht den Kopf zu zerbrechen.<\/p>\n<p>&nbsp;<\/p>\n<p>&nbsp;<\/p>\n<p><span id=\"hs_cos_wrapper_module_14556658966841116\" class=\"hs_cos_wrapper hs_cos_wrapper_widget hs_cos_wrapper_type_raw_html\" style=\"color: #ff6600;\" data-hs-cos-general-type=\"widget\" data-hs-cos-type=\"raw_html\"><a style=\"color: #ff6600;\" href=\"\/tagwerk\/campus\/anmelden\/\" data-sumome-trigger=\"true\" data-sumome-listbuilder-id=\"2bf1d9e1-9758-4d61-a302-d41ccdc00b6f\">Teste Deine erste Rechnung hier und jetzt. Kostenlos!<\/a><\/span><\/p>\n<p>&nbsp;<\/p>\n<p>&nbsp;<\/p>\n<p>&nbsp;<\/p>\n<h2><div class=\"tmnf-sc-quote boxed fullsize\"><p><img loading=\"lazy\" decoding=\"async\" class=\"alignleft wp-image-3662 size-thumbnail\" src=\"http:\/\/91.250.96.11\/tagwerk\/wp-content\/uploads\/2016\/05\/Bettina-Barnet-2-150x150.png\" alt=\"Rechnung online, Bettina Barnet\" width=\"150\" height=\"150\" srcset=\"https:\/\/www.mein-tagwerk.de\/tagwerk\/wp-content\/uploads\/2016\/05\/Bettina-Barnet-2-150x150.png 150w, https:\/\/www.mein-tagwerk.de\/tagwerk\/wp-content\/uploads\/2016\/05\/Bettina-Barnet-2.png 283w\" sizes=\"(max-width: 150px) 100vw, 150px\" \/>Wissen wo ich wirtschaftlich stehe. <span style=\"color: #999999;\">Bettina Barnet \u2013 Freelancerin f\u00fcr Marketing und Kommunikation<br \/>\n<\/span><\/h2>\n<h2><\/p><\/div><\/h2>\n<h4>Weitere Leistungen<\/h4>\n<h4 class=\"sub-page-list-1\"><span style=\"color: #679a2b;\"><div class=\"threecol-one\"><a style=\"color: #679a2b;\" href=\"https:\/\/www.mein-tagwerk.de\/tagwerk\/buchhaltungssoftware\/\">Buchhaltungssoftware<\/a><\/div> <div class=\"threecol-one\"><a style=\"color: #679a2b;\" href=\"https:\/\/www.mein-tagwerk.de\/tagwerk\/stundensatz-berechnen-deine-freiberufliche-taetigkeit\/\">Stundensatz berechnen<\/a><\/div> <div class=\"threecol-one last\"><a style=\"color: #679a2b;\" href=\"https:\/\/www.mein-tagwerk.de\/tagwerk\/einnahmenueberschussrechnung-einnahmen-ueberschuss-rechnung\">Einnahmen\u00fcberschussrechnung <\/a><\/div><\/span><\/h4>\n<h4 class=\"sub-page-list-1\"><span style=\"color: #679a2b;\"><div class=\"threecol-one\"><a style=\"color: #679a2b;\" href=\"https:\/\/www.mein-tagwerk.de\/tagwerk\/rechnung-online\/\">Rechnung online<\/a><\/div> <div class=\"threecol-one\"><a style=\"color: #679a2b;\" href=\"https:\/\/www.mein-tagwerk.de\/tagwerk\/angebote-kalkulieren\/\">Angebote kalkulieren<\/a><\/div> <div class=\"threecol-one last\"><a style=\"color: #679a2b;\" href=\"https:\/\/www.mein-tagwerk.de\/tagwerk\/umsatzsteuervoranmeldung\/\">Umsatzsteuervoranmeldung<\/a><\/div> <\/span><\/h4>\n<h4 class=\"sub-page-list-1\"><span style=\"color: #679a2b;\"><div class=\"threecol-one\"><a style=\"color: #679a2b;\" href=\"https:\/\/www.mein-tagwerk.de\/tagwerk\/zeiterfassung-online\/\">Zeiterfassung<\/a><\/div> <div class=\"threecol-one\"><a style=\"color: #679a2b;\" href=\"https:\/\/www.mein-tagwerk.de\/tagwerk\/reisekostenabrechnung\/\">Reisekostenabrechnung<\/a><\/div> <div class=\"threecol-one last\"><a style=\"color: #679a2b;\" href=\"https:\/\/www.mein-tagwerk.de\/tagwerk\/belege-erfassen-app\/\">Belege erfassen<\/a><\/div> <\/span><\/h4>\n","protected":false},"excerpt":{"rendered":"<p>Deine Rechnung online. Unkompliziert. Schnell und sicher. Auftr\u00e4ge und Deine Rechnung online erstellst du bequem und m\u00fchelos mit unserer Software. Kundenadressen und Abrechnungsdaten \u00fcbernehmen wir automatisch, alle Pflichtangaben werden gepr\u00fcft. Auch die jeweilige Umsatzsteuer berechnen wir Dir sofort, unsere Buchhaltungssoftware verhindert Eingabefehler. Und sollte ein Kunde mal mit der Zahlung im R\u00fcckstand sein, bekommst Du [&#038;hellip<\/p>\n","protected":false},"author":2,"featured_media":0,"parent":0,"menu_order":0,"comment_status":"closed","ping_status":"closed","template":"template-fullwidth.php","meta":{"footnotes":""},"yoast_head":"<!-- This site is optimized with the Yoast SEO plugin v20.4 - https:\/\/yoast.com\/wordpress\/plugins\/seo\/ -->\n<title>Die beste Rechnungssoftware online | Erstellen | Vergleich | Muster<\/title>\n<meta name=\"description\" content=\"Die beste Rechnungssoftware online | Vergleich | Muster | Unkompliziert und sicher. Deine Auftr\u00e4ge m\u00fchelos mit unserer Software meistern.\" \/>\n<meta name=\"robots\" content=\"index, follow, max-snippet:-1, max-image-preview:large, max-video-preview:-1\" \/>\n<link rel=\"canonical\" href=\"https:\/\/www.mein-tagwerk.de\/tagwerk\/rechnung-online\/\" \/>\n<meta property=\"og:locale\" content=\"de_DE\" \/>\n<meta property=\"og:type\" content=\"article\" \/>\n<meta property=\"og:title\" content=\"Die beste Rechnungssoftware online | Erstellen | Vergleich | Muster\" \/>\n<meta property=\"og:description\" content=\"Die beste Rechnungssoftware online | Vergleich | Muster | Unkompliziert und sicher. Deine Auftr\u00e4ge m\u00fchelos mit unserer Software meistern.\" \/>\n<meta property=\"og:url\" content=\"https:\/\/www.mein-tagwerk.de\/tagwerk\/rechnung-online\/\" \/>\n<meta property=\"og:site_name\" content=\"meintagwerk\" \/>\n<meta property=\"article:modified_time\" content=\"2022-08-16T12:19:25+00:00\" \/>\n<meta property=\"og:image\" content=\"http:\/\/91.250.96.11\/tagwerk\/wp-content\/uploads\/2016\/05\/160530_Rechnung-online-952x1024.png\" \/>\n<meta name=\"twitter:card\" content=\"summary_large_image\" \/>\n<meta name=\"twitter:label1\" content=\"Gesch\u00e4tzte Lesezeit\" \/>\n\t<meta name=\"twitter:data1\" content=\"2\u00a0Minuten\" \/>\n<script type=\"application\/ld+json\" class=\"yoast-schema-graph\">{\"@context\":\"https:\/\/schema.org\",\"@graph\":[{\"@type\":\"WebPage\",\"@id\":\"https:\/\/www.mein-tagwerk.de\/tagwerk\/rechnung-online\/\",\"url\":\"https:\/\/www.mein-tagwerk.de\/tagwerk\/rechnung-online\/\",\"name\":\"Die beste Rechnungssoftware online | Erstellen | Vergleich | Muster\",\"isPartOf\":{\"@id\":\"https:\/\/www.mein-tagwerk.de\/tagwerk\/#website\"},\"datePublished\":\"2021-08-01T09:55:19+00:00\",\"dateModified\":\"2022-08-16T12:19:25+00:00\",\"description\":\"Die beste Rechnungssoftware online | Vergleich | Muster | Unkompliziert und sicher. Deine Auftr\u00e4ge m\u00fchelos mit unserer Software meistern.\",\"breadcrumb\":{\"@id\":\"https:\/\/www.mein-tagwerk.de\/tagwerk\/rechnung-online\/#breadcrumb\"},\"inLanguage\":\"de\",\"potentialAction\":[{\"@type\":\"ReadAction\",\"target\":[\"https:\/\/www.mein-tagwerk.de\/tagwerk\/rechnung-online\/\"]}]},{\"@type\":\"BreadcrumbList\",\"@id\":\"https:\/\/www.mein-tagwerk.de\/tagwerk\/rechnung-online\/#breadcrumb\",\"itemListElement\":[{\"@type\":\"ListItem\",\"position\":1,\"name\":\"Home\",\"item\":\"https:\/\/www.mein-tagwerk.de\/tagwerk\/\"},{\"@type\":\"ListItem\",\"position\":2,\"name\":\"Rechnung online\"}]},{\"@type\":\"WebSite\",\"@id\":\"https:\/\/www.mein-tagwerk.de\/tagwerk\/#website\",\"url\":\"https:\/\/www.mein-tagwerk.de\/tagwerk\/\",\"name\":\"meintagwerk\",\"description\":\"Online Buchhaltung f\u00fcr Freiberufler, Freelancer und Selbst\u00e4ndige\",\"publisher\":{\"@id\":\"https:\/\/www.mein-tagwerk.de\/tagwerk\/#organization\"},\"potentialAction\":[{\"@type\":\"SearchAction\",\"target\":{\"@type\":\"EntryPoint\",\"urlTemplate\":\"https:\/\/www.mein-tagwerk.de\/tagwerk\/?s={search_term_string}\"},\"query-input\":\"required name=search_term_string\"}],\"inLanguage\":\"de\"},{\"@type\":\"Organization\",\"@id\":\"https:\/\/www.mein-tagwerk.de\/tagwerk\/#organization\",\"name\":\"tagwerk\",\"url\":\"https:\/\/www.mein-tagwerk.de\/tagwerk\/\",\"logo\":{\"@type\":\"ImageObject\",\"inLanguage\":\"de\",\"@id\":\"https:\/\/www.mein-tagwerk.de\/tagwerk\/#\/schema\/logo\/image\/\",\"url\":\"https:\/\/www.mein-tagwerk.de\/tagwerk\/wp-content\/uploads\/2013\/08\/130611_logo-tagwerk-corporate.png\",\"contentUrl\":\"https:\/\/www.mein-tagwerk.de\/tagwerk\/wp-content\/uploads\/2013\/08\/130611_logo-tagwerk-corporate.png\",\"width\":328,\"height\":140,\"caption\":\"tagwerk\"},\"image\":{\"@id\":\"https:\/\/www.mein-tagwerk.de\/tagwerk\/#\/schema\/logo\/image\/\"}}]}<\/script>\n<!-- \/ Yoast SEO plugin. -->","yoast_head_json":{"title":"Die beste Rechnungssoftware online | Erstellen | Vergleich | Muster","description":"Die beste Rechnungssoftware online | Vergleich | Muster | Unkompliziert und sicher. Deine Auftr\u00e4ge m\u00fchelos mit unserer Software meistern.","robots":{"index":"index","follow":"follow","max-snippet":"max-snippet:-1","max-image-preview":"max-image-preview:large","max-video-preview":"max-video-preview:-1"},"canonical":"https:\/\/www.mein-tagwerk.de\/tagwerk\/rechnung-online\/","og_locale":"de_DE","og_type":"article","og_title":"Die beste Rechnungssoftware online | Erstellen | Vergleich | Muster","og_description":"Die beste Rechnungssoftware online | Vergleich | Muster | Unkompliziert und sicher. Deine Auftr\u00e4ge m\u00fchelos mit unserer Software meistern.","og_url":"https:\/\/www.mein-tagwerk.de\/tagwerk\/rechnung-online\/","og_site_name":"meintagwerk","article_modified_time":"2022-08-16T12:19:25+00:00","og_image":[{"url":"http:\/\/91.250.96.11\/tagwerk\/wp-content\/uploads\/2016\/05\/160530_Rechnung-online-952x1024.png"}],"twitter_card":"summary_large_image","twitter_misc":{"Gesch\u00e4tzte Lesezeit":"2\u00a0Minuten"},"schema":{"@context":"https:\/\/schema.org","@graph":[{"@type":"WebPage","@id":"https:\/\/www.mein-tagwerk.de\/tagwerk\/rechnung-online\/","url":"https:\/\/www.mein-tagwerk.de\/tagwerk\/rechnung-online\/","name":"Die beste Rechnungssoftware online | Erstellen | Vergleich | Muster","isPartOf":{"@id":"https:\/\/www.mein-tagwerk.de\/tagwerk\/#website"},"datePublished":"2021-08-01T09:55:19+00:00","dateModified":"2022-08-16T12:19:25+00:00","description":"Die beste Rechnungssoftware online | Vergleich | Muster | Unkompliziert und sicher. Deine Auftr\u00e4ge m\u00fchelos mit unserer Software meistern.","breadcrumb":{"@id":"https:\/\/www.mein-tagwerk.de\/tagwerk\/rechnung-online\/#breadcrumb"},"inLanguage":"de","potentialAction":[{"@type":"ReadAction","target":["https:\/\/www.mein-tagwerk.de\/tagwerk\/rechnung-online\/"]}]},{"@type":"BreadcrumbList","@id":"https:\/\/www.mein-tagwerk.de\/tagwerk\/rechnung-online\/#breadcrumb","itemListElement":[{"@type":"ListItem","position":1,"name":"Home","item":"https:\/\/www.mein-tagwerk.de\/tagwerk\/"},{"@type":"ListItem","position":2,"name":"Rechnung online"}]},{"@type":"WebSite","@id":"https:\/\/www.mein-tagwerk.de\/tagwerk\/#website","url":"https:\/\/www.mein-tagwerk.de\/tagwerk\/","name":"meintagwerk","description":"Online Buchhaltung f\u00fcr Freiberufler, Freelancer und Selbst\u00e4ndige","publisher":{"@id":"https:\/\/www.mein-tagwerk.de\/tagwerk\/#organization"},"potentialAction":[{"@type":"SearchAction","target":{"@type":"EntryPoint","urlTemplate":"https:\/\/www.mein-tagwerk.de\/tagwerk\/?s={search_term_string}"},"query-input":"required name=search_term_string"}],"inLanguage":"de"},{"@type":"Organization","@id":"https:\/\/www.mein-tagwerk.de\/tagwerk\/#organization","name":"tagwerk","url":"https:\/\/www.mein-tagwerk.de\/tagwerk\/","logo":{"@type":"ImageObject","inLanguage":"de","@id":"https:\/\/www.mein-tagwerk.de\/tagwerk\/#\/schema\/logo\/image\/","url":"https:\/\/www.mein-tagwerk.de\/tagwerk\/wp-content\/uploads\/2013\/08\/130611_logo-tagwerk-corporate.png","contentUrl":"https:\/\/www.mein-tagwerk.de\/tagwerk\/wp-content\/uploads\/2013\/08\/130611_logo-tagwerk-corporate.png","width":328,"height":140,"caption":"tagwerk"},"image":{"@id":"https:\/\/www.mein-tagwerk.de\/tagwerk\/#\/schema\/logo\/image\/"}}]}},"_links":{"self":[{"href":"https:\/\/www.mein-tagwerk.de\/tagwerk\/wp-json\/wp\/v2\/pages\/3597"}],"collection":[{"href":"https:\/\/www.mein-tagwerk.de\/tagwerk\/wp-json\/wp\/v2\/pages"}],"about":[{"href":"https:\/\/www.mein-tagwerk.de\/tagwerk\/wp-json\/wp\/v2\/types\/page"}],"author":[{"embeddable":true,"href":"https:\/\/www.mein-tagwerk.de\/tagwerk\/wp-json\/wp\/v2\/users\/2"}],"replies":[{"embeddable":true,"href":"https:\/\/www.mein-tagwerk.de\/tagwerk\/wp-json\/wp\/v2\/comments?post=3597"}],"version-history":[{"count":10,"href":"https:\/\/www.mein-tagwerk.de\/tagwerk\/wp-json\/wp\/v2\/pages\/3597\/revisions"}],"predecessor-version":[{"id":5987,"href":"https:\/\/www.mein-tagwerk.de\/tagwerk\/wp-json\/wp\/v2\/pages\/3597\/revisions\/5987"}],"wp:attachment":[{"href":"https:\/\/www.mein-tagwerk.de\/tagwerk\/wp-json\/wp\/v2\/media?parent=3597"}],"curies":[{"name":"wp","href":"https:\/\/api.w.org\/{rel}","templated":true}]}}