{"id":3606,"date":"2021-08-01T12:52:18","date_gmt":"2021-08-01T10:52:18","guid":{"rendered":"http:\/\/www.mein-tagwerk.de\/tagwerk\/?page_id=3606"},"modified":"2022-05-19T08:41:07","modified_gmt":"2022-05-19T06:41:07","slug":"angebote-kalkulieren","status":"publish","type":"page","link":"https:\/\/www.mein-tagwerk.de\/tagwerk\/angebote-kalkulieren\/","title":{"rendered":"Angebote kalkulieren"},"content":{"rendered":"<p>&nbsp;<\/p>\n<h1><strong>Deine Angebote kalkulieren. <\/strong><\/h1>\n<p><img loading=\"lazy\" decoding=\"async\" class=\"sub-page-image-1 wp-image-3614 alignleft\" src=\"http:\/\/91.250.96.11\/tagwerk\/wp-content\/uploads\/2016\/05\/160530_Angebote-kalkulieren_4.png\" alt=\"Angebote kalkulieren, Buchhaltung online, mein tagwerk\" width=\"600\" height=\"517\" srcset=\"https:\/\/www.mein-tagwerk.de\/tagwerk\/wp-content\/uploads\/2016\/05\/160530_Angebote-kalkulieren_4.png 892w, https:\/\/www.mein-tagwerk.de\/tagwerk\/wp-content\/uploads\/2016\/05\/160530_Angebote-kalkulieren_4-300x258.png 300w, https:\/\/www.mein-tagwerk.de\/tagwerk\/wp-content\/uploads\/2016\/05\/160530_Angebote-kalkulieren_4-768x661.png 768w, https:\/\/www.mein-tagwerk.de\/tagwerk\/wp-content\/uploads\/2016\/05\/160530_Angebote-kalkulieren_4-622x536.png 622w\" sizes=\"(max-width: 600px) 100vw, 600px\" \/><\/p>\n<h3><strong>Damit das Honorar stimmt <\/strong><\/h3>\n<p>Egal ob du nach Stunden-, Tagessatz oder Festpreis bezahlt wirst: Deine Projekte sollen nicht nur Spa\u00df machen, sondern auch Deinen Lebensunterhalt sichern. Doch bevor Du Dich mit Excel oder Taschenrechner in komplizierte Rechnungen verwickelst, nutze besser unseren Stundensatzrechner. Und verkaufe Dich nie wieder unter Wert. <a href=\"https:\/\/youtu.be\/Xh8hFmLPV4c\">&gt; Zum Video<\/a><\/p>\n<h2>Angebote kalkulieren<\/h2>\n<p>Du erh\u00e4ltst sogar eine Auswertung auf Jahresbasis. Kostenlos und unverbindlich. Wir erfassen Deine Aufw\u00e4nde wie Reisekosten und laufende Ausgaben &#8211; und erstellen Ergebnisprognosen und ganz individuelle Angebotskalkulationen. Anschlie\u00dfend kannst Du mit unseren Vorlagen Dein Angebot schreiben und losschicken<\/p>\n<p><a href=\"https:\/\/www.mein-tagwerk.de\/tagwerk\/campus\/anmelden\/\"><span style=\"color: #ff6600;\">Kalkuliere hier Deinen Stundensatz<\/span><\/a><\/p>\n<p>&nbsp;<\/p>\n<p>&nbsp;<\/p>\n<p>&nbsp;<\/p>\n<h2><div class=\"tmnf-sc-quote boxed fullsize\"><p><a href=\"\/tagwerk\/ein-software-quality-engineer-als-tagwerker\/\"><img loading=\"lazy\" decoding=\"async\" class=\"alignright wp-image-3676 size-thumbnail\" src=\"http:\/\/91.250.96.11\/tagwerk\/wp-content\/uploads\/2016\/06\/Johannes-Widmann-150x150.png\" rel='prettyPhoto' alt=\"Angebote kalkulieren, Johannes-Widmann\" width=\"150\" height=\"150\" srcset=\"https:\/\/www.mein-tagwerk.de\/tagwerk\/wp-content\/uploads\/2016\/06\/Johannes-Widmann-150x150.png 150w, https:\/\/www.mein-tagwerk.de\/tagwerk\/wp-content\/uploads\/2016\/06\/Johannes-Widmann.png 276w\" sizes=\"(max-width: 150px) 100vw, 150px\" \/><\/a>meintagwerk ist ein sehr umfassendes Tool. <span style=\"color: #999999;\">Johannes Widmann \u2013 Software Quality Engineer<br \/>\n<\/span><\/h2>\n<h2><\/p><\/div><\/h2>\n<div class=\"et_pb_column et_pb_column_1_2 et_pb_column_5 et_pb_css_mix_blend_mode_passthrough\">\n<div class=\"et_pb_module et_pb_text et_pb_text_2 et_pb_text_align_left et_pb_bg_layout_light\">\n<div class=\"et_pb_text_inner\">\n<p><strong>Angebote kalkulieren.<\/strong><\/p>\n<p>Das Erstellen eines Angebots ist eine wunderbare Angelegenheit. Der Kunde will eine Einsch\u00e4tzung f\u00fcr Deine Leistungen haben, bevor er oder sie einen Auftrag erteilt. Zudem braucht man schlicht etwas, \u00fcber das verhandelt werden kann. Und Du kannst Dir genau berechnen, was Du letztlich an diesem Projekt erwirtschaften willst und musst. Daher ist es hilfreich, unabh\u00e4ngig der Branche in der Du t\u00e4tig bist, sich vorab einige Fragen zu stellen. Unsere Tipps aus der Praxis f\u00fcr Dich:<\/p>\n<p style=\"padding-left: 80px;\">Sch\u00e4tze ich den Projektumfang richtig ein?<\/p>\n<p style=\"padding-left: 80px;\">Wie viel Zeit kann und sollte ich dem Kunden in Rechnung stellen?<\/p>\n<p style=\"padding-left: 80px;\">Wie transparent werden einzelne Leistungen angeboten?<\/p>\n<p style=\"padding-left: 80px;\">Wie hoch muss mein Stundensatz sein, wie ist er in meiner Branche \u00fcblich?<\/p>\n<p style=\"padding-left: 80px;\">Welche Kosten m\u00fcssen von meinem Stundensatz gedeckt sein?<\/p>\n<p style=\"padding-left: 80px;\">Welche Kosten kann ich an den Kunden weiterberechnen?<\/p>\n<p style=\"padding-left: 80px;\">Und welche meiner Leistungen sind von Nutzungsrechten betroffen?<\/p>\n<p style=\"padding-left: 80px;\">Wie k\u00f6nnte ein Folgeangebot aussehen?<\/p>\n<p style=\"padding-left: 80px;\">Sollte ich vielleicht einen Rabatt f\u00fcr Kundentreue geben?<\/p>\n<\/div>\n<\/div>\n<\/div>\n<p>&nbsp;<\/p>\n<p>&nbsp;<\/p>\n<h2>Da geht noch mehr: Weitere Leistungen f\u00fcr Dich<\/h2>\n<h4 class=\"sub-page-list-1\"><span style=\"color: #679a2b;\"><div class=\"threecol-one\"><strong><a style=\"color: #679a2b;\" href=\"https:\/\/www.mein-tagwerk.de\/tagwerk\/buchhaltungssoftware\/\">Buchhaltungssoftware<\/a><\/strong><\/div> <div class=\"threecol-one\"><strong><a style=\"color: #679a2b;\" href=\"https:\/\/www.mein-tagwerk.de\/tagwerk\/stundensatz-berechnen-deine-freiberufliche-taetigkeit\/\">Stundensatz berechnen<\/a><\/strong><\/div> <div class=\"threecol-one last\"><strong><a style=\"color: #679a2b;\" href=\"https:\/\/www.mein-tagwerk.de\/tagwerk\/einnahmenueberschussrechnung-einnahmen-ueberschuss-rechnung\">Einnahmen\u00fcberschussrechnung <\/a><\/strong><\/div><\/span><\/h4>\n<h4 class=\"sub-page-list-1\"><span style=\"color: #679a2b;\"><div class=\"threecol-one\"><a style=\"color: #679a2b;\" href=\"https:\/\/www.mein-tagwerk.de\/tagwerk\/rechnung-online\/\">Rechnung online<\/a><\/div> <div class=\"threecol-one\"><a style=\"color: #679a2b;\" href=\"https:\/\/www.mein-tagwerk.de\/tagwerk\/angebote-kalkulieren\/\">Angebote kalkulieren<\/a><\/div> <div class=\"threecol-one last\"><a style=\"color: #679a2b;\" href=\"https:\/\/www.mein-tagwerk.de\/tagwerk\/umsatzsteuervoranmeldung\/\">Umsatzsteuervoranmeldung<\/a><\/div> <\/span><\/h4>\n<h4 class=\"sub-page-list-1\"><span style=\"color: #679a2b;\"><div class=\"threecol-one\"><a style=\"color: #679a2b;\" href=\"https:\/\/www.mein-tagwerk.de\/tagwerk\/zeiterfassung-online\/\">Zeiterfassung<\/a><\/div> <div class=\"threecol-one\"><a style=\"color: #679a2b;\" href=\"https:\/\/www.mein-tagwerk.de\/tagwerk\/reisekostenabrechnung\/\">Reisekostenabrechnung<\/a><\/div> <div class=\"threecol-one last\"><a style=\"color: #679a2b;\" href=\"https:\/\/www.mein-tagwerk.de\/tagwerk\/belege-erfassen-app\/\">Belege erfassen<\/a><\/div> <\/span><\/h4>\n","protected":false},"excerpt":{"rendered":"<p>&nbsp; Deine Angebote kalkulieren. Damit das Honorar stimmt Egal ob du nach Stunden-, Tagessatz oder Festpreis bezahlt wirst: Deine Projekte sollen nicht nur Spa\u00df machen, sondern auch Deinen Lebensunterhalt sichern. Doch bevor Du Dich mit Excel oder Taschenrechner in komplizierte Rechnungen verwickelst, nutze besser unseren Stundensatzrechner. Und verkaufe Dich nie wieder unter Wert. &gt; Zum [&#038;hellip<\/p>\n","protected":false},"author":2,"featured_media":0,"parent":0,"menu_order":0,"comment_status":"closed","ping_status":"closed","template":"template-fullwidth.php","meta":{"footnotes":""},"yoast_head":"<!-- This site is optimized with the Yoast SEO plugin v20.4 - https:\/\/yoast.com\/wordpress\/plugins\/seo\/ -->\n<title>Angebote kalkulieren Software schnell, exakt, richtig | Angebotspreise<\/title>\n<meta name=\"description\" content=\"Angebote kalkulieren Software schnell, exakt, richtig | Angebotspreise | Excel Verkaufe dich nie wieder unter Preis. Damit das Honorar stimmt.\" \/>\n<meta name=\"robots\" content=\"index, follow, max-snippet:-1, max-image-preview:large, max-video-preview:-1\" \/>\n<link rel=\"canonical\" href=\"https:\/\/www.mein-tagwerk.de\/tagwerk\/angebote-kalkulieren\/\" \/>\n<meta property=\"og:locale\" content=\"de_DE\" \/>\n<meta property=\"og:type\" content=\"article\" \/>\n<meta property=\"og:title\" content=\"Angebote kalkulieren Software schnell, exakt, richtig | Angebotspreise\" \/>\n<meta property=\"og:description\" content=\"Angebote kalkulieren Software schnell, exakt, richtig | Angebotspreise | Excel Verkaufe dich nie wieder unter Preis. Damit das Honorar stimmt.\" \/>\n<meta property=\"og:url\" content=\"https:\/\/www.mein-tagwerk.de\/tagwerk\/angebote-kalkulieren\/\" \/>\n<meta property=\"og:site_name\" content=\"meintagwerk\" \/>\n<meta property=\"article:modified_time\" content=\"2022-05-19T06:41:07+00:00\" \/>\n<meta property=\"og:image\" content=\"http:\/\/91.250.96.11\/tagwerk\/wp-content\/uploads\/2016\/05\/160530_Angebote-kalkulieren_4.png\" \/>\n<meta name=\"twitter:card\" content=\"summary_large_image\" \/>\n<meta name=\"twitter:label1\" content=\"Gesch\u00e4tzte Lesezeit\" \/>\n\t<meta name=\"twitter:data1\" content=\"3\u00a0Minuten\" \/>\n<script type=\"application\/ld+json\" class=\"yoast-schema-graph\">{\"@context\":\"https:\/\/schema.org\",\"@graph\":[{\"@type\":\"WebPage\",\"@id\":\"https:\/\/www.mein-tagwerk.de\/tagwerk\/angebote-kalkulieren\/\",\"url\":\"https:\/\/www.mein-tagwerk.de\/tagwerk\/angebote-kalkulieren\/\",\"name\":\"Angebote kalkulieren Software schnell, exakt, richtig | Angebotspreise\",\"isPartOf\":{\"@id\":\"https:\/\/www.mein-tagwerk.de\/tagwerk\/#website\"},\"datePublished\":\"2021-08-01T10:52:18+00:00\",\"dateModified\":\"2022-05-19T06:41:07+00:00\",\"description\":\"Angebote kalkulieren Software schnell, exakt, richtig | Angebotspreise | Excel Verkaufe dich nie wieder unter Preis. Damit das Honorar stimmt.\",\"breadcrumb\":{\"@id\":\"https:\/\/www.mein-tagwerk.de\/tagwerk\/angebote-kalkulieren\/#breadcrumb\"},\"inLanguage\":\"de\",\"potentialAction\":[{\"@type\":\"ReadAction\",\"target\":[\"https:\/\/www.mein-tagwerk.de\/tagwerk\/angebote-kalkulieren\/\"]}]},{\"@type\":\"BreadcrumbList\",\"@id\":\"https:\/\/www.mein-tagwerk.de\/tagwerk\/angebote-kalkulieren\/#breadcrumb\",\"itemListElement\":[{\"@type\":\"ListItem\",\"position\":1,\"name\":\"Home\",\"item\":\"https:\/\/www.mein-tagwerk.de\/tagwerk\/\"},{\"@type\":\"ListItem\",\"position\":2,\"name\":\"Angebote kalkulieren\"}]},{\"@type\":\"WebSite\",\"@id\":\"https:\/\/www.mein-tagwerk.de\/tagwerk\/#website\",\"url\":\"https:\/\/www.mein-tagwerk.de\/tagwerk\/\",\"name\":\"meintagwerk\",\"description\":\"Online Buchhaltung f\u00fcr Freiberufler, Freelancer und Selbst\u00e4ndige\",\"publisher\":{\"@id\":\"https:\/\/www.mein-tagwerk.de\/tagwerk\/#organization\"},\"potentialAction\":[{\"@type\":\"SearchAction\",\"target\":{\"@type\":\"EntryPoint\",\"urlTemplate\":\"https:\/\/www.mein-tagwerk.de\/tagwerk\/?s={search_term_string}\"},\"query-input\":\"required name=search_term_string\"}],\"inLanguage\":\"de\"},{\"@type\":\"Organization\",\"@id\":\"https:\/\/www.mein-tagwerk.de\/tagwerk\/#organization\",\"name\":\"tagwerk\",\"url\":\"https:\/\/www.mein-tagwerk.de\/tagwerk\/\",\"logo\":{\"@type\":\"ImageObject\",\"inLanguage\":\"de\",\"@id\":\"https:\/\/www.mein-tagwerk.de\/tagwerk\/#\/schema\/logo\/image\/\",\"url\":\"https:\/\/www.mein-tagwerk.de\/tagwerk\/wp-content\/uploads\/2013\/08\/130611_logo-tagwerk-corporate.png\",\"contentUrl\":\"https:\/\/www.mein-tagwerk.de\/tagwerk\/wp-content\/uploads\/2013\/08\/130611_logo-tagwerk-corporate.png\",\"width\":328,\"height\":140,\"caption\":\"tagwerk\"},\"image\":{\"@id\":\"https:\/\/www.mein-tagwerk.de\/tagwerk\/#\/schema\/logo\/image\/\"}}]}<\/script>\n<!-- \/ Yoast SEO plugin. -->","yoast_head_json":{"title":"Angebote kalkulieren Software schnell, exakt, richtig | Angebotspreise","description":"Angebote kalkulieren Software schnell, exakt, richtig | Angebotspreise | Excel Verkaufe dich nie wieder unter Preis. Damit das Honorar stimmt.","robots":{"index":"index","follow":"follow","max-snippet":"max-snippet:-1","max-image-preview":"max-image-preview:large","max-video-preview":"max-video-preview:-1"},"canonical":"https:\/\/www.mein-tagwerk.de\/tagwerk\/angebote-kalkulieren\/","og_locale":"de_DE","og_type":"article","og_title":"Angebote kalkulieren Software schnell, exakt, richtig | Angebotspreise","og_description":"Angebote kalkulieren Software schnell, exakt, richtig | Angebotspreise | Excel Verkaufe dich nie wieder unter Preis. Damit das Honorar stimmt.","og_url":"https:\/\/www.mein-tagwerk.de\/tagwerk\/angebote-kalkulieren\/","og_site_name":"meintagwerk","article_modified_time":"2022-05-19T06:41:07+00:00","og_image":[{"url":"http:\/\/91.250.96.11\/tagwerk\/wp-content\/uploads\/2016\/05\/160530_Angebote-kalkulieren_4.png"}],"twitter_card":"summary_large_image","twitter_misc":{"Gesch\u00e4tzte Lesezeit":"3\u00a0Minuten"},"schema":{"@context":"https:\/\/schema.org","@graph":[{"@type":"WebPage","@id":"https:\/\/www.mein-tagwerk.de\/tagwerk\/angebote-kalkulieren\/","url":"https:\/\/www.mein-tagwerk.de\/tagwerk\/angebote-kalkulieren\/","name":"Angebote kalkulieren Software schnell, exakt, richtig | Angebotspreise","isPartOf":{"@id":"https:\/\/www.mein-tagwerk.de\/tagwerk\/#website"},"datePublished":"2021-08-01T10:52:18+00:00","dateModified":"2022-05-19T06:41:07+00:00","description":"Angebote kalkulieren Software schnell, exakt, richtig | Angebotspreise | Excel Verkaufe dich nie wieder unter Preis. Damit das Honorar stimmt.","breadcrumb":{"@id":"https:\/\/www.mein-tagwerk.de\/tagwerk\/angebote-kalkulieren\/#breadcrumb"},"inLanguage":"de","potentialAction":[{"@type":"ReadAction","target":["https:\/\/www.mein-tagwerk.de\/tagwerk\/angebote-kalkulieren\/"]}]},{"@type":"BreadcrumbList","@id":"https:\/\/www.mein-tagwerk.de\/tagwerk\/angebote-kalkulieren\/#breadcrumb","itemListElement":[{"@type":"ListItem","position":1,"name":"Home","item":"https:\/\/www.mein-tagwerk.de\/tagwerk\/"},{"@type":"ListItem","position":2,"name":"Angebote kalkulieren"}]},{"@type":"WebSite","@id":"https:\/\/www.mein-tagwerk.de\/tagwerk\/#website","url":"https:\/\/www.mein-tagwerk.de\/tagwerk\/","name":"meintagwerk","description":"Online Buchhaltung f\u00fcr Freiberufler, Freelancer und Selbst\u00e4ndige","publisher":{"@id":"https:\/\/www.mein-tagwerk.de\/tagwerk\/#organization"},"potentialAction":[{"@type":"SearchAction","target":{"@type":"EntryPoint","urlTemplate":"https:\/\/www.mein-tagwerk.de\/tagwerk\/?s={search_term_string}"},"query-input":"required name=search_term_string"}],"inLanguage":"de"},{"@type":"Organization","@id":"https:\/\/www.mein-tagwerk.de\/tagwerk\/#organization","name":"tagwerk","url":"https:\/\/www.mein-tagwerk.de\/tagwerk\/","logo":{"@type":"ImageObject","inLanguage":"de","@id":"https:\/\/www.mein-tagwerk.de\/tagwerk\/#\/schema\/logo\/image\/","url":"https:\/\/www.mein-tagwerk.de\/tagwerk\/wp-content\/uploads\/2013\/08\/130611_logo-tagwerk-corporate.png","contentUrl":"https:\/\/www.mein-tagwerk.de\/tagwerk\/wp-content\/uploads\/2013\/08\/130611_logo-tagwerk-corporate.png","width":328,"height":140,"caption":"tagwerk"},"image":{"@id":"https:\/\/www.mein-tagwerk.de\/tagwerk\/#\/schema\/logo\/image\/"}}]}},"_links":{"self":[{"href":"https:\/\/www.mein-tagwerk.de\/tagwerk\/wp-json\/wp\/v2\/pages\/3606"}],"collection":[{"href":"https:\/\/www.mein-tagwerk.de\/tagwerk\/wp-json\/wp\/v2\/pages"}],"about":[{"href":"https:\/\/www.mein-tagwerk.de\/tagwerk\/wp-json\/wp\/v2\/types\/page"}],"author":[{"embeddable":true,"href":"https:\/\/www.mein-tagwerk.de\/tagwerk\/wp-json\/wp\/v2\/users\/2"}],"replies":[{"embeddable":true,"href":"https:\/\/www.mein-tagwerk.de\/tagwerk\/wp-json\/wp\/v2\/comments?post=3606"}],"version-history":[{"count":24,"href":"https:\/\/www.mein-tagwerk.de\/tagwerk\/wp-json\/wp\/v2\/pages\/3606\/revisions"}],"predecessor-version":[{"id":5588,"href":"https:\/\/www.mein-tagwerk.de\/tagwerk\/wp-json\/wp\/v2\/pages\/3606\/revisions\/5588"}],"wp:attachment":[{"href":"https:\/\/www.mein-tagwerk.de\/tagwerk\/wp-json\/wp\/v2\/media?parent=3606"}],"curies":[{"name":"wp","href":"https:\/\/api.w.org\/{rel}","templated":true}]}}