{"id":3632,"date":"2021-08-01T12:47:59","date_gmt":"2021-08-01T10:47:59","guid":{"rendered":"http:\/\/www.mein-tagwerk.de\/tagwerk\/?page_id=3632"},"modified":"2022-02-19T04:45:18","modified_gmt":"2022-02-19T03:45:18","slug":"umsatzsteuervoranmeldung","status":"publish","type":"page","link":"https:\/\/www.mein-tagwerk.de\/tagwerk\/umsatzsteuervoranmeldung\/","title":{"rendered":"Umsatzsteuervoranmeldung"},"content":{"rendered":"<h1>Mach Deine Umsatzsteuervoranmeldung selbst.<\/h1>\n<p>&nbsp;<\/p>\n<h2><strong>Umsatzsteuer &amp; Einnahme\u00fcberschussrechnung.<\/strong><\/h2>\n<h2><strong>Deine Steuerberaterung wird uns lieben. Das Finanzamt auch.<\/strong><\/h2>\n<p>&nbsp;<\/p>\n<p><img loading=\"lazy\" decoding=\"async\" class=\"sub-page-image-1 alignright wp-image-3642\" src=\"http:\/\/91.250.96.11\/tagwerk\/wp-content\/uploads\/2016\/06\/Umsatzsteuervoranmeldung-3.png\" alt=\"Umsatzsteuervoranmeldung\" width=\"550\" height=\"572\" srcset=\"https:\/\/www.mein-tagwerk.de\/tagwerk\/wp-content\/uploads\/2016\/06\/Umsatzsteuervoranmeldung-3.png 600w, https:\/\/www.mein-tagwerk.de\/tagwerk\/wp-content\/uploads\/2016\/06\/Umsatzsteuervoranmeldung-3-288x300.png 288w\" sizes=\"(max-width: 550px) 100vw, 550px\" \/><\/p>\n<p>Ob Elektronische Umsatzsteuer-Voranmeldung (ELSTER), <a href=\"https:\/\/www.mein-tagwerk.de\/tagwerk\/einnahmenueberschussrechnung-einnahmen-ueberschuss-rechnung\/\">Einnahme-\u00dcberschussrechnung<\/a> (E\u00dcR) oder Online-Export zur Steuerberaterung (DATEV, Addison). Anhand deiner erfassten Daten ist das mit uns alles ein Kinderspiel. \u00dcber eine integrierte Elster-Schnittstelle kannst du deine Umsatzsteuer-Voranmeldung direkt an das Finanzamt \u00fcbermitteln. Du siehst sofort, welche Umsatzsteuerzahlung du zu leisten hast &#8211; oder ob du Geld zur\u00fcckbekommst. B\u00f6se \u00dcberraschungen? Schnee von gestern.<\/p>\n<p>&nbsp;<\/p>\n<p>Der Clou: auch Dein Steuerberaterung kann gemeinsam mit Dir auf alle Daten zugreifen. \u00dcber eine Schnittstelle sind Deine Buchhaltung und alle Belege jederzeit abrufbar. Willst Du noch g\u00fcnstiger fahren, gibt es das Komplett-Paket f\u00fcr Buchhaltung inklusive Steuerberatung. Damit bekommst Du von uns einen professionellen Jahresabschluss vom Steuerberater und die vollst\u00e4ndige Buchhaltung &#8211; bei einer Ersparnis von stolzen 45 Prozent gegen\u00fcber den \u00fcblichen Kosten.<\/p>\n<p>&nbsp;<\/p>\n<p>&nbsp;<\/p>\n<p><span style=\"color: #ff6600;\"><a style=\"color: #ff6600;\" href=\"https:\/\/www.mein-tagwerk.de\/tagwerk\/campus\/anmelden\/\">Ab jetzt weniger Stress mit der Umsatzsteuervoranmeldung, hier geht es weiter.<\/a><\/span><\/p>\n<p>&nbsp;<\/p>\n<p>&nbsp;<\/p>\n<h2><div class=\"tmnf-sc-quote boxed fullsize\"><p><a href=\"https:\/\/www.mein-tagwerk.de\/tagwerk\/tagwerker-silvio-ritter\/\"><img loading=\"lazy\" decoding=\"async\" class=\"alignright wp-image-3668 size-thumbnail\" src=\"http:\/\/91.250.96.11\/tagwerk\/wp-content\/uploads\/2016\/06\/Silvio-Ritter-150x150.png\" rel='prettyPhoto' alt=\"Umsatzsteuervoranmeldung, Silvio-Ritter\" width=\"150\" height=\"150\" srcset=\"https:\/\/www.mein-tagwerk.de\/tagwerk\/wp-content\/uploads\/2016\/06\/Silvio-Ritter-150x150.png 150w, https:\/\/www.mein-tagwerk.de\/tagwerk\/wp-content\/uploads\/2016\/06\/Silvio-Ritter.png 186w\" sizes=\"(max-width: 150px) 100vw, 150px\" \/><\/a>Belege werden grunds\u00e4tzlich sofort eingescannt und in tagwerk gespeichert. <span style=\"color: #999999;\">Silvio Ritter \u2013 Qualit\u00e4tsmanager<br \/>\n<\/span><\/h2>\n<h2><\/p><\/div><\/h2>\n<p>&nbsp;<\/p>\n<h4>Weitere Leistungen<\/h4>\n<h4 class=\"sub-page-list-1\"><span style=\"color: #679a2b;\"><div class=\"threecol-one\"><a style=\"color: #679a2b;\" href=\"https:\/\/www.mein-tagwerk.de\/tagwerk\/buchhaltungssoftware\/\">Buchhaltungssoftware<\/a><\/div> <div class=\"threecol-one\"><a style=\"color: #679a2b;\" href=\"https:\/\/www.mein-tagwerk.de\/tagwerk\/stundensatz-berechnen-deine-freiberufliche-taetigkeit\/\">Stundensatz berechnen<\/a><\/div> <div class=\"threecol-one last\"><a style=\"color: #679a2b;\" href=\"https:\/\/www.mein-tagwerk.de\/tagwerk\/einnahmenueberschussrechnung-einnahmen-ueberschuss-rechnung\">Einnahmen\u00fcberschussrechnung <\/a><\/div><\/span><\/h4>\n<h4 class=\"sub-page-list-1\"><span style=\"color: #679a2b;\"><div class=\"threecol-one\"><a style=\"color: #679a2b;\" href=\"https:\/\/www.mein-tagwerk.de\/tagwerk\/rechnung-online\/\">Rechnung online<\/a><\/div> <div class=\"threecol-one\"><a style=\"color: #679a2b;\" href=\"https:\/\/www.mein-tagwerk.de\/tagwerk\/angebote-kalkulieren\/\">Angebote kalkulieren<\/a><\/div> <div class=\"threecol-one last\"><a style=\"color: #679a2b;\" href=\"https:\/\/www.mein-tagwerk.de\/tagwerk\/umsatzsteuervoranmeldung\/\">Umsatzsteuervoranmeldung<\/a><\/div> <\/span><\/h4>\n<h4 class=\"sub-page-list-1\"><span style=\"color: #679a2b;\"><div class=\"threecol-one\"><a style=\"color: #679a2b;\" href=\"https:\/\/www.mein-tagwerk.de\/tagwerk\/zeiterfassung-online\/\">Zeiterfassung<\/a><\/div> <div class=\"threecol-one\"><a style=\"color: #679a2b;\" href=\"https:\/\/www.mein-tagwerk.de\/tagwerk\/reisekostenabrechnung\/\">Reisekostenabrechnung<\/a><\/div> <div class=\"threecol-one last\"><a style=\"color: #679a2b;\" href=\"https:\/\/www.mein-tagwerk.de\/tagwerk\/belege-erfassen-app\/\">Belege erfassen<\/a><\/div> <\/span><\/h4>\n<p>&nbsp;<\/p>\n<p>&nbsp;<\/p>\n","protected":false},"excerpt":{"rendered":"<p>Mach Deine Umsatzsteuervoranmeldung selbst. &nbsp; Umsatzsteuer &amp; Einnahme\u00fcberschussrechnung. Deine Steuerberaterung wird uns lieben. Das Finanzamt auch. &nbsp; Ob Elektronische Umsatzsteuer-Voranmeldung (ELSTER), Einnahme-\u00dcberschussrechnung (E\u00dcR) oder Online-Export zur Steuerberaterung (DATEV, Addison). Anhand deiner erfassten Daten ist das mit uns alles ein Kinderspiel. \u00dcber eine integrierte Elster-Schnittstelle kannst du deine Umsatzsteuer-Voranmeldung direkt an das Finanzamt \u00fcbermitteln. Du siehst [&#038;hellip<\/p>\n","protected":false},"author":2,"featured_media":0,"parent":0,"menu_order":0,"comment_status":"closed","ping_status":"closed","template":"template-fullwidth.php","meta":{"footnotes":""},"yoast_head":"<!-- This site is optimized with the Yoast SEO plugin v20.4 - https:\/\/yoast.com\/wordpress\/plugins\/seo\/ -->\n<title>Umsatzsteuervoranmeldung formular elster | freiberufler | kleinunternehmer<\/title>\n<meta name=\"description\" content=\"Umsatzsteuervoranmeldung formular elster | freiberufler | kleinunternehmer. Deine Steuerberaterung wird uns lieben. Das Finanzamt auch.\" \/>\n<meta name=\"robots\" content=\"index, follow, max-snippet:-1, max-image-preview:large, max-video-preview:-1\" \/>\n<link rel=\"canonical\" href=\"https:\/\/www.mein-tagwerk.de\/tagwerk\/umsatzsteuervoranmeldung\/\" \/>\n<meta property=\"og:locale\" content=\"de_DE\" \/>\n<meta property=\"og:type\" content=\"article\" \/>\n<meta property=\"og:title\" content=\"Umsatzsteuervoranmeldung formular elster | freiberufler | kleinunternehmer\" \/>\n<meta property=\"og:description\" content=\"Umsatzsteuervoranmeldung formular elster | freiberufler | kleinunternehmer. Deine Steuerberaterung wird uns lieben. Das Finanzamt auch.\" \/>\n<meta property=\"og:url\" content=\"https:\/\/www.mein-tagwerk.de\/tagwerk\/umsatzsteuervoranmeldung\/\" \/>\n<meta property=\"og:site_name\" content=\"meintagwerk\" \/>\n<meta property=\"article:modified_time\" content=\"2022-02-19T03:45:18+00:00\" \/>\n<meta property=\"og:image\" content=\"http:\/\/91.250.96.11\/tagwerk\/wp-content\/uploads\/2016\/06\/Umsatzsteuervoranmeldung-3.png\" \/>\n<meta name=\"twitter:card\" content=\"summary_large_image\" \/>\n<meta name=\"twitter:label1\" content=\"Gesch\u00e4tzte Lesezeit\" \/>\n\t<meta name=\"twitter:data1\" content=\"2\u00a0Minuten\" \/>\n<script type=\"application\/ld+json\" class=\"yoast-schema-graph\">{\"@context\":\"https:\/\/schema.org\",\"@graph\":[{\"@type\":\"WebPage\",\"@id\":\"https:\/\/www.mein-tagwerk.de\/tagwerk\/umsatzsteuervoranmeldung\/\",\"url\":\"https:\/\/www.mein-tagwerk.de\/tagwerk\/umsatzsteuervoranmeldung\/\",\"name\":\"Umsatzsteuervoranmeldung formular elster | freiberufler | kleinunternehmer\",\"isPartOf\":{\"@id\":\"https:\/\/www.mein-tagwerk.de\/tagwerk\/#website\"},\"datePublished\":\"2021-08-01T10:47:59+00:00\",\"dateModified\":\"2022-02-19T03:45:18+00:00\",\"description\":\"Umsatzsteuervoranmeldung formular elster | freiberufler | kleinunternehmer. Deine Steuerberaterung wird uns lieben. Das Finanzamt auch.\",\"breadcrumb\":{\"@id\":\"https:\/\/www.mein-tagwerk.de\/tagwerk\/umsatzsteuervoranmeldung\/#breadcrumb\"},\"inLanguage\":\"de\",\"potentialAction\":[{\"@type\":\"ReadAction\",\"target\":[\"https:\/\/www.mein-tagwerk.de\/tagwerk\/umsatzsteuervoranmeldung\/\"]}]},{\"@type\":\"BreadcrumbList\",\"@id\":\"https:\/\/www.mein-tagwerk.de\/tagwerk\/umsatzsteuervoranmeldung\/#breadcrumb\",\"itemListElement\":[{\"@type\":\"ListItem\",\"position\":1,\"name\":\"Home\",\"item\":\"https:\/\/www.mein-tagwerk.de\/tagwerk\/\"},{\"@type\":\"ListItem\",\"position\":2,\"name\":\"Umsatzsteuervoranmeldung\"}]},{\"@type\":\"WebSite\",\"@id\":\"https:\/\/www.mein-tagwerk.de\/tagwerk\/#website\",\"url\":\"https:\/\/www.mein-tagwerk.de\/tagwerk\/\",\"name\":\"meintagwerk\",\"description\":\"Online Buchhaltung f\u00fcr Freiberufler, Freelancer und Selbst\u00e4ndige\",\"publisher\":{\"@id\":\"https:\/\/www.mein-tagwerk.de\/tagwerk\/#organization\"},\"potentialAction\":[{\"@type\":\"SearchAction\",\"target\":{\"@type\":\"EntryPoint\",\"urlTemplate\":\"https:\/\/www.mein-tagwerk.de\/tagwerk\/?s={search_term_string}\"},\"query-input\":\"required name=search_term_string\"}],\"inLanguage\":\"de\"},{\"@type\":\"Organization\",\"@id\":\"https:\/\/www.mein-tagwerk.de\/tagwerk\/#organization\",\"name\":\"tagwerk\",\"url\":\"https:\/\/www.mein-tagwerk.de\/tagwerk\/\",\"logo\":{\"@type\":\"ImageObject\",\"inLanguage\":\"de\",\"@id\":\"https:\/\/www.mein-tagwerk.de\/tagwerk\/#\/schema\/logo\/image\/\",\"url\":\"https:\/\/www.mein-tagwerk.de\/tagwerk\/wp-content\/uploads\/2013\/08\/130611_logo-tagwerk-corporate.png\",\"contentUrl\":\"https:\/\/www.mein-tagwerk.de\/tagwerk\/wp-content\/uploads\/2013\/08\/130611_logo-tagwerk-corporate.png\",\"width\":328,\"height\":140,\"caption\":\"tagwerk\"},\"image\":{\"@id\":\"https:\/\/www.mein-tagwerk.de\/tagwerk\/#\/schema\/logo\/image\/\"}}]}<\/script>\n<!-- \/ Yoast SEO plugin. -->","yoast_head_json":{"title":"Umsatzsteuervoranmeldung formular elster | freiberufler | kleinunternehmer","description":"Umsatzsteuervoranmeldung formular elster | freiberufler | kleinunternehmer. Deine Steuerberaterung wird uns lieben. Das Finanzamt auch.","robots":{"index":"index","follow":"follow","max-snippet":"max-snippet:-1","max-image-preview":"max-image-preview:large","max-video-preview":"max-video-preview:-1"},"canonical":"https:\/\/www.mein-tagwerk.de\/tagwerk\/umsatzsteuervoranmeldung\/","og_locale":"de_DE","og_type":"article","og_title":"Umsatzsteuervoranmeldung formular elster | freiberufler | kleinunternehmer","og_description":"Umsatzsteuervoranmeldung formular elster | freiberufler | kleinunternehmer. Deine Steuerberaterung wird uns lieben. Das Finanzamt auch.","og_url":"https:\/\/www.mein-tagwerk.de\/tagwerk\/umsatzsteuervoranmeldung\/","og_site_name":"meintagwerk","article_modified_time":"2022-02-19T03:45:18+00:00","og_image":[{"url":"http:\/\/91.250.96.11\/tagwerk\/wp-content\/uploads\/2016\/06\/Umsatzsteuervoranmeldung-3.png"}],"twitter_card":"summary_large_image","twitter_misc":{"Gesch\u00e4tzte Lesezeit":"2\u00a0Minuten"},"schema":{"@context":"https:\/\/schema.org","@graph":[{"@type":"WebPage","@id":"https:\/\/www.mein-tagwerk.de\/tagwerk\/umsatzsteuervoranmeldung\/","url":"https:\/\/www.mein-tagwerk.de\/tagwerk\/umsatzsteuervoranmeldung\/","name":"Umsatzsteuervoranmeldung formular elster | freiberufler | kleinunternehmer","isPartOf":{"@id":"https:\/\/www.mein-tagwerk.de\/tagwerk\/#website"},"datePublished":"2021-08-01T10:47:59+00:00","dateModified":"2022-02-19T03:45:18+00:00","description":"Umsatzsteuervoranmeldung formular elster | freiberufler | kleinunternehmer. Deine Steuerberaterung wird uns lieben. Das Finanzamt auch.","breadcrumb":{"@id":"https:\/\/www.mein-tagwerk.de\/tagwerk\/umsatzsteuervoranmeldung\/#breadcrumb"},"inLanguage":"de","potentialAction":[{"@type":"ReadAction","target":["https:\/\/www.mein-tagwerk.de\/tagwerk\/umsatzsteuervoranmeldung\/"]}]},{"@type":"BreadcrumbList","@id":"https:\/\/www.mein-tagwerk.de\/tagwerk\/umsatzsteuervoranmeldung\/#breadcrumb","itemListElement":[{"@type":"ListItem","position":1,"name":"Home","item":"https:\/\/www.mein-tagwerk.de\/tagwerk\/"},{"@type":"ListItem","position":2,"name":"Umsatzsteuervoranmeldung"}]},{"@type":"WebSite","@id":"https:\/\/www.mein-tagwerk.de\/tagwerk\/#website","url":"https:\/\/www.mein-tagwerk.de\/tagwerk\/","name":"meintagwerk","description":"Online Buchhaltung f\u00fcr Freiberufler, Freelancer und Selbst\u00e4ndige","publisher":{"@id":"https:\/\/www.mein-tagwerk.de\/tagwerk\/#organization"},"potentialAction":[{"@type":"SearchAction","target":{"@type":"EntryPoint","urlTemplate":"https:\/\/www.mein-tagwerk.de\/tagwerk\/?s={search_term_string}"},"query-input":"required name=search_term_string"}],"inLanguage":"de"},{"@type":"Organization","@id":"https:\/\/www.mein-tagwerk.de\/tagwerk\/#organization","name":"tagwerk","url":"https:\/\/www.mein-tagwerk.de\/tagwerk\/","logo":{"@type":"ImageObject","inLanguage":"de","@id":"https:\/\/www.mein-tagwerk.de\/tagwerk\/#\/schema\/logo\/image\/","url":"https:\/\/www.mein-tagwerk.de\/tagwerk\/wp-content\/uploads\/2013\/08\/130611_logo-tagwerk-corporate.png","contentUrl":"https:\/\/www.mein-tagwerk.de\/tagwerk\/wp-content\/uploads\/2013\/08\/130611_logo-tagwerk-corporate.png","width":328,"height":140,"caption":"tagwerk"},"image":{"@id":"https:\/\/www.mein-tagwerk.de\/tagwerk\/#\/schema\/logo\/image\/"}}]}},"_links":{"self":[{"href":"https:\/\/www.mein-tagwerk.de\/tagwerk\/wp-json\/wp\/v2\/pages\/3632"}],"collection":[{"href":"https:\/\/www.mein-tagwerk.de\/tagwerk\/wp-json\/wp\/v2\/pages"}],"about":[{"href":"https:\/\/www.mein-tagwerk.de\/tagwerk\/wp-json\/wp\/v2\/types\/page"}],"author":[{"embeddable":true,"href":"https:\/\/www.mein-tagwerk.de\/tagwerk\/wp-json\/wp\/v2\/users\/2"}],"replies":[{"embeddable":true,"href":"https:\/\/www.mein-tagwerk.de\/tagwerk\/wp-json\/wp\/v2\/comments?post=3632"}],"version-history":[{"count":3,"href":"https:\/\/www.mein-tagwerk.de\/tagwerk\/wp-json\/wp\/v2\/pages\/3632\/revisions"}],"predecessor-version":[{"id":5304,"href":"https:\/\/www.mein-tagwerk.de\/tagwerk\/wp-json\/wp\/v2\/pages\/3632\/revisions\/5304"}],"wp:attachment":[{"href":"https:\/\/www.mein-tagwerk.de\/tagwerk\/wp-json\/wp\/v2\/media?parent=3632"}],"curies":[{"name":"wp","href":"https:\/\/api.w.org\/{rel}","templated":true}]}}