{"id":3682,"date":"2021-08-02T14:09:40","date_gmt":"2021-08-02T12:09:40","guid":{"rendered":"http:\/\/www.mein-tagwerk.de\/tagwerk\/?page_id=3682"},"modified":"2022-02-19T04:43:18","modified_gmt":"2022-02-19T03:43:18","slug":"reisekostenabrechnung-4","status":"publish","type":"page","link":"https:\/\/www.mein-tagwerk.de\/tagwerk\/reisekostenabrechnung-4\/","title":{"rendered":"Reisekostenabrechnung"},"content":{"rendered":"<h1><strong>Reisekostenabrechnung mit meintagwerk<\/strong><\/h1>\n<h2><\/h2>\n<p>&nbsp;<\/p>\n<h2><\/h2>\n<h2><strong><img loading=\"lazy\" decoding=\"async\" class=\"sub-page-image-1 alignright wp-image-3687\" src=\"http:\/\/91.250.96.11\/tagwerk\/wp-content\/uploads\/2016\/06\/Reisekostenabrechnung-2.png\" alt=\"Reisekostenabrechnung mit meintagwerk\" width=\"500\" height=\"667\" srcset=\"https:\/\/www.mein-tagwerk.de\/tagwerk\/wp-content\/uploads\/2016\/06\/Reisekostenabrechnung-2.png 600w, https:\/\/www.mein-tagwerk.de\/tagwerk\/wp-content\/uploads\/2016\/06\/Reisekostenabrechnung-2-225x300.png 225w\" sizes=\"(max-width: 500px) 100vw, 500px\" \/><\/strong><\/h2>\n<h2><strong>Einfache Bedienung und projektbezogener Workflow<\/strong><\/h2>\n<h2><\/h2>\n<h2><\/h2>\n<h2><\/h2>\n<p>Mit meintagwerk kannst Du den Abrechnungsaufwand Deiner Reisekostenabrechnung minimieren und die gewonnene Zeit f\u00fcr Deine Inspiration nutzen! meintagwerk sorgt mit einem einfachen Workflow f\u00fcr eine effiziente Abrechnung der Reisekosten \u2013 von der Reisezeit \u00fcber die Spesenerfassung bis hin zur Kostenerfassung.<\/p>\n<h2><\/h2>\n<p>Die Arbeit mit unserer ausgezeichneten Cloud Software funktioniert dabei nach einem einfachen Prinzip: projektbezogen. Du dokumentierst Deine Kosten selbst und entscheidest ob sie dem Kunden in Rechnung gestellt werden oder nicht. Das bedeutet weniger Arbeitsaufwand f\u00fcr Dich und Deine Kunden, und die Buchhaltung f\u00fcr die Umsatzsteuererkl\u00e4rung l\u00e4uft automatisch mit.<\/p>\n<p>&nbsp;<\/p>\n<h2><strong>Elektronische Belege f\u00fcr die Reisekostenabrechnung<\/strong><\/h2>\n<p>In meintagwerk hast Du die M\u00f6glichkeit, gescannte Belege an die <a href=\"\/tagwerk\/reisekosten-2014-buchhaltung-fur-freelancer\/\">Reisekostenabrechnung<\/a> anzuh\u00e4ngen, diese in den elektronischen Workflow zu integrieren und zu archivieren. Deine Buchhaltung und die gescannten Belegen lassen sich somit jederzeit online einsehen und pr\u00fcfen.<\/p>\n<p>&nbsp;<\/p>\n<h2><\/h2>\n<p><span id=\"hs_cos_wrapper_module_14556651937231503\" class=\"hs_cos_wrapper hs_cos_wrapper_widget hs_cos_wrapper_type_raw_html\" style=\"color: #ff6600;\" data-hs-cos-general-type=\"widget\" data-hs-cos-type=\"raw_html\"><a style=\"color: #ff6600;\" href=\"\/tagwerk\/campus\/anmelden\/\" data-sumome-trigger=\"true\" data-sumome-listbuilder-id=\"2bf1d9e1-9758-4d61-a302-d41ccdc00b6f\">Reisekosten leicht gemacht, hier kannst Du testen<\/a><\/span><\/p>\n<p>&nbsp;<\/p>\n<p>&nbsp;<\/p>\n<h2><div class=\"tmnf-sc-quote boxed fullsize\"><p><a href=\"\/tagwerk\/bewirtungsbeleg-angaben-die-du-kennen-musst\/\"><img loading=\"lazy\" decoding=\"async\" class=\"alignright wp-image-3694\" src=\"http:\/\/91.250.96.11\/tagwerk\/wp-content\/uploads\/2016\/06\/Reisekostenabrechnung-150x150.png\" rel='prettyPhoto' alt=\"Reisekostenabrechnung mit mein tagwerk\" width=\"75\" height=\"75\" srcset=\"https:\/\/www.mein-tagwerk.de\/tagwerk\/wp-content\/uploads\/2016\/06\/Reisekostenabrechnung-150x150.png 150w, https:\/\/www.mein-tagwerk.de\/tagwerk\/wp-content\/uploads\/2016\/06\/Reisekostenabrechnung.png 206w\" sizes=\"(max-width: 75px) 100vw, 75px\" \/><\/a><a href=\"\/tagwerk\/bewirtungsbeleg-angaben-die-du-kennen-musst\/\">Bewirtungsbelege \u2013 5 Angaben die Du kennen musst.<\/a> <span style=\"color: #999999;\">Unsere Checkliste f\u00fcr Dich.<br \/>\n<\/span><\/h2>\n<h2><\/p><\/div><\/h2>\n<p>&nbsp;<\/p>\n<h4>Weitere Leistungen<\/h4>\n<h4 class=\"sub-page-list-1\"><span style=\"color: #679a2b;\"><div class=\"threecol-one\"><a style=\"color: #679a2b;\" href=\"https:\/\/www.mein-tagwerk.de\/tagwerk\/buchhaltungssoftware\/\">Buchhaltungssoftware<\/a><\/div> <div class=\"threecol-one\"><a style=\"color: #679a2b;\" href=\"https:\/\/www.mein-tagwerk.de\/tagwerk\/stundensatz-berechnen-deine-freiberufliche-taetigkeit\/\">Stundensatz berechnen<\/a><\/div> <div class=\"threecol-one last\"><a style=\"color: #679a2b;\" href=\"https:\/\/www.mein-tagwerk.de\/tagwerk\/einnahmenueberschussrechnung-einnahmen-ueberschuss-rechnung\">Einnahmen\u00fcberschussrechnung <\/a><\/div><\/span><\/h4>\n<h4 class=\"sub-page-list-1\"><span style=\"color: #679a2b;\"><div class=\"threecol-one\"><a style=\"color: #679a2b;\" href=\"https:\/\/www.mein-tagwerk.de\/tagwerk\/rechnung-online\/\">Rechnung online<\/a><\/div> <div class=\"threecol-one\"><a style=\"color: #679a2b;\" href=\"https:\/\/www.mein-tagwerk.de\/tagwerk\/angebote-kalkulieren\/\">Angebote kalkulieren<\/a><\/div> <div class=\"threecol-one last\"><a style=\"color: #679a2b;\" href=\"https:\/\/www.mein-tagwerk.de\/tagwerk\/umsatzsteuervoranmeldung\/\">Umsatzsteuervoranmeldung<\/a><\/div> <\/span><\/h4>\n<h4 class=\"sub-page-list-1\"><span style=\"color: #679a2b;\"><div class=\"threecol-one\"><a style=\"color: #679a2b;\" href=\"https:\/\/www.mein-tagwerk.de\/tagwerk\/zeiterfassung-online\/\">Zeiterfassung<\/a><\/div> <div class=\"threecol-one\"><a style=\"color: #679a2b;\" href=\"https:\/\/www.mein-tagwerk.de\/tagwerk\/reisekostenabrechnung\/\">Reisekostenabrechnung<\/a><\/div> <div class=\"threecol-one last\"><a style=\"color: #679a2b;\" href=\"https:\/\/www.mein-tagwerk.de\/tagwerk\/belege-erfassen-app\/\">Belege erfassen<\/a><\/div> <\/span><\/h4>\n<p>&nbsp;<\/p>\n<p>&nbsp;<\/p>\n<p>&nbsp;<\/p>\n","protected":false},"excerpt":{"rendered":"<p>Reisekostenabrechnung mit meintagwerk &nbsp; Einfache Bedienung und projektbezogener Workflow Mit meintagwerk kannst Du den Abrechnungsaufwand Deiner Reisekostenabrechnung minimieren und die gewonnene Zeit f\u00fcr Deine Inspiration nutzen! meintagwerk sorgt mit einem einfachen Workflow f\u00fcr eine effiziente Abrechnung der Reisekosten \u2013 von der Reisezeit \u00fcber die Spesenerfassung bis hin zur Kostenerfassung. Die Arbeit mit unserer ausgezeichneten Cloud [&#038;hellip<\/p>\n","protected":false},"author":2,"featured_media":0,"parent":0,"menu_order":0,"comment_status":"closed","ping_status":"closed","template":"template-fullwidth.php","meta":{"footnotes":""},"yoast_head":"<!-- This site is optimized with the Yoast SEO plugin v20.4 - https:\/\/yoast.com\/wordpress\/plugins\/seo\/ -->\n<title>Einfache Reisekostenabrechnung excel Vorlage | Projektbezogen<\/title>\n<meta name=\"description\" content=\"Einfache Reisekostenabrechnung Excel Vorlage | Projektbezogen mit mein tagwerk. Abrechnungsaufwand Deiner Reisekostenabrechnung minimieren.\" \/>\n<meta name=\"robots\" content=\"index, follow, max-snippet:-1, max-image-preview:large, max-video-preview:-1\" \/>\n<link rel=\"canonical\" href=\"https:\/\/www.mein-tagwerk.de\/tagwerk\/reisekostenabrechnung-4\/\" \/>\n<meta property=\"og:locale\" content=\"de_DE\" \/>\n<meta property=\"og:type\" content=\"article\" \/>\n<meta property=\"og:title\" content=\"Einfache Reisekostenabrechnung excel Vorlage | Projektbezogen\" \/>\n<meta property=\"og:description\" content=\"Einfache Reisekostenabrechnung Excel Vorlage | Projektbezogen mit mein tagwerk. Abrechnungsaufwand Deiner Reisekostenabrechnung minimieren.\" \/>\n<meta property=\"og:url\" content=\"https:\/\/www.mein-tagwerk.de\/tagwerk\/reisekostenabrechnung-4\/\" \/>\n<meta property=\"og:site_name\" content=\"meintagwerk\" \/>\n<meta property=\"article:modified_time\" content=\"2022-02-19T03:43:18+00:00\" \/>\n<meta property=\"og:image\" content=\"http:\/\/91.250.96.11\/tagwerk\/wp-content\/uploads\/2016\/06\/Reisekostenabrechnung-2.png\" \/>\n<meta name=\"twitter:card\" content=\"summary_large_image\" \/>\n<meta name=\"twitter:label1\" content=\"Gesch\u00e4tzte Lesezeit\" \/>\n\t<meta name=\"twitter:data1\" content=\"2\u00a0Minuten\" \/>\n<script type=\"application\/ld+json\" class=\"yoast-schema-graph\">{\"@context\":\"https:\/\/schema.org\",\"@graph\":[{\"@type\":\"WebPage\",\"@id\":\"https:\/\/www.mein-tagwerk.de\/tagwerk\/reisekostenabrechnung-4\/\",\"url\":\"https:\/\/www.mein-tagwerk.de\/tagwerk\/reisekostenabrechnung-4\/\",\"name\":\"Einfache Reisekostenabrechnung excel Vorlage | Projektbezogen\",\"isPartOf\":{\"@id\":\"https:\/\/www.mein-tagwerk.de\/tagwerk\/#website\"},\"datePublished\":\"2021-08-02T12:09:40+00:00\",\"dateModified\":\"2022-02-19T03:43:18+00:00\",\"description\":\"Einfache Reisekostenabrechnung Excel Vorlage | Projektbezogen mit mein tagwerk. Abrechnungsaufwand Deiner Reisekostenabrechnung minimieren.\",\"breadcrumb\":{\"@id\":\"https:\/\/www.mein-tagwerk.de\/tagwerk\/reisekostenabrechnung-4\/#breadcrumb\"},\"inLanguage\":\"de\",\"potentialAction\":[{\"@type\":\"ReadAction\",\"target\":[\"https:\/\/www.mein-tagwerk.de\/tagwerk\/reisekostenabrechnung-4\/\"]}]},{\"@type\":\"BreadcrumbList\",\"@id\":\"https:\/\/www.mein-tagwerk.de\/tagwerk\/reisekostenabrechnung-4\/#breadcrumb\",\"itemListElement\":[{\"@type\":\"ListItem\",\"position\":1,\"name\":\"Home\",\"item\":\"https:\/\/www.mein-tagwerk.de\/tagwerk\/\"},{\"@type\":\"ListItem\",\"position\":2,\"name\":\"Reisekostenabrechnung\"}]},{\"@type\":\"WebSite\",\"@id\":\"https:\/\/www.mein-tagwerk.de\/tagwerk\/#website\",\"url\":\"https:\/\/www.mein-tagwerk.de\/tagwerk\/\",\"name\":\"meintagwerk\",\"description\":\"Online Buchhaltung f\u00fcr Freiberufler, Freelancer und Selbst\u00e4ndige\",\"publisher\":{\"@id\":\"https:\/\/www.mein-tagwerk.de\/tagwerk\/#organization\"},\"potentialAction\":[{\"@type\":\"SearchAction\",\"target\":{\"@type\":\"EntryPoint\",\"urlTemplate\":\"https:\/\/www.mein-tagwerk.de\/tagwerk\/?s={search_term_string}\"},\"query-input\":\"required name=search_term_string\"}],\"inLanguage\":\"de\"},{\"@type\":\"Organization\",\"@id\":\"https:\/\/www.mein-tagwerk.de\/tagwerk\/#organization\",\"name\":\"tagwerk\",\"url\":\"https:\/\/www.mein-tagwerk.de\/tagwerk\/\",\"logo\":{\"@type\":\"ImageObject\",\"inLanguage\":\"de\",\"@id\":\"https:\/\/www.mein-tagwerk.de\/tagwerk\/#\/schema\/logo\/image\/\",\"url\":\"https:\/\/www.mein-tagwerk.de\/tagwerk\/wp-content\/uploads\/2013\/08\/130611_logo-tagwerk-corporate.png\",\"contentUrl\":\"https:\/\/www.mein-tagwerk.de\/tagwerk\/wp-content\/uploads\/2013\/08\/130611_logo-tagwerk-corporate.png\",\"width\":328,\"height\":140,\"caption\":\"tagwerk\"},\"image\":{\"@id\":\"https:\/\/www.mein-tagwerk.de\/tagwerk\/#\/schema\/logo\/image\/\"}}]}<\/script>\n<!-- \/ Yoast SEO plugin. -->","yoast_head_json":{"title":"Einfache Reisekostenabrechnung excel Vorlage | Projektbezogen","description":"Einfache Reisekostenabrechnung Excel Vorlage | Projektbezogen mit mein tagwerk. Abrechnungsaufwand Deiner Reisekostenabrechnung minimieren.","robots":{"index":"index","follow":"follow","max-snippet":"max-snippet:-1","max-image-preview":"max-image-preview:large","max-video-preview":"max-video-preview:-1"},"canonical":"https:\/\/www.mein-tagwerk.de\/tagwerk\/reisekostenabrechnung-4\/","og_locale":"de_DE","og_type":"article","og_title":"Einfache Reisekostenabrechnung excel Vorlage | Projektbezogen","og_description":"Einfache Reisekostenabrechnung Excel Vorlage | Projektbezogen mit mein tagwerk. Abrechnungsaufwand Deiner Reisekostenabrechnung minimieren.","og_url":"https:\/\/www.mein-tagwerk.de\/tagwerk\/reisekostenabrechnung-4\/","og_site_name":"meintagwerk","article_modified_time":"2022-02-19T03:43:18+00:00","og_image":[{"url":"http:\/\/91.250.96.11\/tagwerk\/wp-content\/uploads\/2016\/06\/Reisekostenabrechnung-2.png"}],"twitter_card":"summary_large_image","twitter_misc":{"Gesch\u00e4tzte Lesezeit":"2\u00a0Minuten"},"schema":{"@context":"https:\/\/schema.org","@graph":[{"@type":"WebPage","@id":"https:\/\/www.mein-tagwerk.de\/tagwerk\/reisekostenabrechnung-4\/","url":"https:\/\/www.mein-tagwerk.de\/tagwerk\/reisekostenabrechnung-4\/","name":"Einfache Reisekostenabrechnung excel Vorlage | Projektbezogen","isPartOf":{"@id":"https:\/\/www.mein-tagwerk.de\/tagwerk\/#website"},"datePublished":"2021-08-02T12:09:40+00:00","dateModified":"2022-02-19T03:43:18+00:00","description":"Einfache Reisekostenabrechnung Excel Vorlage | Projektbezogen mit mein tagwerk. Abrechnungsaufwand Deiner Reisekostenabrechnung minimieren.","breadcrumb":{"@id":"https:\/\/www.mein-tagwerk.de\/tagwerk\/reisekostenabrechnung-4\/#breadcrumb"},"inLanguage":"de","potentialAction":[{"@type":"ReadAction","target":["https:\/\/www.mein-tagwerk.de\/tagwerk\/reisekostenabrechnung-4\/"]}]},{"@type":"BreadcrumbList","@id":"https:\/\/www.mein-tagwerk.de\/tagwerk\/reisekostenabrechnung-4\/#breadcrumb","itemListElement":[{"@type":"ListItem","position":1,"name":"Home","item":"https:\/\/www.mein-tagwerk.de\/tagwerk\/"},{"@type":"ListItem","position":2,"name":"Reisekostenabrechnung"}]},{"@type":"WebSite","@id":"https:\/\/www.mein-tagwerk.de\/tagwerk\/#website","url":"https:\/\/www.mein-tagwerk.de\/tagwerk\/","name":"meintagwerk","description":"Online Buchhaltung f\u00fcr Freiberufler, Freelancer und Selbst\u00e4ndige","publisher":{"@id":"https:\/\/www.mein-tagwerk.de\/tagwerk\/#organization"},"potentialAction":[{"@type":"SearchAction","target":{"@type":"EntryPoint","urlTemplate":"https:\/\/www.mein-tagwerk.de\/tagwerk\/?s={search_term_string}"},"query-input":"required name=search_term_string"}],"inLanguage":"de"},{"@type":"Organization","@id":"https:\/\/www.mein-tagwerk.de\/tagwerk\/#organization","name":"tagwerk","url":"https:\/\/www.mein-tagwerk.de\/tagwerk\/","logo":{"@type":"ImageObject","inLanguage":"de","@id":"https:\/\/www.mein-tagwerk.de\/tagwerk\/#\/schema\/logo\/image\/","url":"https:\/\/www.mein-tagwerk.de\/tagwerk\/wp-content\/uploads\/2013\/08\/130611_logo-tagwerk-corporate.png","contentUrl":"https:\/\/www.mein-tagwerk.de\/tagwerk\/wp-content\/uploads\/2013\/08\/130611_logo-tagwerk-corporate.png","width":328,"height":140,"caption":"tagwerk"},"image":{"@id":"https:\/\/www.mein-tagwerk.de\/tagwerk\/#\/schema\/logo\/image\/"}}]}},"_links":{"self":[{"href":"https:\/\/www.mein-tagwerk.de\/tagwerk\/wp-json\/wp\/v2\/pages\/3682"}],"collection":[{"href":"https:\/\/www.mein-tagwerk.de\/tagwerk\/wp-json\/wp\/v2\/pages"}],"about":[{"href":"https:\/\/www.mein-tagwerk.de\/tagwerk\/wp-json\/wp\/v2\/types\/page"}],"author":[{"embeddable":true,"href":"https:\/\/www.mein-tagwerk.de\/tagwerk\/wp-json\/wp\/v2\/users\/2"}],"replies":[{"embeddable":true,"href":"https:\/\/www.mein-tagwerk.de\/tagwerk\/wp-json\/wp\/v2\/comments?post=3682"}],"version-history":[{"count":7,"href":"https:\/\/www.mein-tagwerk.de\/tagwerk\/wp-json\/wp\/v2\/pages\/3682\/revisions"}],"predecessor-version":[{"id":5302,"href":"https:\/\/www.mein-tagwerk.de\/tagwerk\/wp-json\/wp\/v2\/pages\/3682\/revisions\/5302"}],"wp:attachment":[{"href":"https:\/\/www.mein-tagwerk.de\/tagwerk\/wp-json\/wp\/v2\/media?parent=3682"}],"curies":[{"name":"wp","href":"https:\/\/api.w.org\/{rel}","templated":true}]}}