{"id":3723,"date":"2021-08-08T13:15:36","date_gmt":"2021-08-08T11:15:36","guid":{"rendered":"http:\/\/www.mein-tagwerk.de\/tagwerk\/?page_id=3723"},"modified":"2022-05-20T16:06:13","modified_gmt":"2022-05-20T14:06:13","slug":"belege-erfassen-app","status":"publish","type":"page","link":"https:\/\/www.mein-tagwerk.de\/tagwerk\/belege-erfassen-app\/","title":{"rendered":"Belege erfassen"},"content":{"rendered":"<h1><strong>Belege erfassen. Und online archivieren.<\/strong><\/h1>\n<p>&nbsp;<\/p>\n<p>&nbsp;<\/p>\n<h2><img loading=\"lazy\" decoding=\"async\" class=\"sub-page-image-1 alignleft wp-image-3727\" src=\"http:\/\/91.250.96.11\/tagwerk\/wp-content\/uploads\/2016\/06\/Belege-erfassen-Quittungen.png\" alt=\"Belege-erfassen-Quittungen\" width=\"500\" height=\"532\" srcset=\"https:\/\/www.mein-tagwerk.de\/tagwerk\/wp-content\/uploads\/2016\/06\/Belege-erfassen-Quittungen.png 600w, https:\/\/www.mein-tagwerk.de\/tagwerk\/wp-content\/uploads\/2016\/06\/Belege-erfassen-Quittungen-282x300.png 282w\" sizes=\"(max-width: 500px) 100vw, 500px\" \/>Alle Ausgaben und Belege zuverl\u00e4ssig mit der<a href=\"https:\/\/youtu.be\/56DvfxKeKWA?t=1096\"> Buchhaltungssoftware<\/a> von tagwerk erfassen.<\/h2>\n<p>In Meintagwerk kannst Du Deine Belege digital erfassen. Mit der Web App bequem den eingescannten <a href=\"https:\/\/www.mein-tagwerk.de\/tagwerk\/bewirtungsbeleg-angaben-die-du-kennen-musst\/\">Bewirtungsbeleg<\/a>, Hotelrechnung oder Materialrechnung in den g\u00e4ngigen Formaten JPEG, PNG, PDF oder GIF hochladen. Du hast eine Rechnung als PDF erhalten? Auch diesen Beleg kannst Du mit wenigen Klicks in die Belegerfassung von tagwerk archivieren. Du kannst best\u00e4tigen, welche Belege du bereits bezahlt wurden. Sobald etwas \u00fcberf\u00e4llig wird, wirst du informiert.<\/p>\n<p><strong>Belege erfassen <\/strong><\/p>\n<p>Das war bisher nervig und eine zeitaufwendige Arbeit? Mit der Buchhaltungssoftware Meintagwerk ist die Buchhaltung f\u00fcr Dich im Handumdrehen erledigt. Und es geht nichts mehr verloren, da die Belege 10 Jahre archiviert werden. Und jetzt kommst Du!<\/p>\n<p>&nbsp;<\/p>\n<p><span id=\"hs_cos_wrapper_module_14556658966841116\" class=\"hs_cos_wrapper hs_cos_wrapper_widget hs_cos_wrapper_type_raw_html\" style=\"color: #ff6600;\" data-hs-cos-general-type=\"widget\" data-hs-cos-type=\"raw_html\"><a style=\"color: #ff6600;\" href=\"\/tagwerk\/campus\/anmelden\/\" data-sumome-trigger=\"true\" data-sumome-listbuilder-id=\"2bf1d9e1-9758-4d61-a302-d41ccdc00b6f\">Hier und jetzt loslegen!<\/a><\/span><\/p>\n<p>&nbsp;<\/p>\n<h2><div class=\"tmnf-sc-quote boxed fullsize\"><p><a href=\"https:\/\/www.mein-tagwerk.de\/tagwerk\/tagwerker-silvio-ritter\/\"><img loading=\"lazy\" decoding=\"async\" class=\"alignright wp-image-3668 size-thumbnail\" src=\"http:\/\/91.250.96.11\/tagwerk\/wp-content\/uploads\/2016\/06\/Silvio-Ritter-150x150.png\" rel='prettyPhoto' alt=\"Belege erfassen\" width=\"150\" height=\"150\" srcset=\"https:\/\/www.mein-tagwerk.de\/tagwerk\/wp-content\/uploads\/2016\/06\/Silvio-Ritter-150x150.png 150w, https:\/\/www.mein-tagwerk.de\/tagwerk\/wp-content\/uploads\/2016\/06\/Silvio-Ritter.png 186w\" sizes=\"(max-width: 150px) 100vw, 150px\" \/><\/a>Belege werden grunds\u00e4tzlich sofort eingescannt und in meintagwerk gespeichert. <span style=\"color: #999999;\">Silvio Ritter \u2013 Qualit\u00e4tsmanager<br \/>\n<\/span><\/h2>\n<h2><\/p><\/div><\/h2>\n<p>&nbsp;<\/p>\n<p>&nbsp;<\/p>\n<p><strong>Archivierung Deiner Belege<\/strong><\/p>\n<p>Nach der Buchung der Belege in Meintagwerk folgt ein wichtiger Buchhaltungsschritt, es gilt die Belege richtig zu archivieren. Denn diese sind f\u00fcr mindestens zehn Jahre aufzubewahren. Warum? Letztlich geht es darum, da\u00df\u00a0 Gesch\u00e4ftsvorf\u00e4lle im Falle einer Betriebpr\u00fcfungzu zu belegen sind. Daher d\u00fcrfen die Belege, wenn sie einmal gebucht sind, nicht gleich vernichtet werden. Der Vorteil der Online-L\u00f6sung von uns ist: Die Belege m\u00fcssen nicht unbedingt in Papierform aufbewahrt werden, sondern\u00a0 auch die Ablage in einem digitalen Archiv ist rechtsm\u00e4ssig. Hierbei m\u00fcssen die GoB (Grunds\u00e4tze ordnungsm\u00e4\u00dfiger Buchf\u00fchrung) bzw. bei der digitalen Archivierung die GoBD und weitere Grunds\u00e4tze des HGB (Handelsgesetzbuch) beachtet werden.<\/p>\n<h4><\/h4>\n<p>&nbsp;<\/p>\n<h3><span style=\"color: #999999;\">Weitere Leistungen<\/span><\/h3>\n<h4 class=\"sub-page-list-1\"><span style=\"color: #679a2b;\"><div class=\"threecol-one\"><a style=\"color: #679a2b;\" href=\"https:\/\/www.mein-tagwerk.de\/tagwerk\/buchhaltungssoftware\/\"><strong>Buchhaltungssoftware<\/strong><\/a><\/div> <div class=\"threecol-one\"><strong><a style=\"color: #679a2b;\" href=\"https:\/\/www.mein-tagwerk.de\/tagwerk\/stundensatz-berechnen-deine-freiberufliche-taetigkeit\/\">Stundensatz berechnen<\/a><\/strong><\/div> <div class=\"threecol-one last\"><strong><a style=\"color: #679a2b;\" href=\"https:\/\/www.mein-tagwerk.de\/tagwerk\/einnahmenueberschussrechnung-einnahmen-ueberschuss-rechnung\">Einnahmen\u00fcberschussrechnung <\/a><\/strong><\/div><\/span><\/h4>\n<h4 class=\"sub-page-list-1\"><span style=\"color: #679a2b;\"><div class=\"threecol-one\"><a style=\"color: #679a2b;\" href=\"https:\/\/www.mein-tagwerk.de\/tagwerk\/rechnung-online\/\">Rechnung online<\/a><\/div> <div class=\"threecol-one\"><a style=\"color: #679a2b;\" href=\"https:\/\/www.mein-tagwerk.de\/tagwerk\/angebote-kalkulieren\/\">Angebote kalkulieren<\/a><\/div> <div class=\"threecol-one last\"><a style=\"color: #679a2b;\" href=\"https:\/\/www.mein-tagwerk.de\/tagwerk\/umsatzsteuervoranmeldung\/\">Umsatzsteuervoranmeldung<\/a><\/div> <\/span><\/h4>\n<h4 class=\"sub-page-list-1\"><span style=\"color: #679a2b;\"><div class=\"threecol-one\"><a style=\"color: #679a2b;\" href=\"https:\/\/www.mein-tagwerk.de\/tagwerk\/zeiterfassung-online\/\">Zeiterfassung<\/a><\/div> <div class=\"threecol-one\"><a style=\"color: #679a2b;\" href=\"https:\/\/www.mein-tagwerk.de\/tagwerk\/reisekostenabrechnung\/\">Reisekostenabrechnung<\/a><\/div> <div class=\"threecol-one last\"><a style=\"color: #679a2b;\" href=\"https:\/\/www.mein-tagwerk.de\/tagwerk\/belege-erfassen-app\/\">Belege erfassen<\/a><\/div> <\/span><\/h4>\n<p>&nbsp;<\/p>\n<p>&nbsp;<\/p>\n","protected":false},"excerpt":{"rendered":"<p>Belege erfassen. Und online archivieren. &nbsp; &nbsp; Alle Ausgaben und Belege zuverl\u00e4ssig mit der Buchhaltungssoftware von tagwerk erfassen. In Meintagwerk kannst Du Deine Belege digital erfassen. Mit der Web App bequem den eingescannten Bewirtungsbeleg, Hotelrechnung oder Materialrechnung in den g\u00e4ngigen Formaten JPEG, PNG, PDF oder GIF hochladen. Du hast eine Rechnung als PDF erhalten? Auch [&#038;hellip<\/p>\n","protected":false},"author":2,"featured_media":0,"parent":0,"menu_order":0,"comment_status":"closed","ping_status":"closed","template":"template-fullwidth.php","meta":{"footnotes":""},"yoast_head":"<!-- This site is optimized with the Yoast SEO plugin v20.4 - https:\/\/yoast.com\/wordpress\/plugins\/seo\/ -->\n<title>Belege erfassen per App | Quittungen erfassen | mein tagwerk<\/title>\n<meta name=\"description\" content=\"Belege erfassen. Und online digital archivieren. Alle Ausgaben und Belege zuverl\u00e4ssig mit der Buchhaltungssoftware von mein tagwerk erfassen.\" \/>\n<meta name=\"robots\" content=\"index, follow, max-snippet:-1, max-image-preview:large, max-video-preview:-1\" \/>\n<link rel=\"canonical\" href=\"https:\/\/www.mein-tagwerk.de\/tagwerk\/belege-erfassen-app\/\" \/>\n<meta property=\"og:locale\" content=\"de_DE\" \/>\n<meta property=\"og:type\" content=\"article\" \/>\n<meta property=\"og:title\" content=\"Belege erfassen per App | Quittungen erfassen | mein tagwerk\" \/>\n<meta property=\"og:description\" content=\"Belege erfassen. Und online digital archivieren. Alle Ausgaben und Belege zuverl\u00e4ssig mit der Buchhaltungssoftware von mein tagwerk erfassen.\" \/>\n<meta property=\"og:url\" content=\"https:\/\/www.mein-tagwerk.de\/tagwerk\/belege-erfassen-app\/\" \/>\n<meta property=\"og:site_name\" content=\"meintagwerk\" \/>\n<meta property=\"article:modified_time\" content=\"2022-05-20T14:06:13+00:00\" \/>\n<meta property=\"og:image\" content=\"http:\/\/91.250.96.11\/tagwerk\/wp-content\/uploads\/2016\/06\/Belege-erfassen-Quittungen.png\" \/>\n<meta name=\"twitter:card\" content=\"summary_large_image\" \/>\n<meta name=\"twitter:label1\" content=\"Gesch\u00e4tzte Lesezeit\" \/>\n\t<meta name=\"twitter:data1\" content=\"2\u00a0Minuten\" \/>\n<script type=\"application\/ld+json\" class=\"yoast-schema-graph\">{\"@context\":\"https:\/\/schema.org\",\"@graph\":[{\"@type\":\"WebPage\",\"@id\":\"https:\/\/www.mein-tagwerk.de\/tagwerk\/belege-erfassen-app\/\",\"url\":\"https:\/\/www.mein-tagwerk.de\/tagwerk\/belege-erfassen-app\/\",\"name\":\"Belege erfassen per App | Quittungen erfassen | mein tagwerk\",\"isPartOf\":{\"@id\":\"https:\/\/www.mein-tagwerk.de\/tagwerk\/#website\"},\"datePublished\":\"2021-08-08T11:15:36+00:00\",\"dateModified\":\"2022-05-20T14:06:13+00:00\",\"description\":\"Belege erfassen. Und online digital archivieren. Alle Ausgaben und Belege zuverl\u00e4ssig mit der Buchhaltungssoftware von mein tagwerk erfassen.\",\"breadcrumb\":{\"@id\":\"https:\/\/www.mein-tagwerk.de\/tagwerk\/belege-erfassen-app\/#breadcrumb\"},\"inLanguage\":\"de\",\"potentialAction\":[{\"@type\":\"ReadAction\",\"target\":[\"https:\/\/www.mein-tagwerk.de\/tagwerk\/belege-erfassen-app\/\"]}]},{\"@type\":\"BreadcrumbList\",\"@id\":\"https:\/\/www.mein-tagwerk.de\/tagwerk\/belege-erfassen-app\/#breadcrumb\",\"itemListElement\":[{\"@type\":\"ListItem\",\"position\":1,\"name\":\"Home\",\"item\":\"https:\/\/www.mein-tagwerk.de\/tagwerk\/\"},{\"@type\":\"ListItem\",\"position\":2,\"name\":\"Belege erfassen\"}]},{\"@type\":\"WebSite\",\"@id\":\"https:\/\/www.mein-tagwerk.de\/tagwerk\/#website\",\"url\":\"https:\/\/www.mein-tagwerk.de\/tagwerk\/\",\"name\":\"meintagwerk\",\"description\":\"Online Buchhaltung f\u00fcr Freiberufler, Freelancer und Selbst\u00e4ndige\",\"publisher\":{\"@id\":\"https:\/\/www.mein-tagwerk.de\/tagwerk\/#organization\"},\"potentialAction\":[{\"@type\":\"SearchAction\",\"target\":{\"@type\":\"EntryPoint\",\"urlTemplate\":\"https:\/\/www.mein-tagwerk.de\/tagwerk\/?s={search_term_string}\"},\"query-input\":\"required name=search_term_string\"}],\"inLanguage\":\"de\"},{\"@type\":\"Organization\",\"@id\":\"https:\/\/www.mein-tagwerk.de\/tagwerk\/#organization\",\"name\":\"tagwerk\",\"url\":\"https:\/\/www.mein-tagwerk.de\/tagwerk\/\",\"logo\":{\"@type\":\"ImageObject\",\"inLanguage\":\"de\",\"@id\":\"https:\/\/www.mein-tagwerk.de\/tagwerk\/#\/schema\/logo\/image\/\",\"url\":\"https:\/\/www.mein-tagwerk.de\/tagwerk\/wp-content\/uploads\/2013\/08\/130611_logo-tagwerk-corporate.png\",\"contentUrl\":\"https:\/\/www.mein-tagwerk.de\/tagwerk\/wp-content\/uploads\/2013\/08\/130611_logo-tagwerk-corporate.png\",\"width\":328,\"height\":140,\"caption\":\"tagwerk\"},\"image\":{\"@id\":\"https:\/\/www.mein-tagwerk.de\/tagwerk\/#\/schema\/logo\/image\/\"}}]}<\/script>\n<!-- \/ Yoast SEO plugin. -->","yoast_head_json":{"title":"Belege erfassen per App | Quittungen erfassen | mein tagwerk","description":"Belege erfassen. Und online digital archivieren. Alle Ausgaben und Belege zuverl\u00e4ssig mit der Buchhaltungssoftware von mein tagwerk erfassen.","robots":{"index":"index","follow":"follow","max-snippet":"max-snippet:-1","max-image-preview":"max-image-preview:large","max-video-preview":"max-video-preview:-1"},"canonical":"https:\/\/www.mein-tagwerk.de\/tagwerk\/belege-erfassen-app\/","og_locale":"de_DE","og_type":"article","og_title":"Belege erfassen per App | Quittungen erfassen | mein tagwerk","og_description":"Belege erfassen. Und online digital archivieren. Alle Ausgaben und Belege zuverl\u00e4ssig mit der Buchhaltungssoftware von mein tagwerk erfassen.","og_url":"https:\/\/www.mein-tagwerk.de\/tagwerk\/belege-erfassen-app\/","og_site_name":"meintagwerk","article_modified_time":"2022-05-20T14:06:13+00:00","og_image":[{"url":"http:\/\/91.250.96.11\/tagwerk\/wp-content\/uploads\/2016\/06\/Belege-erfassen-Quittungen.png"}],"twitter_card":"summary_large_image","twitter_misc":{"Gesch\u00e4tzte Lesezeit":"2\u00a0Minuten"},"schema":{"@context":"https:\/\/schema.org","@graph":[{"@type":"WebPage","@id":"https:\/\/www.mein-tagwerk.de\/tagwerk\/belege-erfassen-app\/","url":"https:\/\/www.mein-tagwerk.de\/tagwerk\/belege-erfassen-app\/","name":"Belege erfassen per App | Quittungen erfassen | mein tagwerk","isPartOf":{"@id":"https:\/\/www.mein-tagwerk.de\/tagwerk\/#website"},"datePublished":"2021-08-08T11:15:36+00:00","dateModified":"2022-05-20T14:06:13+00:00","description":"Belege erfassen. Und online digital archivieren. Alle Ausgaben und Belege zuverl\u00e4ssig mit der Buchhaltungssoftware von mein tagwerk erfassen.","breadcrumb":{"@id":"https:\/\/www.mein-tagwerk.de\/tagwerk\/belege-erfassen-app\/#breadcrumb"},"inLanguage":"de","potentialAction":[{"@type":"ReadAction","target":["https:\/\/www.mein-tagwerk.de\/tagwerk\/belege-erfassen-app\/"]}]},{"@type":"BreadcrumbList","@id":"https:\/\/www.mein-tagwerk.de\/tagwerk\/belege-erfassen-app\/#breadcrumb","itemListElement":[{"@type":"ListItem","position":1,"name":"Home","item":"https:\/\/www.mein-tagwerk.de\/tagwerk\/"},{"@type":"ListItem","position":2,"name":"Belege erfassen"}]},{"@type":"WebSite","@id":"https:\/\/www.mein-tagwerk.de\/tagwerk\/#website","url":"https:\/\/www.mein-tagwerk.de\/tagwerk\/","name":"meintagwerk","description":"Online Buchhaltung f\u00fcr Freiberufler, Freelancer und Selbst\u00e4ndige","publisher":{"@id":"https:\/\/www.mein-tagwerk.de\/tagwerk\/#organization"},"potentialAction":[{"@type":"SearchAction","target":{"@type":"EntryPoint","urlTemplate":"https:\/\/www.mein-tagwerk.de\/tagwerk\/?s={search_term_string}"},"query-input":"required name=search_term_string"}],"inLanguage":"de"},{"@type":"Organization","@id":"https:\/\/www.mein-tagwerk.de\/tagwerk\/#organization","name":"tagwerk","url":"https:\/\/www.mein-tagwerk.de\/tagwerk\/","logo":{"@type":"ImageObject","inLanguage":"de","@id":"https:\/\/www.mein-tagwerk.de\/tagwerk\/#\/schema\/logo\/image\/","url":"https:\/\/www.mein-tagwerk.de\/tagwerk\/wp-content\/uploads\/2013\/08\/130611_logo-tagwerk-corporate.png","contentUrl":"https:\/\/www.mein-tagwerk.de\/tagwerk\/wp-content\/uploads\/2013\/08\/130611_logo-tagwerk-corporate.png","width":328,"height":140,"caption":"tagwerk"},"image":{"@id":"https:\/\/www.mein-tagwerk.de\/tagwerk\/#\/schema\/logo\/image\/"}}]}},"_links":{"self":[{"href":"https:\/\/www.mein-tagwerk.de\/tagwerk\/wp-json\/wp\/v2\/pages\/3723"}],"collection":[{"href":"https:\/\/www.mein-tagwerk.de\/tagwerk\/wp-json\/wp\/v2\/pages"}],"about":[{"href":"https:\/\/www.mein-tagwerk.de\/tagwerk\/wp-json\/wp\/v2\/types\/page"}],"author":[{"embeddable":true,"href":"https:\/\/www.mein-tagwerk.de\/tagwerk\/wp-json\/wp\/v2\/users\/2"}],"replies":[{"embeddable":true,"href":"https:\/\/www.mein-tagwerk.de\/tagwerk\/wp-json\/wp\/v2\/comments?post=3723"}],"version-history":[{"count":11,"href":"https:\/\/www.mein-tagwerk.de\/tagwerk\/wp-json\/wp\/v2\/pages\/3723\/revisions"}],"predecessor-version":[{"id":5598,"href":"https:\/\/www.mein-tagwerk.de\/tagwerk\/wp-json\/wp\/v2\/pages\/3723\/revisions\/5598"}],"wp:attachment":[{"href":"https:\/\/www.mein-tagwerk.de\/tagwerk\/wp-json\/wp\/v2\/media?parent=3723"}],"curies":[{"name":"wp","href":"https:\/\/api.w.org\/{rel}","templated":true}]}}